{"id":882,"date":"2013-03-30T06:09:38","date_gmt":"2013-03-30T05:09:38","guid":{"rendered":"http:\/\/www.asahidojo.org\/sito\/?page_id=882"},"modified":"2013-03-30T23:44:15","modified_gmt":"2013-03-30T22:44:15","slug":"le-budo","status":"publish","type":"page","link":"https:\/\/www.asahidojo.org\/sito\/?page_id=882","title":{"rendered":"LE BUDO"},"content":{"rendered":"<p><span style=\"font-size: large;\"><b>BUDO <\/b><\/span><span style=\"font-family: Arial Unicode MS;\"><span style=\"font-size: large;\"><b>\u6b66\u9053 <\/b><\/span><\/span><span style=\"font-size: large;\"><b>la voie martiale<\/b><\/span><\/p>\n<p><b>BU (<\/b><span style=\"font-family: Arial Unicode MS;\"><b>\u6b66<\/b><\/span><b>) <\/b>signifie militaire, martial et <b>DO (<\/b><span style=\"font-family: Arial Unicode MS;\"><b>\u9053<\/b><\/span><b>) <\/b>la voie.<\/p>\n<p style=\"text-align: center;\">\u00a0<a href=\"http:\/\/www.asahidojo.org\/sito\/wp-content\/uploads\/2013\/03\/Budo1.jpg\"><img loading=\"lazy\" decoding=\"async\" class=\"alignnone size-full wp-image-1281\" alt=\"Budo\" src=\"http:\/\/www.asahidojo.org\/sito\/wp-content\/uploads\/2013\/03\/Budo1.jpg\" width=\"176\" height=\"300\" \/><\/a><\/p>\n<p>En particulier <b>BU <\/b><span style=\"font-family: Arial Unicode MS;\"><b>\u6b66<\/b> <\/span>se d\u00e9compose en <span style=\"font-family: Arial Unicode MS;\"><b>\u6b62<\/b> <\/span>(Yameru \u00ab\u00a0arr\u00eater\u00a0\u00bb, mais aussi \u00ab\u00a0pieds\u00a0\u00bb dans ce contexte) et <span style=\"font-family: Arial Unicode MS;\"><b>\u6208<\/b><\/span>, la lance, la hallebarde.<\/p>\n<p>En japonais, \u00abguerre\u00bb se dit <b>SENSO <\/b><b>\u6226\u4e89<\/b><\/p>\n<p style=\"text-align: center;\"><a href=\"http:\/\/www.asahidojo.org\/sito\/wp-content\/uploads\/2013\/03\/satsuma-samurai-during-boshin-war-period1.jpg\"><img loading=\"lazy\" decoding=\"async\" class=\"alignnone size-full wp-image-1283\" alt=\"satsuma-samurai-during-boshin-war-period\" src=\"http:\/\/www.asahidojo.org\/sito\/wp-content\/uploads\/2013\/03\/satsuma-samurai-during-boshin-war-period1.jpg\" width=\"300\" height=\"219\" \/><\/a><\/p>\n<p>L&rsquo;ensemble\u00a0<b>BUDO <\/b><b>\u6b66\u9053<\/b> peut s&rsquo;interp\u00e9trer de plusieurs mani\u00e8res :<\/p>\n<p>&#8211; arr\u00eater les lances (c&rsquo;est-\u00e0-dire la violence et peut signifier l&rsquo;envie de paix) au premier degr\u00e9,<\/p>\n<p>&#8211; prendre les armes et marcher au combat au second degr\u00e9 et signifier la guerre.<\/p>\n<p><span style=\"font-family: Times New Roman,serif;\"><span style=\"font-size: medium;\"><b>DO <\/b><\/span><\/span><span style=\"font-family: Times New Roman,serif;\"><span style=\"font-size: medium;\"><b>\u9053 <\/b><\/span><\/span><span style=\"font-family: Times New Roman,serif;\"><span style=\"font-size: medium;\">est un kanji compos\u00e9 de deux cl\u00e9s. La partie de gauche repr\u00e9sente un carrefour et un pied (notion de marcher) tandis que celle de droite repr\u00e9sente une t\u00eate ou un casque de Samurai .<\/span><\/span><\/p>\n<p><span style=\"font-family: Times New Roman,serif;\"><span style=\"font-size: medium;\">Il s&rsquo;agit donc d&rsquo;une personne r\u00e9fl\u00e9chissant au chemin \u00e0 prendre \u00e0 un croisement ou du chemin qu&rsquo;a d\u00e9cid\u00e9 de prendre quelqu&rsquo;un. <\/span><\/span><\/p>\n<p><span style=\"font-family: Times New Roman,serif;\"><span style=\"font-size: medium;\">L&rsquo;utilisation \u00e9galement du mot <b>MICHI <\/b>pour lire ce kanji confirme bien cette id\u00e9e de voie, de chemin.<\/span><\/span><\/p>\n<p><span style=\"font-family: Times New Roman,serif;\"><span style=\"font-size: medium;\">Aujourd&rsquo;hui la prononciation des kanji se divise en <b>ONYOMI<\/b>, lecture par le son, ou <b>KUNYOMI<\/b> lecture par le sens et c&rsquo;est bien le cas avec <b>DO <\/b>ou <b>MICHI<\/b>.<\/span><\/span><\/p>\n<p style=\"text-align: center;\"><a href=\"http:\/\/www.asahidojo.org\/sito\/wp-content\/uploads\/2013\/03\/thHGF1.jpg\"><img loading=\"lazy\" decoding=\"async\" class=\"alignnone size-full wp-image-1284\" alt=\"thHGF\" src=\"http:\/\/www.asahidojo.org\/sito\/wp-content\/uploads\/2013\/03\/thHGF1.jpg\" width=\"300\" height=\"292\" \/><\/a>\u00a0<strong><i>Bushid\u014d<\/i> \u6b66\u58eb\u9053 <\/strong>\u00ab\u00a0la voie du guerrier\u00a0\u00bb<\/p>\n","protected":false},"excerpt":{"rendered":"<p>BUDO \u6b66\u9053 la voie martiale BU (\u6b66) signifie militaire, martial et DO (\u9053) la voie. \u00a0 En particulier BU \u6b66 se d\u00e9compose en \u6b62 (Yameru \u00ab\u00a0arr\u00eater\u00a0\u00bb, mais aussi \u00ab\u00a0pieds\u00a0\u00bb dans ce contexte) et \u6208, la lance, la hallebarde. En japonais, &hellip; <a href=\"https:\/\/www.asahidojo.org\/sito\/?page_id=882\">Continue reading <span class=\"meta-nav\">&rarr;<\/span><\/a><\/p>\n","protected":false},"author":1,"featured_media":0,"parent":902,"menu_order":0,"comment_status":"open","ping_status":"open","template":"","meta":{"footnotes":""},"class_list":["post-882","page","type-page","status-publish","hentry"],"_links":{"self":[{"href":"https:\/\/www.asahidojo.org\/sito\/index.php?rest_route=\/wp\/v2\/pages\/882","targetHints":{"allow":["GET"]}}],"collection":[{"href":"https:\/\/www.asahidojo.org\/sito\/index.php?rest_route=\/wp\/v2\/pages"}],"about":[{"href":"https:\/\/www.asahidojo.org\/sito\/index.php?rest_route=\/wp\/v2\/types\/page"}],"author":[{"embeddable":true,"href":"https:\/\/www.asahidojo.org\/sito\/index.php?rest_route=\/wp\/v2\/users\/1"}],"replies":[{"embeddable":true,"href":"https:\/\/www.asahidojo.org\/sito\/index.php?rest_route=%2Fwp%2Fv2%2Fcomments&post=882"}],"version-history":[{"count":8,"href":"https:\/\/www.asahidojo.org\/sito\/index.php?rest_route=\/wp\/v2\/pages\/882\/revisions"}],"predecessor-version":[{"id":886,"href":"https:\/\/www.asahidojo.org\/sito\/index.php?rest_route=\/wp\/v2\/pages\/882\/revisions\/886"}],"up":[{"embeddable":true,"href":"https:\/\/www.asahidojo.org\/sito\/index.php?rest_route=\/wp\/v2\/pages\/902"}],"wp:attachment":[{"href":"https:\/\/www.asahidojo.org\/sito\/index.php?rest_route=%2Fwp%2Fv2%2Fmedia&parent=882"}],"curies":[{"name":"wp","href":"https:\/\/api.w.org\/{rel}","templated":true}]}}