{"id":859,"date":"2013-03-29T15:24:31","date_gmt":"2013-03-29T14:24:31","guid":{"rendered":"http:\/\/www.asahidojo.org\/sito\/?page_id=859"},"modified":"2013-04-14T19:38:42","modified_gmt":"2013-04-14T17:38:42","slug":"senpai-kohai","status":"publish","type":"page","link":"https:\/\/www.asahidojo.org\/sito\/?page_id=859","title":{"rendered":"SENPAI \/ KOHAI"},"content":{"rendered":"<p>Dans la culture japonaise, le <b>SENPAI<\/b> <b>(<\/b><span style=\"font-family: Arial Unicode MS;\"><b>\u5148\u8f29<\/b><\/span><b>)<\/b> est l&rsquo;\u00e9l\u00e8ve avanc\u00e9, l&rsquo;ancien du dojo, l&rsquo;a\u00een\u00e9 \u2026. alors que le <b>KOHAI<\/b> <b>(<\/b><span style=\"font-family: Arial Unicode MS;\"><b>\u5f8c\u8f29<\/b><\/span><b>)<\/b> est le jeune \u00e9l\u00e8ve <b>GAKUSEI <\/b><span style=\"font-family: Arial Unicode MS;\"><b>\u5b66\u751f<\/b> <\/span>qui d\u00e9bute, le cadet.<\/p>\n<p style=\"text-align: center;\">\u00a0<a href=\"http:\/\/www.asahidojo.org\/sito\/wp-content\/uploads\/2013\/03\/Senpai11.gif\"><img loading=\"lazy\" decoding=\"async\" class=\"alignnone size-full wp-image-1024\" alt=\"Senpai[1]\" src=\"http:\/\/www.asahidojo.org\/sito\/wp-content\/uploads\/2013\/03\/Senpai11.gif\" width=\"82\" height=\"179\" \/><\/a> Kanji <strong>SENPAI<\/strong><\/p>\n<p>L&rsquo;id\u00e9ogramme qui sert \u00e0 \u00e9crire <b>SEN<\/b><b> <\/b>signifie \u00ab\u00a0avant\u00a0\u00bb, et celui qu&rsquo;on utilise pour le <b>KO<\/b><b> <\/b>veut dire \u00ab\u00a0apr\u00e8s\u00a0\u00bb.<\/p>\n<p>L&rsquo;id\u00e9ogramme <b>HAI<\/b> <span style=\"font-family: Arial Unicode MS;\"><b>\u8f29 <\/b><\/span>signifie \u00abcompagnon\u00bb.<\/p>\n<p>Le<b> SENPAI <\/b>a un r\u00f4le de tuteur aupr\u00e8s du <b>KOHAI <\/b>et de relais de l&rsquo;enseignement de son <b>SENSEI (<\/b><span style=\"font-family: Arial Unicode MS;\"><b>\u5148\u751f<\/b><\/span><b>)<\/b>, son professeur (celui qui \u00e9tait l\u00e0 avant moi, qui est garant du savoir et de l&rsquo;exp\u00e9rience d&rsquo;une technique ou d&rsquo;un savoir-faire).<\/p>\n<p>Son statut lui conf\u00e8re donc des droits et des devoirs dans le dojo.<\/p>\n<p>En retour, le <b>KOHAI<\/b> doit le respect au <b>SENPAI<\/b>. Deux \u00e9l\u00e8ves de m\u00eame anciennet\u00e9, quant \u00e0 eux, sont mutuellement <b>DOHAI<\/b><i>. <\/i>Ce syst\u00e8me hi\u00e9rarchique est profond\u00e9ment ancr\u00e9 dans la soci\u00e9t\u00e9 japonaise.<\/p>\n<p>La notion de <b>SENPAI<\/b><b> <\/b>d\u00e9pend exclusivement de l&rsquo;anciennet\u00e9 de l&rsquo;\u00e9l\u00e8ve dans l&rsquo;art \u2026 Il ne tient compte ni des crit\u00e8res d&rsquo;\u00e2ge ni de grade.<\/p>\n<p style=\"text-align: center;\"><a href=\"http:\/\/www.asahidojo.org\/sito\/wp-content\/uploads\/2013\/03\/lotus-flower-pictures-1-6.jpg\"><img loading=\"lazy\" decoding=\"async\" class=\"alignnone size-medium wp-image-1327\" alt=\"lotus flower pictures 1 (6)\" src=\"http:\/\/www.asahidojo.org\/sito\/wp-content\/uploads\/2013\/03\/lotus-flower-pictures-1-6-300x198.jpg\" width=\"300\" height=\"198\" srcset=\"https:\/\/www.asahidojo.org\/sito\/wp-content\/uploads\/2013\/03\/lotus-flower-pictures-1-6-300x198.jpg 300w, https:\/\/www.asahidojo.org\/sito\/wp-content\/uploads\/2013\/03\/lotus-flower-pictures-1-6.jpg 906w\" sizes=\"auto, (max-width: 300px) 100vw, 300px\" \/><\/a><\/p>\n<p style=\"text-align: center;\">\n","protected":false},"excerpt":{"rendered":"<p>Dans la culture japonaise, le SENPAI (\u5148\u8f29) est l&rsquo;\u00e9l\u00e8ve avanc\u00e9, l&rsquo;ancien du dojo, l&rsquo;a\u00een\u00e9 \u2026. alors que le KOHAI (\u5f8c\u8f29) est le jeune \u00e9l\u00e8ve GAKUSEI \u5b66\u751f qui d\u00e9bute, le cadet. \u00a0 Kanji SENPAI L&rsquo;id\u00e9ogramme qui sert \u00e0 \u00e9crire SEN signifie &hellip; <a href=\"https:\/\/www.asahidojo.org\/sito\/?page_id=859\">Continue reading <span class=\"meta-nav\">&rarr;<\/span><\/a><\/p>\n","protected":false},"author":1,"featured_media":0,"parent":902,"menu_order":0,"comment_status":"open","ping_status":"open","template":"","meta":{"footnotes":""},"class_list":["post-859","page","type-page","status-publish","hentry"],"_links":{"self":[{"href":"https:\/\/www.asahidojo.org\/sito\/index.php?rest_route=\/wp\/v2\/pages\/859","targetHints":{"allow":["GET"]}}],"collection":[{"href":"https:\/\/www.asahidojo.org\/sito\/index.php?rest_route=\/wp\/v2\/pages"}],"about":[{"href":"https:\/\/www.asahidojo.org\/sito\/index.php?rest_route=\/wp\/v2\/types\/page"}],"author":[{"embeddable":true,"href":"https:\/\/www.asahidojo.org\/sito\/index.php?rest_route=\/wp\/v2\/users\/1"}],"replies":[{"embeddable":true,"href":"https:\/\/www.asahidojo.org\/sito\/index.php?rest_route=%2Fwp%2Fv2%2Fcomments&post=859"}],"version-history":[{"count":8,"href":"https:\/\/www.asahidojo.org\/sito\/index.php?rest_route=\/wp\/v2\/pages\/859\/revisions"}],"predecessor-version":[{"id":863,"href":"https:\/\/www.asahidojo.org\/sito\/index.php?rest_route=\/wp\/v2\/pages\/859\/revisions\/863"}],"up":[{"embeddable":true,"href":"https:\/\/www.asahidojo.org\/sito\/index.php?rest_route=\/wp\/v2\/pages\/902"}],"wp:attachment":[{"href":"https:\/\/www.asahidojo.org\/sito\/index.php?rest_route=%2Fwp%2Fv2%2Fmedia&parent=859"}],"curies":[{"name":"wp","href":"https:\/\/api.w.org\/{rel}","templated":true}]}}