{"id":840,"date":"2013-03-28T21:09:49","date_gmt":"2013-03-28T20:09:49","guid":{"rendered":"http:\/\/www.asahidojo.org\/sito\/?page_id=840"},"modified":"2013-04-13T20:44:15","modified_gmt":"2013-04-13T18:44:15","slug":"salut-chinois","status":"publish","type":"page","link":"https:\/\/www.asahidojo.org\/sito\/?page_id=840","title":{"rendered":"LE SALUT CHINOIS"},"content":{"rendered":"<p>On couvre de la main gauche le poing droit, les pouces \u00e9tant tourn\u00e9s vers soi.<\/p>\n<p style=\"text-align: center;\">\u00a0<a href=\"http:\/\/www.asahidojo.org\/sito\/wp-content\/uploads\/2013\/03\/salut_kungfu.gif\"><img loading=\"lazy\" decoding=\"async\" class=\"alignnone size-full wp-image-1318\" alt=\"salut_kungfu\" src=\"http:\/\/www.asahidojo.org\/sito\/wp-content\/uploads\/2013\/03\/salut_kungfu.gif\" width=\"198\" height=\"163\" \/><\/a><\/p>\n<p>En usage autrefois chez les moines chinois pour symboliser l&rsquo;union sacr\u00e9e du <b>YIN<\/b> (traditionnel\u00a0:<b> <\/b><span style=\"font-family: Arial Unicode MS;\"><b>\u9670<\/b><b> <\/b><\/span>simplifi\u00e9\u00a0:<b> <\/b><span style=\"font-family: Arial Unicode MS;\"><b>\u9634<\/b><\/span>)<b> <\/b> et du <b>YANG<\/b> (traditionnel\u00a0:<b> <\/b><span style=\"font-family: Arial Unicode MS;\"><b>\u967d<\/b> <\/span>simplifi\u00e9\u00a0:<b> <\/b><span style=\"font-family: Arial Unicode MS;\"><b>\u9633<\/b><\/span>),<\/p>\n<p style=\"text-align: center;\"><a href=\"http:\/\/www.asahidojo.org\/sito\/wp-content\/uploads\/2013\/03\/YY.jpg\"><img loading=\"lazy\" decoding=\"async\" class=\"alignnone size-medium wp-image-1320\" alt=\"YY\" src=\"http:\/\/www.asahidojo.org\/sito\/wp-content\/uploads\/2013\/03\/YY-300x225.jpg\" width=\"300\" height=\"225\" srcset=\"https:\/\/www.asahidojo.org\/sito\/wp-content\/uploads\/2013\/03\/YY-300x225.jpg 300w, https:\/\/www.asahidojo.org\/sito\/wp-content\/uploads\/2013\/03\/YY-1024x768.jpg 1024w, https:\/\/www.asahidojo.org\/sito\/wp-content\/uploads\/2013\/03\/YY.jpg 1152w\" sizes=\"auto, (max-width: 300px) 100vw, 300px\" \/><\/a><\/p>\n<p>on retrouve ce salut <b>JING LI<\/b> dans la boxe chinoise <b>SHAOLIN KUNG FU <\/b><span style=\"font-family: Arial Unicode MS;\"><b>\u5c11\u6797\u529f\u592b<\/b> <\/span>qui exprime la rencontre de la lune <span style=\"font-family: Arial Unicode MS;\"><b>\u6708<\/b> <\/span>(main gauche ouverte) et du soleil <span style=\"font-family: Arial Unicode MS;\"><b>\u65e5 <\/b><\/span>(main droite poing ferm\u00e9) et qui signifie, associ\u00e9, <b>la<\/b> <b>clart\u00e9 <\/b>(MING).<\/p>\n<p>Il y a aussi une origine historique \u00e0 ce salut. A la fin du 17\u00b0 si\u00e8cle, en Chine, les Mandchous renversent la dynastie Ming et va se cr\u00e9er, alors, un courant de r\u00e9sistance, particuli\u00e8rement dans les \u00e9coles d&rsquo;arts martiaux. Le salut (point\/paume) devient le symbole de la r\u00e9sistance Ming.<\/p>\n<p>La particularit\u00e9 premi\u00e8re du rite de ce salut est donc de redonner de l\u2019ordre au d\u00e9sordre.<\/p>\n<p>Dans les arts martiaux japonais cela signifie aussi <b>la paix HEIWA <\/b><span style=\"font-family: Arial Unicode MS;\"><b>\u5e73\u548c<\/b><b> <\/b> <\/span>(main ouverte) recouvrant <b>la guerre BU <\/b><span style=\"font-family: Arial Unicode MS;\"><b>\u6b66<\/b><b> <\/b><\/span>(le poing). Le fait d&rsquo;enlever la main ouverte et de pr\u00e9senter le poing ferm\u00e9 bien visible correspond donc \u00e0 une d\u00e9claration de guerre.<\/p>\n<p style=\"text-align: center;\"><a href=\"http:\/\/www.asahidojo.org\/sito\/wp-content\/uploads\/2013\/03\/559623_573254116032060_1205502527_n.jpg\"><img loading=\"lazy\" decoding=\"async\" class=\"alignnone size-medium wp-image-2228\" alt=\"559623_573254116032060_1205502527_n\" src=\"http:\/\/www.asahidojo.org\/sito\/wp-content\/uploads\/2013\/03\/559623_573254116032060_1205502527_n-300x187.jpg\" width=\"300\" height=\"187\" srcset=\"https:\/\/www.asahidojo.org\/sito\/wp-content\/uploads\/2013\/03\/559623_573254116032060_1205502527_n-300x187.jpg 300w, https:\/\/www.asahidojo.org\/sito\/wp-content\/uploads\/2013\/03\/559623_573254116032060_1205502527_n.jpg 960w\" sizes=\"auto, (max-width: 300px) 100vw, 300px\" \/><\/a><\/p>\n<p>Du symbole ou de l\u2019image du salut doit id\u00e9alement \u00e9merger tous les principes ainsi que leur interd\u00e9pendance mise en forme par le corps, \u00e9veill\u00e9e par les sensations, structur\u00e9e, hi\u00e9rarchis\u00e9e, organis\u00e9e par l\u2019intellect et manifest\u00e9e par l\u2019esprit.<\/p>\n<p>&nbsp;<\/p>\n","protected":false},"excerpt":{"rendered":"<p>On couvre de la main gauche le poing droit, les pouces \u00e9tant tourn\u00e9s vers soi. \u00a0 En usage autrefois chez les moines chinois pour symboliser l&rsquo;union sacr\u00e9e du YIN (traditionnel\u00a0: \u9670 simplifi\u00e9\u00a0: \u9634) et du YANG (traditionnel\u00a0: \u967d simplifi\u00e9\u00a0: \u9633), &hellip; <a href=\"https:\/\/www.asahidojo.org\/sito\/?page_id=840\">Continue reading <span class=\"meta-nav\">&rarr;<\/span><\/a><\/p>\n","protected":false},"author":1,"featured_media":0,"parent":902,"menu_order":0,"comment_status":"open","ping_status":"open","template":"","meta":{"footnotes":""},"class_list":["post-840","page","type-page","status-publish","hentry"],"_links":{"self":[{"href":"https:\/\/www.asahidojo.org\/sito\/index.php?rest_route=\/wp\/v2\/pages\/840","targetHints":{"allow":["GET"]}}],"collection":[{"href":"https:\/\/www.asahidojo.org\/sito\/index.php?rest_route=\/wp\/v2\/pages"}],"about":[{"href":"https:\/\/www.asahidojo.org\/sito\/index.php?rest_route=\/wp\/v2\/types\/page"}],"author":[{"embeddable":true,"href":"https:\/\/www.asahidojo.org\/sito\/index.php?rest_route=\/wp\/v2\/users\/1"}],"replies":[{"embeddable":true,"href":"https:\/\/www.asahidojo.org\/sito\/index.php?rest_route=%2Fwp%2Fv2%2Fcomments&post=840"}],"version-history":[{"count":6,"href":"https:\/\/www.asahidojo.org\/sito\/index.php?rest_route=\/wp\/v2\/pages\/840\/revisions"}],"predecessor-version":[{"id":2229,"href":"https:\/\/www.asahidojo.org\/sito\/index.php?rest_route=\/wp\/v2\/pages\/840\/revisions\/2229"}],"up":[{"embeddable":true,"href":"https:\/\/www.asahidojo.org\/sito\/index.php?rest_route=\/wp\/v2\/pages\/902"}],"wp:attachment":[{"href":"https:\/\/www.asahidojo.org\/sito\/index.php?rest_route=%2Fwp%2Fv2%2Fmedia&parent=840"}],"curies":[{"name":"wp","href":"https:\/\/api.w.org\/{rel}","templated":true}]}}