{"id":827,"date":"2013-03-28T19:34:51","date_gmt":"2013-03-28T18:34:51","guid":{"rendered":"http:\/\/www.asahidojo.org\/sito\/?page_id=827"},"modified":"2013-04-12T17:52:08","modified_gmt":"2013-04-12T15:52:08","slug":"le-ninja","status":"publish","type":"page","link":"https:\/\/www.asahidojo.org\/sito\/?page_id=827","title":{"rendered":"LE NINJA"},"content":{"rendered":"<p>Un <b>NINJA<\/b> <b>(<\/b><span style=\"font-family: Arial Unicode MS;\"><b>\u5fcd\u8005<\/b><\/span><b>) <\/b>ou <b>SHINOBI (<\/b><span style=\"font-family: Arial Unicode MS;\"><b>\u5fcd\u3073<\/b><\/span><b>) <\/b>\u00e9tait un guerrier-espion dans le Japon m\u00e9di\u00e9val qui pratiquait le<b> NIN JUTSU <\/b>et se mettait \u00e0 disposition des clans ou des familles pour accomplir des basses besognes. Le terme utilis\u00e9 pour d\u00e9signer une femme ninja \u00e9tait <b>KUNOICHI<\/b>.<\/p>\n<p><b>NIN<\/b> <b>(<\/b><span style=\"font-family: Arial Unicode MS;\"><b>\u5fcd<\/b><\/span><b>) <\/b>signifie pers\u00e9v\u00e9rence.<\/p>\n<p style=\"text-align: center;\">\u00a0<a href=\"http:\/\/www.asahidojo.org\/sito\/wp-content\/uploads\/2013\/03\/Ninja1.jpg\"><img loading=\"lazy\" decoding=\"async\" class=\"alignnone size-medium wp-image-1035\" alt=\"Ninja1\" src=\"http:\/\/www.asahidojo.org\/sito\/wp-content\/uploads\/2013\/03\/Ninja1-300x240.jpg\" width=\"300\" height=\"240\" srcset=\"https:\/\/www.asahidojo.org\/sito\/wp-content\/uploads\/2013\/03\/Ninja1-300x240.jpg 300w, https:\/\/www.asahidojo.org\/sito\/wp-content\/uploads\/2013\/03\/Ninja1.jpg 720w\" sizes=\"auto, (max-width: 300px) 100vw, 300px\" \/><\/a>\u00a0 <strong>NINJA<\/strong><\/p>\n<p>Le <b>NINJA <\/b>n&rsquo;\u00e9tait pas non plus soumis au <b>BUSHIDO (<\/b><span style=\"font-family: Arial Unicode MS;\"><b>\u6b66\u58eb\u9053<\/b><\/span><b>) <\/b>code de l&rsquo;honneur du guerrier<i> <\/i><b>BUSHI<\/b>, et pouvait donc, de ce fait, pratiquer des techniques de guerre non-orthodoxes voire peu honorables.<\/p>\n<p>Aux yeux de la population, le <b>NINJA<\/b>, par son activit\u00e9 criminelle et ses m\u00e9thodes employ\u00e9es, faisait partie des classes sociales <b>ETA<\/b> <b>(<\/b><span style=\"font-family: Arial Unicode MS;\"><b>\u7a62\u591a<\/b><\/span><b>)<\/b>, des parias ou <b>HININ<\/b> <b>(<\/b><span style=\"font-family: Arial Unicode MS;\"><b>\u975e\u4eba<\/b><\/span><b>)<\/b> des non-humains.<\/p>\n<p>Le terme moderne de <b>NINPO (<\/b><span style=\"font-family: Arial Unicode MS;\"><b>\u5fcd\u6cd5<\/b><\/span><b>)<\/b>, ou <i><b>shinobu h\u014d<\/b><\/i>, d\u00e9signe \u00e0 pr\u00e9sent la doctrine des <b>NINJA<\/b>, Elle met l&rsquo;accent sur l&rsquo;endurance, la pers\u00e9v\u00e9rance, la capacit\u00e9 d&rsquo;adaptation. Le <b>NINJA<\/b> ne cherche pas \u00e0 montrer son courage, mais plut\u00f4t \u00e0 survivre et \u00e0 mener \u00e0 bien sa mission, sans ressentir de honte ni de col\u00e8re, en conservant son anonymat. On leur accordait des pouvoirs surnaturels et inspiraient la peur d\u00fb \u00e0 toute les l\u00e9gendes auxquelles ils \u00e9taient rattach\u00e9s.<\/p>\n<p style=\"text-align: center;\"><a href=\"http:\/\/www.asahidojo.org\/sito\/wp-content\/uploads\/2013\/03\/Ninjutsu-categorie-logo.jpg\"><img loading=\"lazy\" decoding=\"async\" class=\"alignnone size-medium wp-image-1412\" alt=\"Ninjutsu-categorie-logo\" src=\"http:\/\/www.asahidojo.org\/sito\/wp-content\/uploads\/2013\/03\/Ninjutsu-categorie-logo-240x300.jpg\" width=\"240\" height=\"300\" srcset=\"https:\/\/www.asahidojo.org\/sito\/wp-content\/uploads\/2013\/03\/Ninjutsu-categorie-logo-240x300.jpg 240w, https:\/\/www.asahidojo.org\/sito\/wp-content\/uploads\/2013\/03\/Ninjutsu-categorie-logo.jpg 250w\" sizes=\"auto, (max-width: 240px) 100vw, 240px\" \/><\/a><\/p>\n<p style=\"text-align: left;\">Ils pratiquaient les <strong>MUDRA<\/strong> du <strong>KUJI KIRI <\/strong>ou<strong> KUJI NO IN<\/strong> rituel magique avec incantation vocal et \u00ab\u00a0gymnastique\u00a0\u00bb des doigts, pour invoquer les diff\u00e9rentes divinit\u00e9s et demander leur protection.<\/p>\n<p style=\"text-align: left;\"><a href=\"http:\/\/www.asahidojo.org\/sito\/wp-content\/uploads\/2013\/03\/Kuji-kiri01.png\"><img loading=\"lazy\" decoding=\"async\" class=\"size-medium wp-image-1891 aligncenter\" alt=\"Kuji-kiri01\" src=\"http:\/\/www.asahidojo.org\/sito\/wp-content\/uploads\/2013\/03\/Kuji-kiri01-300x138.png\" width=\"300\" height=\"138\" srcset=\"https:\/\/www.asahidojo.org\/sito\/wp-content\/uploads\/2013\/03\/Kuji-kiri01-300x138.png 300w, https:\/\/www.asahidojo.org\/sito\/wp-content\/uploads\/2013\/03\/Kuji-kiri01.png 555w\" sizes=\"auto, (max-width: 300px) 100vw, 300px\" \/><\/a><\/p>\n<p>Le <b>NIN JUTSU(<\/b><span style=\"font-family: Arial Unicode MS;\"><b>\u5fcd\u8853<\/b><\/span><b>)<\/b>, ou <b>SHINOBI JUTSU<\/b>, d\u00e9signe l&rsquo;ensemble des techniques des NINJA, suivant les principes du <strong>NINPO<\/strong>. Cela comprend des techniques de combat, et notamment l&rsquo;utilisation d\u00e9tourn\u00e9e d&rsquo;armes classiques, le combat \u00e0 mains nues (<i>tai jutsu<\/i>), mais aussi des techniques de camouflage (<i>hens\u014d jutsu<\/i>, <i>doton no jutsu<\/i>), d&rsquo;utilisation d&rsquo;explosifs, de poisons &#8230; Il \u00e9tait un peu le \u00abJames Bond\u00bb du Japon f\u00e9odal, espion, mercenaire et redoutable guerrier.<\/p>\n<p>Le<b> NINJA <\/b>utilisait les <b>SHURIKEN (<\/b><span style=\"font-family: Arial Unicode MS;\"><b>\u624b\u88cf\u5263<\/b><\/span><b>) <\/b>\u2013 arme qui sort de la main \u2013 et qui \u00e9taient des armes traditionnelles japonaises de lancer comme le fameux <b>SHAKEN<\/b> \u00e9toile de jet m\u00e9tallique.<\/p>\n<p style=\"text-align: center;\"><a href=\"http:\/\/www.asahidojo.org\/sito\/wp-content\/uploads\/2013\/03\/64311007_ninja_624nn.gif\"><img loading=\"lazy\" decoding=\"async\" class=\"alignnone size-medium wp-image-1039\" alt=\"_64311007_ninja_624nn\" src=\"http:\/\/www.asahidojo.org\/sito\/wp-content\/uploads\/2013\/03\/64311007_ninja_624nn-300x266.gif\" width=\"300\" height=\"266\" \/><\/a><\/p>\n<p>Son sabre portait le nom de <strong>NINJA TO<\/strong> et avait la garde <strong>TSUBA<\/strong> carr\u00e9e, contrairement au <strong>KATANA<\/strong>.<\/p>\n<p style=\"text-align: center;\"><a href=\"http:\/\/www.asahidojo.org\/sito\/wp-content\/uploads\/2013\/03\/historian-miecz-ninja-n11393b_11.jpg\"><img loading=\"lazy\" decoding=\"async\" class=\"alignnone size-medium wp-image-1042\" alt=\"historian-miecz-ninja-n11393b_1\" src=\"http:\/\/www.asahidojo.org\/sito\/wp-content\/uploads\/2013\/03\/historian-miecz-ninja-n11393b_11-300x238.jpg\" width=\"300\" height=\"238\" srcset=\"https:\/\/www.asahidojo.org\/sito\/wp-content\/uploads\/2013\/03\/historian-miecz-ninja-n11393b_11-300x238.jpg 300w, https:\/\/www.asahidojo.org\/sito\/wp-content\/uploads\/2013\/03\/historian-miecz-ninja-n11393b_11.jpg 500w\" sizes=\"auto, (max-width: 300px) 100vw, 300px\" \/><\/a><strong>NINJA TO<\/strong><\/p>\n<p style=\"text-align: center;\"><a href=\"http:\/\/www.asahidojo.org\/sito\/wp-content\/uploads\/2013\/03\/NarutoKunaiShuriken.jpg\"><img loading=\"lazy\" decoding=\"async\" class=\"alignnone size-medium wp-image-1040\" alt=\"NarutoKunaiShuriken\" src=\"http:\/\/www.asahidojo.org\/sito\/wp-content\/uploads\/2013\/03\/NarutoKunaiShuriken-300x225.jpg\" width=\"300\" height=\"225\" srcset=\"https:\/\/www.asahidojo.org\/sito\/wp-content\/uploads\/2013\/03\/NarutoKunaiShuriken-300x225.jpg 300w, https:\/\/www.asahidojo.org\/sito\/wp-content\/uploads\/2013\/03\/NarutoKunaiShuriken.jpg 800w\" sizes=\"auto, (max-width: 300px) 100vw, 300px\" \/><\/a>\u00a0 <strong>KUNAI &amp; SHAKEN<\/strong><\/p>\n","protected":false},"excerpt":{"rendered":"<p>Un NINJA (\u5fcd\u8005) ou SHINOBI (\u5fcd\u3073) \u00e9tait un guerrier-espion dans le Japon m\u00e9di\u00e9val qui pratiquait le NIN JUTSU et se mettait \u00e0 disposition des clans ou des familles pour accomplir des basses besognes. Le terme utilis\u00e9 pour d\u00e9signer une femme &hellip; <a href=\"https:\/\/www.asahidojo.org\/sito\/?page_id=827\">Continue reading <span class=\"meta-nav\">&rarr;<\/span><\/a><\/p>\n","protected":false},"author":1,"featured_media":0,"parent":902,"menu_order":0,"comment_status":"open","ping_status":"open","template":"","meta":{"footnotes":""},"class_list":["post-827","page","type-page","status-publish","hentry"],"_links":{"self":[{"href":"https:\/\/www.asahidojo.org\/sito\/index.php?rest_route=\/wp\/v2\/pages\/827","targetHints":{"allow":["GET"]}}],"collection":[{"href":"https:\/\/www.asahidojo.org\/sito\/index.php?rest_route=\/wp\/v2\/pages"}],"about":[{"href":"https:\/\/www.asahidojo.org\/sito\/index.php?rest_route=\/wp\/v2\/types\/page"}],"author":[{"embeddable":true,"href":"https:\/\/www.asahidojo.org\/sito\/index.php?rest_route=\/wp\/v2\/users\/1"}],"replies":[{"embeddable":true,"href":"https:\/\/www.asahidojo.org\/sito\/index.php?rest_route=%2Fwp%2Fv2%2Fcomments&post=827"}],"version-history":[{"count":10,"href":"https:\/\/www.asahidojo.org\/sito\/index.php?rest_route=\/wp\/v2\/pages\/827\/revisions"}],"predecessor-version":[{"id":832,"href":"https:\/\/www.asahidojo.org\/sito\/index.php?rest_route=\/wp\/v2\/pages\/827\/revisions\/832"}],"up":[{"embeddable":true,"href":"https:\/\/www.asahidojo.org\/sito\/index.php?rest_route=\/wp\/v2\/pages\/902"}],"wp:attachment":[{"href":"https:\/\/www.asahidojo.org\/sito\/index.php?rest_route=%2Fwp%2Fv2%2Fmedia&parent=827"}],"curies":[{"name":"wp","href":"https:\/\/api.w.org\/{rel}","templated":true}]}}