{"id":821,"date":"2013-03-28T18:12:35","date_gmt":"2013-03-28T17:12:35","guid":{"rendered":"http:\/\/www.asahidojo.org\/sito\/?page_id=821"},"modified":"2013-04-12T17:38:17","modified_gmt":"2013-04-12T15:38:17","slug":"le-ma","status":"publish","type":"page","link":"https:\/\/www.asahidojo.org\/sito\/?page_id=821","title":{"rendered":"LE MA"},"content":{"rendered":"<h3><span style=\"font-family: Times New Roman,serif;\"><span style=\"font-size: medium;\"><span style=\"font-size: large;\">Le <\/span><b><span style=\"font-size: large;\">MA (<\/span><\/b><\/span><\/span><span style=\"font-family: Times New Roman,serif;\"><span style=\"font-size: medium;\"><b><span style=\"font-size: large;\">\u9593<\/span><\/b><\/span><\/span><span style=\"font-family: Times New Roman,serif;\"><span style=\"font-size: medium;\"><b><span style=\"font-size: large;\">)<\/span><\/b><span style=\"font-size: large;\"> signifie l\u2019intervalle, l\u2019espace, la dur\u00e9e, la distance. Non pas celle qui s\u00e9pare, mais celle qui unit. Son kanji symbolise un soleil <\/span><b><strong><span style=\"font-size: large;\">(<\/span><\/strong><\/b><\/span><\/span><span style=\"font-family: Times New Roman,serif;\"><span style=\"font-size: medium;\"><b><strong><span style=\"font-size: large;\">\u65e5<\/span><\/strong><\/b><\/span><\/span><span style=\"font-family: Times New Roman,serif;\"><span style=\"font-size: medium;\"><b><strong><span style=\"font-size: large;\">) <\/span><\/strong><\/b><strong><\/strong><span style=\"font-size: large;\">entour\u00e9 par une porte <\/span><b><strong><span style=\"font-size: large;\">(<\/span><\/strong><\/b><\/span><\/span><span style=\"font-family: Times New Roman,serif;\"><span style=\"font-size: medium;\"><b><strong><span style=\"font-size: large;\">\u9580<\/span><\/strong><\/b><\/span><\/span><span style=\"font-family: Times New Roman,serif;\"><span style=\"font-size: medium;\"><b><strong><span style=\"font-size: large;\">)<\/span><\/strong><\/b><span style=\"font-size: large;\">. <\/span><\/span><\/span><\/h3>\n<p style=\"text-align: center;\"><a href=\"http:\/\/www.asahidojo.org\/sito\/wp-content\/uploads\/2013\/03\/pont-bassin-morikami-japanese-garden-design-87_xm.jpg\"><img loading=\"lazy\" decoding=\"async\" class=\"alignnone size-medium wp-image-1410\" alt=\"pont-bassin-morikami-japanese-garden-design-87_xm\" src=\"http:\/\/www.asahidojo.org\/sito\/wp-content\/uploads\/2013\/03\/pont-bassin-morikami-japanese-garden-design-87_xm-300x224.jpg\" width=\"300\" height=\"224\" srcset=\"https:\/\/www.asahidojo.org\/sito\/wp-content\/uploads\/2013\/03\/pont-bassin-morikami-japanese-garden-design-87_xm-300x224.jpg 300w, https:\/\/www.asahidojo.org\/sito\/wp-content\/uploads\/2013\/03\/pont-bassin-morikami-japanese-garden-design-87_xm.jpg 520w\" sizes=\"auto, (max-width: 300px) 100vw, 300px\" \/><\/a><\/p>\n<h3><span style=\"font-family: Times New Roman,serif;\"><span style=\"font-size: large;\">Le <\/span><\/span><span style=\"font-family: Times New Roman,serif;\"><span style=\"font-size: large;\"><b>MAAI <\/b><\/span><\/span><strong><span style=\"font-family: Times New Roman,serif;\"><span style=\"font-size: large;\"><b>(<\/b><\/span><\/span><span style=\"font-family: Arial Unicode MS;\"><span style=\"font-family: Times New Roman,serif;\"><span style=\"font-size: large;\"><b>\u9593\u5408\u3044<\/b><\/span><\/span><\/span><\/strong><strong><span style=\"font-family: Times New Roman,serif;\"><span style=\"font-size: large;\"><b>) <\/b><\/span><\/span><\/strong><strong><\/strong><span style=\"font-family: Times New Roman,serif;\"><span style=\"font-size: large;\">\u00abunion de la distance\u00bb est tr\u00e8s pr\u00e9sent dans les arts martiaux o\u00f9 il d\u00e9signe l&rsquo;espace entre deux adversaires qui d\u00e9termine le protocole du salut et de l\u2019engagement du combat.<\/span><\/span><\/h3>\n<p style=\"text-align: center;\"><a href=\"http:\/\/www.asahidojo.org\/sito\/wp-content\/uploads\/2013\/03\/DSC_0033.jpg\"><img loading=\"lazy\" decoding=\"async\" class=\"alignnone size-medium wp-image-1016\" alt=\"DSC_0033\" src=\"http:\/\/www.asahidojo.org\/sito\/wp-content\/uploads\/2013\/03\/DSC_0033-274x300.jpg\" width=\"274\" height=\"300\" srcset=\"https:\/\/www.asahidojo.org\/sito\/wp-content\/uploads\/2013\/03\/DSC_0033-274x300.jpg 274w, https:\/\/www.asahidojo.org\/sito\/wp-content\/uploads\/2013\/03\/DSC_0033-936x1024.jpg 936w, https:\/\/www.asahidojo.org\/sito\/wp-content\/uploads\/2013\/03\/DSC_0033.jpg 1346w\" sizes=\"auto, (max-width: 274px) 100vw, 274px\" \/><\/a><\/p>\n<h3><span style=\"font-family: Times New Roman,serif;\"><span style=\"font-size: large;\">Le Kanji <\/span><\/span><span style=\"font-family: Arial Unicode MS;\"><strong><span style=\"font-family: Times New Roman,serif;\"><span style=\"font-size: large;\"><b>\u5408 <\/b><\/span><\/span><\/strong><\/span><span style=\"font-family: Times New Roman,serif;\"><span style=\"font-size: large;\">pour <\/span><\/span><span style=\"font-family: Times New Roman,serif;\"><span style=\"font-size: large;\"><b>\u00ab\u00a0AI\u00a0\u00bb <\/b><\/span><\/span><span style=\"font-family: Times New Roman,serif;\"><span style=\"font-size: large;\">repr\u00e9sente un pot avec un couvercle dessus et symbolise deux choses qui s&rsquo;accordent ensemble avec harmonie qu&rsquo;on appelle Union. <\/span><\/span><\/h3>\n<p><span style=\"font-family: Times New Roman,serif;\"><span style=\"font-size: large;\">Il existe le<\/span> <span style=\"font-size: large;\"><b>MA AI \u00abm\u00e9trique\u00bb<\/b><\/span> <span style=\"font-size: large;\">qui s\u00e9pare deux personnes par une distance visuelle, mesurable (proche,loin &#8230;), le <\/span><span style=\"font-size: large;\"><b>MA AI \u00abtemporel\u00bb<\/b><\/span> <span style=\"font-size: large;\">qui s\u00e9pare deux personnes par une dur\u00e9e de temps non li\u00e9e \u00e0 la distance m\u00e9trique mais \u00e0 la vitesse, et enfin un <\/span><span style=\"font-size: large;\"><b>MA AI \u00abpsychologique\u00bb<\/b><\/span> <span style=\"font-size: large;\">qui d\u00e9termine une distance en fonction de ses \u00e9motions et de ses sentiments.<\/span><\/span><\/p>\n<p><span style=\"font-family: Times New Roman,serif;\"><span style=\"font-size: large;\">On distingue en BUDO trois sorte de MA :<\/span><\/span><\/p>\n<p><span style=\"font-family: Times New Roman,serif;\"><span style=\"font-size: large;\"><b>&#8211; CHIKA MA<\/b> : courte distance, rapproch\u00e9e, en corps \u00e0 corps<\/span><\/span><\/p>\n<p><span style=\"font-family: Times New Roman,serif;\"><span style=\"font-size: large;\"><b>&#8211; MA<\/b> : distance normale, interm\u00e9diaire (1 \u00e0 2 m\u00e8tres)<\/span><\/span><\/p>\n<p><span style=\"font-family: Times New Roman,serif;\"><span style=\"font-size: large;\"><b>&#8211; TO MA<\/b><\/span><\/span><span style=\"font-family: Times New Roman,serif;\"><span style=\"font-size: large;\">: grande distance (distance du sabre <\/span><\/span><span style=\"font-family: Times New Roman,serif;\"><span style=\"font-size: large;\"><b>TO <\/b><\/span><\/span><span style=\"font-family: Arial Unicode MS;\"><span style=\"font-family: Times New Roman,serif;\"><b>\u5200<\/b><\/span><\/span><span style=\"font-family: Times New Roman,serif;\">)<\/span><\/p>\n<p style=\"text-align: center;\">\u00a0<a href=\"http:\/\/www.asahidojo.org\/sito\/wp-content\/uploads\/2013\/03\/DSC_0115.jpg\"><img loading=\"lazy\" decoding=\"async\" class=\"alignnone size-medium wp-image-1015\" alt=\"DSC_0115\" src=\"http:\/\/www.asahidojo.org\/sito\/wp-content\/uploads\/2013\/03\/DSC_0115-300x232.jpg\" width=\"300\" height=\"232\" srcset=\"https:\/\/www.asahidojo.org\/sito\/wp-content\/uploads\/2013\/03\/DSC_0115-300x232.jpg 300w, https:\/\/www.asahidojo.org\/sito\/wp-content\/uploads\/2013\/03\/DSC_0115-1024x793.jpg 1024w, https:\/\/www.asahidojo.org\/sito\/wp-content\/uploads\/2013\/03\/DSC_0115.jpg 1288w\" sizes=\"auto, (max-width: 300px) 100vw, 300px\" \/><\/a><\/p>\n<p><span style=\"font-family: Times New Roman,serif;\"><span style=\"font-size: large;\">Le mot \u00abdistance, intervalle\u00bb en japonais se traduit n\u00e9anmoins dans le language quotidien par <\/span><span style=\"font-size: large;\"><b>KYORI (<\/b><\/span><\/span><span style=\"font-family: Times New Roman,serif;\"><span style=\"font-size: large;\"><b>\u8ddd\u96e2<\/b><\/span><\/span><span style=\"font-family: Times New Roman,serif;\"><span style=\"font-size: large;\"><b>)<\/b><\/span><span style=\"font-size: large;\">.<\/span><\/span><\/p>\n<p style=\"text-align: left;\" align=\"CENTER\"><span style=\"font-family: Times New Roman,serif;\"><span style=\"font-size: medium;\">\u00a0<\/span><\/span><\/p>\n<p>&nbsp;<\/p>\n<p>&nbsp;<\/p>\n<p>&nbsp;<\/p>\n","protected":false},"excerpt":{"rendered":"<p>Le MA (\u9593) signifie l\u2019intervalle, l\u2019espace, la dur\u00e9e, la distance. Non pas celle qui s\u00e9pare, mais celle qui unit. Son kanji symbolise un soleil (\u65e5) entour\u00e9 par une porte (\u9580). Le MAAI (\u9593\u5408\u3044) \u00abunion de la distance\u00bb est tr\u00e8s pr\u00e9sent &hellip; <a href=\"https:\/\/www.asahidojo.org\/sito\/?page_id=821\">Continue reading <span class=\"meta-nav\">&rarr;<\/span><\/a><\/p>\n","protected":false},"author":1,"featured_media":0,"parent":902,"menu_order":0,"comment_status":"open","ping_status":"open","template":"","meta":{"footnotes":""},"class_list":["post-821","page","type-page","status-publish","hentry"],"_links":{"self":[{"href":"https:\/\/www.asahidojo.org\/sito\/index.php?rest_route=\/wp\/v2\/pages\/821","targetHints":{"allow":["GET"]}}],"collection":[{"href":"https:\/\/www.asahidojo.org\/sito\/index.php?rest_route=\/wp\/v2\/pages"}],"about":[{"href":"https:\/\/www.asahidojo.org\/sito\/index.php?rest_route=\/wp\/v2\/types\/page"}],"author":[{"embeddable":true,"href":"https:\/\/www.asahidojo.org\/sito\/index.php?rest_route=\/wp\/v2\/users\/1"}],"replies":[{"embeddable":true,"href":"https:\/\/www.asahidojo.org\/sito\/index.php?rest_route=%2Fwp%2Fv2%2Fcomments&post=821"}],"version-history":[{"count":14,"href":"https:\/\/www.asahidojo.org\/sito\/index.php?rest_route=\/wp\/v2\/pages\/821\/revisions"}],"predecessor-version":[{"id":2200,"href":"https:\/\/www.asahidojo.org\/sito\/index.php?rest_route=\/wp\/v2\/pages\/821\/revisions\/2200"}],"up":[{"embeddable":true,"href":"https:\/\/www.asahidojo.org\/sito\/index.php?rest_route=\/wp\/v2\/pages\/902"}],"wp:attachment":[{"href":"https:\/\/www.asahidojo.org\/sito\/index.php?rest_route=%2Fwp%2Fv2%2Fmedia&parent=821"}],"curies":[{"name":"wp","href":"https:\/\/api.w.org\/{rel}","templated":true}]}}