{"id":813,"date":"2013-03-28T17:54:26","date_gmt":"2013-03-28T16:54:26","guid":{"rendered":"http:\/\/www.asahidojo.org\/sito\/?page_id=813"},"modified":"2013-04-26T20:33:26","modified_gmt":"2013-04-26T18:33:26","slug":"le-kata","status":"publish","type":"page","link":"https:\/\/www.asahidojo.org\/sito\/?page_id=813","title":{"rendered":"LE KATA"},"content":{"rendered":"<p><b>KATA <span style=\"color: #000000;\">(<span style=\"color: #000000;\"><b>\u578b<\/b><\/span><\/span><\/b><span style=\"color: #000000;\"><strong><span style=\"color: #000000;\">) <\/span><\/strong><\/span>est un terme japonais d\u00e9signant \u00abune forme\u00bb dans les arts martiaux japonais.<\/p>\n<p><a href=\"http:\/\/www.asahidojo.org\/sito\/wp-content\/uploads\/2013\/03\/DSC_00081.jpg\"><img loading=\"lazy\" decoding=\"async\" class=\"size-full wp-image-1296 alignleft\" alt=\"DSC_0008\" src=\"http:\/\/www.asahidojo.org\/sito\/wp-content\/uploads\/2013\/03\/DSC_00081.jpg\" width=\"170\" height=\"300\" \/><\/a>Le mot <b>KATA<\/b> a trois sens principaux en japonais. \u00c0 chaque sens correspond un Kanji pouvant \u00eatre employ\u00e9 pour \u00e9crire ce mot\u00a0:<\/p>\n<ul>\n<li>Fa\u00e7on\u00a0: <span style=\"font-family: Arial Unicode MS;\"><span style=\"color: #000000;\"><b>\u65b9<\/b><\/span><\/span>Ce caract\u00e8re a les sens de \u00ab\u00a0mani\u00e8re\u00a0\u00bb, \u00ab\u00a0orientation\u00a0\u00bb, \u00ab\u00a0direction\u00a0\u00bb. Il peut aussi signifier \u00ab\u00a0personne\u00a0\u00bb en style soutenu (<i>kata<\/i> est plus poli que <i>hito<\/i>)<\/li>\n<li>Forme\u00a0:<b> <\/b><span style=\"font-family: Arial Unicode MS;\"><span style=\"color: #000000;\"><b>\u5f62<\/b><\/span><\/span>\u00e9tymologiquement \u00ab<i>tracer avec le pinceau une ressemblance exacte<\/i>\u00bb<\/li>\n<li>Moule\u00a0: <span style=\"font-family: Arial Unicode MS;\"><span style=\"color: #000000;\"><b>\u578b<\/b><\/span><\/span>\u00e9tymologiquement \u00ab<i>forme originale faite en terre<\/i>\u00bb, moule. Cet id\u00e9ogramme a \u00e9galement le sens de <i>trace laiss\u00e9e<\/i>, <i>forme id\u00e9ale<\/i>, <i>loi<\/i>, <i>habitude<\/i>.<\/li>\n<\/ul>\n<p>Dans ses deux derni\u00e8res graphies, le mot <b>KATA<\/b> \u00e9voque donc \u00e0 la fois l\u2019image d\u2019une forme id\u00e9ale \u00e0 reproduire ainsi que la fixation et la transmission de connaissances ayant pour base une gestuelle codifi\u00e9e.<\/p>\n<p style=\"text-align: center;\"><a href=\"http:\/\/www.asahidojo.org\/sito\/wp-content\/uploads\/2013\/03\/katalogo.gif\"><img loading=\"lazy\" decoding=\"async\" class=\"alignnone size-full wp-image-2171\" alt=\"katalogo\" src=\"http:\/\/www.asahidojo.org\/sito\/wp-content\/uploads\/2013\/03\/katalogo.gif\" width=\"150\" height=\"150\" \/><\/a><strong>KATA<\/strong><\/p>\n<p>Remarque : il existe aussi deux autres caract\u00e8res dont la prononciation japonaise est <b>KATA<\/b><i> m<\/i>ais ceux-ci n&rsquo;ont pas directement rapport avec les sinogrammes cit\u00e9s plus haut.<\/p>\n<p style=\"text-align: center;\">Il s&rsquo;agit de <span style=\"font-family: Arial Unicode MS;\"><b>\u80a9 <\/b><\/span>(\u00e9paule) et <span style=\"font-family: Arial Unicode MS;\"><b>\u6f5f<\/b> <\/span>(lagune, bras de mer).<\/p>\n<p>Il existe diff\u00e9rents types de <b>KATA <\/b>:<\/p>\n<p>&#8211; KATA de base (<i>KIHON NO KATA<\/i>), pr\u00e9parant aux v\u00e9ritables KATA du style. C&rsquo;est donc un combat r\u00e9el contre des adversaires imaginaires, destin\u00e9 \u00e0 travailler l&rsquo;\u00e9quilibre<strong> BARANSU<\/strong>, la distance <strong>MA AI<\/strong>, la concentration <strong>ZANSHIN<\/strong>, le rythme <strong>HYOSHI <\/strong>et l&rsquo;esprit de d\u00e9cision<strong> KIME.<\/strong><\/p>\n<p>&#8211; KATA de combat (<i>KATA KUMITE\u00a0 <\/i><span style=\"font-family: Arial Unicode MS;\"><span style=\"color: #000000;\"><b>\u578b <\/b><\/span><span style=\"color: #000000;\"><b>\u7d44\u624b<\/b><\/span><\/span>), qui a pour objectif l&rsquo;apprentissage et le travail de la technique avec un partenaire pour pouvoir ensuite l&rsquo;utiliser en combat.<\/p>\n<p style=\"text-align: left;\">Le Kanji <b>KUMI (<\/b><span style=\"font-family: Arial Unicode MS;\"><b>\u7d44<\/b><\/span><b>) <\/b>signifie \u00abgroupe\u00bb et le Kanji <span style=\"color: #000000;\"><b>TE (<\/b><\/span><span style=\"font-family: Arial Unicode MS;\"><span style=\"color: #000000;\"><b>\u624b<\/b><\/span><\/span><span style=\"color: #000000;\"><b>)<\/b><\/span> d\u00e9signe la main, ce qui implique le fait de travailler \u00e0 deux et non pas de mani\u00e8re isol\u00e9e.<\/p>\n<p>&#8211; KATA respiratoires (<i>KATSU NO KATA<\/i>), qui mettent en avant le travail sur la respiration et qui se font souvent torse nu. Ils ont pour but de \u00abfaire circuler les \u00e9nergies\u00bb.<\/p>\n<p>Le <strong>EMBUSEN<\/strong> repr\u00e9sente le dessin du <strong>KATA<\/strong>, le trac\u00e9 \u00e0 suivre rigoureusement au sol.<\/p>\n<p>L&rsquo;\u00e9tude du <strong>KATA KUMITE<\/strong> ne se fait jamais sans le <b>BUNKA<\/b><b>I <\/b><strong>(<span style=\"color: #000000;\"><span style=\"color: #000000;\">\u5206<\/span><\/span><span style=\"color: #000000;\"><span style=\"color: #000000;\">\u89e3<\/span><\/span>) <\/strong>qui est un terme japonais signifiant \u00ab\u00a0analyser, d\u00e9composer, d\u00e9cortiquer\u00a0\u00bb.<\/p>\n<p>Le but du <b>KATA<\/b> est double, qu&rsquo;il soit ex\u00e9cut\u00e9 seul ou avec un partenaire :<\/p>\n<h4><span style=\"color: #333333;\"><span style=\"font-family: Times New Roman,serif;\"><span style=\"font-size: medium;\"><b>. D&rsquo;une part faire travailler des gestes, postures (DACHI, KUTSU &#8230;)\u2026 dans des situations donn\u00e9es, afin d&rsquo;avoir un apprentissage \u00abau calme\u00bb plus appliqu\u00e9 que lors d&rsquo;un combat.<\/b><\/span><\/span><\/span><\/h4>\n<h4><span style=\"color: #333333;\"><span style=\"font-family: Times New Roman,serif;\"><span style=\"font-size: medium;\"><b>. D&rsquo;autre part de faire d\u00e9couvrir des principes fondamentaux des arts martiaux, comme la gestion des distances MA AI (<\/b><\/span><\/span><span style=\"font-family: Times New Roman,serif;\"><span style=\"font-size: medium;\"><b>\u9593\u5408\u3044<\/b><\/span><\/span><span style=\"font-family: Times New Roman,serif;\"><span style=\"font-size: medium;\"><b>), l&rsquo;attitude et la gestion de l&rsquo;\u00e9quilibre, l&rsquo;attitude juste SHISEI (<\/b><\/span><\/span><span style=\"font-family: Times New Roman,serif;\"><span style=\"font-size: medium;\"><b>\u59ff\u52e2<\/b><\/span><\/span><span style=\"font-family: Times New Roman,serif;\"><span style=\"font-size: medium;\"><b>), la coordination des mouvements\u2026<\/b><\/span><\/span><\/span><\/h4>\n<p>&nbsp;<\/p>\n<ul>\n<li><a href=\"http:\/\/www.asahidojo.org\/sito\/wp-content\/uploads\/2013\/04\/DSC_0018.jpg\"><img loading=\"lazy\" decoding=\"async\" class=\"alignnone size-medium wp-image-1611\" alt=\"DSC_0018\" src=\"http:\/\/www.asahidojo.org\/sito\/wp-content\/uploads\/2013\/04\/DSC_0018-300x284.jpg\" width=\"300\" height=\"284\" srcset=\"https:\/\/www.asahidojo.org\/sito\/wp-content\/uploads\/2013\/04\/DSC_0018-300x284.jpg 300w, https:\/\/www.asahidojo.org\/sito\/wp-content\/uploads\/2013\/04\/DSC_0018-1024x969.jpg 1024w, https:\/\/www.asahidojo.org\/sito\/wp-content\/uploads\/2013\/04\/DSC_0018.jpg 1317w\" sizes=\"auto, (max-width: 300px) 100vw, 300px\" \/><\/a><strong>\u00a0\u00a0 KATA KUMITE<\/strong><\/li>\n<\/ul>\n<p><a href=\"http:\/\/www.asahidojo.org\/sito\/wp-content\/uploads\/2013\/03\/DSC_00022.jpg\"><img loading=\"lazy\" decoding=\"async\" class=\"alignnone size-full wp-image-1295\" alt=\"DSC_0002\" src=\"http:\/\/www.asahidojo.org\/sito\/wp-content\/uploads\/2013\/03\/DSC_00022.jpg\" width=\"192\" height=\"362\" \/><\/a>\u00a0\u00a0 <strong>KATA<\/strong><\/p>\n","protected":false},"excerpt":{"rendered":"<p>KATA (\u578b) est un terme japonais d\u00e9signant \u00abune forme\u00bb dans les arts martiaux japonais. Le mot KATA a trois sens principaux en japonais. \u00c0 chaque sens correspond un Kanji pouvant \u00eatre employ\u00e9 pour \u00e9crire ce mot\u00a0: Fa\u00e7on\u00a0: \u65b9Ce caract\u00e8re a &hellip; <a href=\"https:\/\/www.asahidojo.org\/sito\/?page_id=813\">Continue reading <span class=\"meta-nav\">&rarr;<\/span><\/a><\/p>\n","protected":false},"author":1,"featured_media":0,"parent":902,"menu_order":0,"comment_status":"open","ping_status":"open","template":"","meta":{"footnotes":""},"class_list":["post-813","page","type-page","status-publish","hentry"],"_links":{"self":[{"href":"https:\/\/www.asahidojo.org\/sito\/index.php?rest_route=\/wp\/v2\/pages\/813","targetHints":{"allow":["GET"]}}],"collection":[{"href":"https:\/\/www.asahidojo.org\/sito\/index.php?rest_route=\/wp\/v2\/pages"}],"about":[{"href":"https:\/\/www.asahidojo.org\/sito\/index.php?rest_route=\/wp\/v2\/types\/page"}],"author":[{"embeddable":true,"href":"https:\/\/www.asahidojo.org\/sito\/index.php?rest_route=\/wp\/v2\/users\/1"}],"replies":[{"embeddable":true,"href":"https:\/\/www.asahidojo.org\/sito\/index.php?rest_route=%2Fwp%2Fv2%2Fcomments&post=813"}],"version-history":[{"count":20,"href":"https:\/\/www.asahidojo.org\/sito\/index.php?rest_route=\/wp\/v2\/pages\/813\/revisions"}],"predecessor-version":[{"id":817,"href":"https:\/\/www.asahidojo.org\/sito\/index.php?rest_route=\/wp\/v2\/pages\/813\/revisions\/817"}],"up":[{"embeddable":true,"href":"https:\/\/www.asahidojo.org\/sito\/index.php?rest_route=\/wp\/v2\/pages\/902"}],"wp:attachment":[{"href":"https:\/\/www.asahidojo.org\/sito\/index.php?rest_route=%2Fwp%2Fv2%2Fmedia&parent=813"}],"curies":[{"name":"wp","href":"https:\/\/api.w.org\/{rel}","templated":true}]}}