{"id":805,"date":"2013-03-28T17:41:33","date_gmt":"2013-03-28T16:41:33","guid":{"rendered":"http:\/\/www.asahidojo.org\/sito\/?page_id=805"},"modified":"2013-03-31T04:03:12","modified_gmt":"2013-03-31T03:03:12","slug":"banzai","status":"publish","type":"page","link":"https:\/\/www.asahidojo.org\/sito\/?page_id=805","title":{"rendered":"BANZAI"},"content":{"rendered":"<p><b>BANZAI<\/b> <b>(<\/b><span style=\"font-family: Arial Unicode MS;\"><b>\u4e07\u6b73<\/b><\/span><b>)<\/b>, litt\u00e9ralement \u00ab\u00a0dix mille ans\u00a0\u00bb, soit \u00ab\u00a0longue vie\u00a0\u00bb) est une exclamation japonaise, d&rsquo;origine chinoise, utilis\u00e9e lors de c\u00e9l\u00e9brations, d&rsquo;\u00e9v\u00e9nements heureux, de r\u00e9ceptions pour souhaiter des v\u0153ux de long\u00e9vit\u00e9, de bonheur \u00e0 une tierce personne, \u00e0 une communaut\u00e9.<a href=\"http:\/\/www.asahidojo.org\/sito\/wp-content\/uploads\/2013\/03\/Banzai.png\"><img loading=\"lazy\" decoding=\"async\" class=\"size-medium wp-image-1332 aligncenter\" alt=\"Banzai\" src=\"http:\/\/www.asahidojo.org\/sito\/wp-content\/uploads\/2013\/03\/Banzai-186x300.png\" width=\"186\" height=\"300\" srcset=\"https:\/\/www.asahidojo.org\/sito\/wp-content\/uploads\/2013\/03\/Banzai-186x300.png 186w, https:\/\/www.asahidojo.org\/sito\/wp-content\/uploads\/2013\/03\/Banzai.png 248w\" sizes=\"auto, (max-width: 186px) 100vw, 186px\" \/><\/a>Pendant la seconde guerre mondiale, <b>BANZAI <\/b>servit de \u00ab\u00a0cri de guerre\u00a0\u00bb aux soldats japonais et en particulier aux <b>KAMIKAZE (<\/b><span style=\"font-family: Arial Unicode MS;\"><b>\u795e\u98a8<\/b><\/span><b>) <\/b>de <b>KAMI<\/b> \u00ab\u00a0dieu\u00a0\u00bb et <b>KAZE <\/b>\u00ab\u00a0vent\u00a0\u00bb &#8211; vent divin &#8211;<b> <\/b>, qui le poussaient avant de s&rsquo;\u00e9craser sur les bateaux ennemis, rappelant ainsi leur d\u00e9vouement \u00e0 l&#8217;empereur <b>TENNO (<\/b><span style=\"font-family: Arial Unicode MS;\"><b>\u5929\u7687<\/b><\/span><b>)<\/b><b> &#8211;<\/b> fils c\u00e9leste &#8211;<b> <\/b> <b>HIRO HITO<\/b>.<\/p>\n<p><a href=\"http:\/\/www.asahidojo.org\/sito\/wp-content\/uploads\/2013\/03\/kamikazegroup.jpg\"><img loading=\"lazy\" decoding=\"async\" class=\"alignnone size-medium wp-image-1330\" alt=\"kamikazegroup\" src=\"http:\/\/www.asahidojo.org\/sito\/wp-content\/uploads\/2013\/03\/kamikazegroup-300x206.jpg\" width=\"336\" height=\"230\" srcset=\"https:\/\/www.asahidojo.org\/sito\/wp-content\/uploads\/2013\/03\/kamikazegroup-300x206.jpg 300w, https:\/\/www.asahidojo.org\/sito\/wp-content\/uploads\/2013\/03\/kamikazegroup.jpg 640w\" sizes=\"auto, (max-width: 336px) 100vw, 336px\" \/><\/a>\u00a0\u00a0 <a href=\"http:\/\/www.asahidojo.org\/sito\/wp-content\/uploads\/2013\/03\/kanji_kamikaze.jpg\"><img loading=\"lazy\" decoding=\"async\" class=\"alignnone size-medium wp-image-1331\" alt=\"kanji_kamikaze\" src=\"http:\/\/www.asahidojo.org\/sito\/wp-content\/uploads\/2013\/03\/kanji_kamikaze-190x300.jpg\" width=\"190\" height=\"300\" srcset=\"https:\/\/www.asahidojo.org\/sito\/wp-content\/uploads\/2013\/03\/kanji_kamikaze-190x300.jpg 190w, https:\/\/www.asahidojo.org\/sito\/wp-content\/uploads\/2013\/03\/kanji_kamikaze.jpg 254w\" sizes=\"auto, (max-width: 190px) 100vw, 190px\" \/><\/a><\/p>\n<p>Elle \u00e9tait parfois prononc\u00e9 dans sa forme compl\u00e8te \u00ab\u00a0Tenn\u014d Heika Banzai\u00a0\u00bb <b>(<\/b><span style=\"font-family: Arial Unicode MS;\"><b>\u5929\u7687\u965b\u4e0b\u4e07\u6b73<\/b><\/span><b>!)<\/b>, signifiant litt\u00e9ralement, \u00abLongue vie \u00e0 sa majest\u00e9 l&#8217;empereur\u00bb.<\/p>\n<p>L&#8217;empereur r\u00e9gnant est g\u00e9n\u00e9ralement appel\u00e9 <b>Tenn\u014d Heika<\/b> <b>(<\/b><span style=\"font-family: Arial Unicode MS;\"><b>\u5929\u7687\u965b\u4e0b<\/b><\/span><b>)<\/b> \u00absa majest\u00e9 l&rsquo;Empereur\u00bb ou <b>Kinj\u014d Heika<\/b> <b>(<\/b><span style=\"font-family: Arial Unicode MS;\"><b>\u4eca\u4e0a\u965b\u4e0b<\/b><\/span><b>)<\/b> \u00abmajest\u00e9 pr\u00e9sente\u00bb.<\/p>\n<p>Les empereurs d\u00e9funts sont nomm\u00e9s du nom de leur \u00e8re\u00a0: <b>Sh\u014dwa Tenn\u014d<\/b><b> (<\/b><span style=\"font-family: Arial Unicode MS;\"><b>\u662d\u548c\u5929\u7687<\/b><\/span><b>)<\/b> \u00ab\u00a0empereur Showa\u00a0\u00bb) pour <b>HIRO HITO<\/b> ; apr\u00e8s son d\u00e9c\u00e8s, <b>AKI HITO<\/b>, son fils,<b> <\/b>sera connu comme l&rsquo;\u00abempereur Heisei\u00bb ou <i><b>Heisei Tenn\u014d <\/b><\/i><b>(<\/b><span style=\"font-family: Arial Unicode MS;\"><b>\u5e73\u6210\u5929\u7687<\/b><\/span><b>)<\/b>.<\/p>\n<p><em>\u00a0N.B : Souvent, les SAMURAI du Japon f\u00e9odal poussaient le cri de <b>BUJIN (<\/b><span style=\"font-family: Arial Unicode MS;\"><b>\u6b66\u4eba<\/b><\/span><b>)<\/b><b> <\/b>(homme de guerre)<b> <\/b>lors de leurs attaques sur l&rsquo;ennemi ou <b>TORA TORA<\/b> <b>(<\/b><span style=\"font-family: Arial Unicode MS;\"><b>\u864e<\/b><\/span><b>)<\/b> (tigre tigre).<\/em><\/p>\n<p style=\"text-align: center;\"><a href=\"http:\/\/www.asahidojo.org\/sito\/wp-content\/uploads\/2013\/03\/281k54f1.jpg\"><img loading=\"lazy\" decoding=\"async\" class=\"alignnone size-medium wp-image-1422\" alt=\"281k54f[1]\" src=\"http:\/\/www.asahidojo.org\/sito\/wp-content\/uploads\/2013\/03\/281k54f1-207x300.jpg\" width=\"231\" height=\"334\" srcset=\"https:\/\/www.asahidojo.org\/sito\/wp-content\/uploads\/2013\/03\/281k54f1-207x300.jpg 207w, https:\/\/www.asahidojo.org\/sito\/wp-content\/uploads\/2013\/03\/281k54f1.jpg 484w\" sizes=\"auto, (max-width: 231px) 100vw, 231px\" \/><\/a><\/p>\n","protected":false},"excerpt":{"rendered":"<p>BANZAI (\u4e07\u6b73), litt\u00e9ralement \u00ab\u00a0dix mille ans\u00a0\u00bb, soit \u00ab\u00a0longue vie\u00a0\u00bb) est une exclamation japonaise, d&rsquo;origine chinoise, utilis\u00e9e lors de c\u00e9l\u00e9brations, d&rsquo;\u00e9v\u00e9nements heureux, de r\u00e9ceptions pour souhaiter des v\u0153ux de long\u00e9vit\u00e9, de bonheur \u00e0 une tierce personne, \u00e0 une communaut\u00e9.Pendant la seconde &hellip; <a href=\"https:\/\/www.asahidojo.org\/sito\/?page_id=805\">Continue reading <span class=\"meta-nav\">&rarr;<\/span><\/a><\/p>\n","protected":false},"author":1,"featured_media":0,"parent":950,"menu_order":0,"comment_status":"open","ping_status":"open","template":"","meta":{"footnotes":""},"class_list":["post-805","page","type-page","status-publish","hentry"],"_links":{"self":[{"href":"https:\/\/www.asahidojo.org\/sito\/index.php?rest_route=\/wp\/v2\/pages\/805","targetHints":{"allow":["GET"]}}],"collection":[{"href":"https:\/\/www.asahidojo.org\/sito\/index.php?rest_route=\/wp\/v2\/pages"}],"about":[{"href":"https:\/\/www.asahidojo.org\/sito\/index.php?rest_route=\/wp\/v2\/types\/page"}],"author":[{"embeddable":true,"href":"https:\/\/www.asahidojo.org\/sito\/index.php?rest_route=\/wp\/v2\/users\/1"}],"replies":[{"embeddable":true,"href":"https:\/\/www.asahidojo.org\/sito\/index.php?rest_route=%2Fwp%2Fv2%2Fcomments&post=805"}],"version-history":[{"count":6,"href":"https:\/\/www.asahidojo.org\/sito\/index.php?rest_route=\/wp\/v2\/pages\/805\/revisions"}],"predecessor-version":[{"id":1329,"href":"https:\/\/www.asahidojo.org\/sito\/index.php?rest_route=\/wp\/v2\/pages\/805\/revisions\/1329"}],"up":[{"embeddable":true,"href":"https:\/\/www.asahidojo.org\/sito\/index.php?rest_route=\/wp\/v2\/pages\/950"}],"wp:attachment":[{"href":"https:\/\/www.asahidojo.org\/sito\/index.php?rest_route=%2Fwp%2Fv2%2Fmedia&parent=805"}],"curies":[{"name":"wp","href":"https:\/\/api.w.org\/{rel}","templated":true}]}}