{"id":681,"date":"2013-03-18T23:31:10","date_gmt":"2013-03-18T22:31:10","guid":{"rendered":"http:\/\/www.asahidojo.org\/sito\/?page_id=681"},"modified":"2013-04-26T20:46:26","modified_gmt":"2013-04-26T18:46:26","slug":"samurai","status":"publish","type":"page","link":"https:\/\/www.asahidojo.org\/sito\/?page_id=681","title":{"rendered":"LE SAMURAI"},"content":{"rendered":"<p>&nbsp;<\/p>\n<p style=\"text-align: center;\"><b><a href=\"http:\/\/www.asahidojo.org\/sito\/wp-content\/uploads\/2013\/03\/Armored_Samurai_with_Jin-Haori.jpg\"><img loading=\"lazy\" decoding=\"async\" class=\"alignnone size-medium wp-image-1322\" alt=\"Armored_Samurai_with_Jin-Haori\" src=\"http:\/\/www.asahidojo.org\/sito\/wp-content\/uploads\/2013\/03\/Armored_Samurai_with_Jin-Haori-200x300.jpg\" width=\"200\" height=\"300\" srcset=\"https:\/\/www.asahidojo.org\/sito\/wp-content\/uploads\/2013\/03\/Armored_Samurai_with_Jin-Haori-200x300.jpg 200w, https:\/\/www.asahidojo.org\/sito\/wp-content\/uploads\/2013\/03\/Armored_Samurai_with_Jin-Haori-682x1024.jpg 682w, https:\/\/www.asahidojo.org\/sito\/wp-content\/uploads\/2013\/03\/Armored_Samurai_with_Jin-Haori.jpg 1200w\" sizes=\"auto, (max-width: 200px) 100vw, 200px\" \/><\/a><\/b><\/p>\n<p style=\"text-align: center;\"><b>SAMURAI<\/b> <strong>\u4f8d<\/strong><i> <\/i>est un mot japonais d\u00e9signant un membre de la classe guerri\u00e8re qui a dirig\u00e9 le Japon f\u00e9odal durant pr\u00e8s de 700 ans.<\/p>\n<p style=\"text-align: center;\"><a href=\"http:\/\/www.asahidojo.org\/sito\/wp-content\/uploads\/2013\/03\/samurai.jpg\"><img loading=\"lazy\" decoding=\"async\" class=\"alignnone size-medium wp-image-1323\" alt=\"samurai\" src=\"http:\/\/www.asahidojo.org\/sito\/wp-content\/uploads\/2013\/03\/samurai-300x225.jpg\" width=\"300\" height=\"225\" srcset=\"https:\/\/www.asahidojo.org\/sito\/wp-content\/uploads\/2013\/03\/samurai-300x225.jpg 300w, https:\/\/www.asahidojo.org\/sito\/wp-content\/uploads\/2013\/03\/samurai.jpg 640w\" sizes=\"auto, (max-width: 300px) 100vw, 300px\" \/><\/a><\/p>\n<p>Le terme \u00ab\u00a0<strong>SAMURAI <\/strong>\u00bb, mentionn\u00e9 pour la premi\u00e8re fois dans un texte du X\u00b0 si\u00e8cle, vient du verbe \u00ab\u00a0<i>saburau<\/i>\u00a0\u00bb qui signifie \u00ab\u00a0servir\u00a0\u00bb ou \u00ab\u00a0rester \u00e0 c\u00f4t\u00e9 de\u00a0\u00bb, lorsqu&rsquo;il s&rsquo;agit d&rsquo;une personne importante. Le Samurai est donc un serviteur (au service d&rsquo;un noble, d&rsquo;un diplomate, d&rsquo;un clan\u00a0 &#8230;)<\/p>\n<p><strong>Bushi<i>\u00a0<\/i><strong>(\u6b66\u58eb)<\/strong><\/strong> et <strong>SAMURAI<\/strong> sont souvent confondus mais ils correspondent \u00e0 des p\u00e9riodes et des fonctions diff\u00e9rentes. \u00c0 l&rsquo;origine, <strong>BUSHI<\/strong> (gentilhomme de guerre) est le seul nom pour d\u00e9signer les guerriers japonais. Le <strong>BUSHI <\/strong>se distingue donc du samoura\u00ef par son appartenance \u00e0 la classe sup\u00e9rieure des guerriers.<\/p>\n<p style=\"text-align: center;\"><a href=\"http:\/\/www.asahidojo.org\/sito\/wp-content\/uploads\/2013\/03\/thhty.jpg\"><img loading=\"lazy\" decoding=\"async\" class=\"alignnone size-full wp-image-1325\" alt=\"thhty\" src=\"http:\/\/www.asahidojo.org\/sito\/wp-content\/uploads\/2013\/03\/thhty.jpg\" width=\"193\" height=\"252\" \/><\/a><\/p>\n<p>Un<strong> SAMURAI<\/strong> sans ma\u00eetre, n&rsquo;ayant pas de rattachement \u00e0 un clan ou \u00e0 un <strong>DAIMYO <\/strong>(seigneur f\u00e9odal) \u00e9tait appel\u00e9 un <strong>RONIN (\u6d6a\u4eba)<\/strong> \u00ab\u00a0homme errant\u00a0\u00bb ou \u00ab\u00a0homme-vague\u00a0\u00bb. Un samoura\u00ef qui \u00e9tait un vassal direct du <strong>SHOGUN<\/strong> \u00e9tait appel\u00e9 <strong>HATAMOTO<\/strong>.<\/p>\n<p><strong>DAIMYO (\u5927<strong>\u540d)<\/strong><\/strong> signifie<strong> <\/strong>litt\u00e9ralement \u00ab\u00a0grand nom\u00a0\u00bb. C&rsquo;est un prince ou un grand seigneur de domaines. C&rsquo;est un titre de Kazoku, c&rsquo;est-\u00e0-dire de noblesse japonaise. Les DAIMYO \u00e9taient les plus puissants gouverneurs f\u00e9odaux au Japon, entre le XII<sup>e<\/sup>\u00a0si\u00e8cle et le XIX<sup>e<\/sup>\u00a0si\u00e8cle. Ceux qui avait un revenu moindre \u00e9tait qualifi\u00e9s de <strong>SHOMYO (\u5c0f\u540d) <\/strong>\u00ab\u00a0petit nom\u00a0\u00bb.<\/p>\n<p><strong><\/strong> <b>SHOGUN<\/b> <strong>(\u5c06\u8ecd)<\/strong> signifie \u00ab grand g\u00e9n\u00e9ral\u00a0\u00bb, c&rsquo;est l&rsquo;abr\u00e9viation de <i>se\u012btaish\u014dgun<\/i> (\u5f81\u5937\u5927\u5c06\u8ecd), que l&rsquo;on peut traduire par \u00ab\u00a0grand g\u00e9n\u00e9ral pacificateur des barbares\u00a0\u00bb.<\/p>\n<p><b>HATAMOTO<\/b> <strong>(\u65d7\u672c)<\/strong>, dans le Japon f\u00e9odal, est un garde officiel d&rsquo;un DAIMYO ou d&rsquo;un SHOGUN. Caract\u00e9ris\u00e9s par l&rsquo;utilisation du <b>nodachi<\/b> <strong>( \u91ce\u592a\u5200)<\/strong>\u00a0 long sabre japonais qu&rsquo;on manipule \u00e0 deux mains, le <strong>HATAMOTO<\/strong> \u00e9tait souvent utilis\u00e9 comme une force d&rsquo;\u00e9lite.<\/p>\n<p style=\"text-align: center;\"><a href=\"http:\/\/www.asahidojo.org\/sito\/wp-content\/uploads\/2013\/03\/samurai_before_th...y_silesky-80f366.jpg\"><img loading=\"lazy\" decoding=\"async\" class=\"alignnone size-medium wp-image-1414\" alt=\"samurai_before_th...y_silesky-80f366\" src=\"http:\/\/www.asahidojo.org\/sito\/wp-content\/uploads\/2013\/03\/samurai_before_th...y_silesky-80f366-300x225.jpg\" width=\"338\" height=\"253\" srcset=\"https:\/\/www.asahidojo.org\/sito\/wp-content\/uploads\/2013\/03\/samurai_before_th...y_silesky-80f366-300x225.jpg 300w, https:\/\/www.asahidojo.org\/sito\/wp-content\/uploads\/2013\/03\/samurai_before_th...y_silesky-80f366.jpg 1024w\" sizes=\"auto, (max-width: 338px) 100vw, 338px\" \/><\/a><\/p>\n<p>&nbsp;<\/p>\n","protected":false},"excerpt":{"rendered":"<p>&nbsp; SAMURAI \u4f8d est un mot japonais d\u00e9signant un membre de la classe guerri\u00e8re qui a dirig\u00e9 le Japon f\u00e9odal durant pr\u00e8s de 700 ans. Le terme \u00ab\u00a0SAMURAI \u00bb, mentionn\u00e9 pour la premi\u00e8re fois dans un texte du X\u00b0 si\u00e8cle, &hellip; <a href=\"https:\/\/www.asahidojo.org\/sito\/?page_id=681\">Continue reading <span class=\"meta-nav\">&rarr;<\/span><\/a><\/p>\n","protected":false},"author":1,"featured_media":0,"parent":902,"menu_order":0,"comment_status":"open","ping_status":"open","template":"","meta":{"footnotes":""},"class_list":["post-681","page","type-page","status-publish","hentry"],"_links":{"self":[{"href":"https:\/\/www.asahidojo.org\/sito\/index.php?rest_route=\/wp\/v2\/pages\/681","targetHints":{"allow":["GET"]}}],"collection":[{"href":"https:\/\/www.asahidojo.org\/sito\/index.php?rest_route=\/wp\/v2\/pages"}],"about":[{"href":"https:\/\/www.asahidojo.org\/sito\/index.php?rest_route=\/wp\/v2\/types\/page"}],"author":[{"embeddable":true,"href":"https:\/\/www.asahidojo.org\/sito\/index.php?rest_route=\/wp\/v2\/users\/1"}],"replies":[{"embeddable":true,"href":"https:\/\/www.asahidojo.org\/sito\/index.php?rest_route=%2Fwp%2Fv2%2Fcomments&post=681"}],"version-history":[{"count":10,"href":"https:\/\/www.asahidojo.org\/sito\/index.php?rest_route=\/wp\/v2\/pages\/681\/revisions"}],"predecessor-version":[{"id":2361,"href":"https:\/\/www.asahidojo.org\/sito\/index.php?rest_route=\/wp\/v2\/pages\/681\/revisions\/2361"}],"up":[{"embeddable":true,"href":"https:\/\/www.asahidojo.org\/sito\/index.php?rest_route=\/wp\/v2\/pages\/902"}],"wp:attachment":[{"href":"https:\/\/www.asahidojo.org\/sito\/index.php?rest_route=%2Fwp%2Fv2%2Fmedia&parent=681"}],"curies":[{"name":"wp","href":"https:\/\/api.w.org\/{rel}","templated":true}]}}