{"id":664,"date":"2013-03-18T20:51:49","date_gmt":"2013-03-18T19:51:49","guid":{"rendered":"http:\/\/www.asahidojo.org\/sito\/?page_id=664"},"modified":"2013-05-02T12:45:38","modified_gmt":"2013-05-02T10:45:38","slug":"fuji-yama","status":"publish","type":"page","link":"https:\/\/www.asahidojo.org\/sito\/?page_id=664","title":{"rendered":"FUJI YAMA"},"content":{"rendered":"<p style=\"text-align: left;\"><a href=\"http:\/\/www.asahidojo.org\/sito\/wp-content\/uploads\/2013\/03\/logo.gif\"><img loading=\"lazy\" decoding=\"async\" class=\"size-full wp-image-2396 aligncenter\" alt=\"logo\" src=\"http:\/\/www.asahidojo.org\/sito\/wp-content\/uploads\/2013\/03\/logo.gif\" width=\"237\" height=\"335\" \/><\/a><\/p>\n<p style=\"text-align: left;\"><a href=\"http:\/\/www.asahidojo.org\/sito\/wp-content\/uploads\/2013\/03\/Fuji2-6.jpg\"><img loading=\"lazy\" decoding=\"async\" class=\"aligncenter\" alt=\"Fuji2-6\" src=\"http:\/\/www.asahidojo.org\/sito\/wp-content\/uploads\/2013\/03\/Fuji2-6-300x224.jpg\" width=\"377\" height=\"282\" \/><\/a><\/p>\n<p style=\"text-align: center;\">Le <strong>M<\/strong><b>ont Fuji<\/b> (<strong>\u5bcc\u58eb\u5c71<\/strong>, F<i>uji yama<\/i>)<\/p>\n<p style=\"text-align: center;\">est d\u00e9nomm\u00e9 plus couramment\u00a0 <strong>Fuji San<\/strong> (Monsieur FUJI)<\/p>\n<p style=\"text-align: center;\"><a href=\"http:\/\/www.asahidojo.org\/sito\/wp-content\/uploads\/2013\/03\/FUJI-SAN-31.jpg\"><img loading=\"lazy\" decoding=\"async\" class=\"alignnone size-full wp-image-1347\" alt=\"FUJI-SAN-31\" src=\"http:\/\/www.asahidojo.org\/sito\/wp-content\/uploads\/2013\/03\/FUJI-SAN-31.jpg\" width=\"132\" height=\"221\" \/><\/a><\/p>\n<p>Il a \u00e9t\u00e9 aussi appel\u00e9<strong> Fugaku \u5bcc\u5cb3<\/strong> ou <strong>\u5bcc\u5dbd,<\/strong> lit. <i>montagne Fuji.<\/i><\/p>\n<p><a href=\"http:\/\/www.asahidojo.org\/sito\/wp-content\/uploads\/2013\/03\/mont_fuji.jpg\"><img loading=\"lazy\" decoding=\"async\" class=\"alignnone size-medium wp-image-2398\" alt=\"mont_fuji\" src=\"http:\/\/www.asahidojo.org\/sito\/wp-content\/uploads\/2013\/03\/mont_fuji-300x200.jpg\" width=\"300\" height=\"200\" srcset=\"https:\/\/www.asahidojo.org\/sito\/wp-content\/uploads\/2013\/03\/mont_fuji-300x200.jpg 300w, https:\/\/www.asahidojo.org\/sito\/wp-content\/uploads\/2013\/03\/mont_fuji.jpg 480w\" sizes=\"auto, (max-width: 300px) 100vw, 300px\" \/><\/a> <a href=\"http:\/\/www.asahidojo.org\/sito\/wp-content\/uploads\/2013\/03\/6a00d8341ca86653ef012875a2ae62970c-500wi.jpg\"><img loading=\"lazy\" decoding=\"async\" class=\"size-medium wp-image-2399 alignright\" alt=\"6a00d8341ca86653ef012875a2ae62970c-500wi\" src=\"http:\/\/www.asahidojo.org\/sito\/wp-content\/uploads\/2013\/03\/6a00d8341ca86653ef012875a2ae62970c-500wi-300x200.jpg\" width=\"300\" height=\"200\" srcset=\"https:\/\/www.asahidojo.org\/sito\/wp-content\/uploads\/2013\/03\/6a00d8341ca86653ef012875a2ae62970c-500wi-300x200.jpg 300w, https:\/\/www.asahidojo.org\/sito\/wp-content\/uploads\/2013\/03\/6a00d8341ca86653ef012875a2ae62970c-500wi.jpg 400w\" sizes=\"auto, (max-width: 300px) 100vw, 300px\" \/><\/a><\/p>\n<p>Les kanji pour le Mont Fuji, <strong>\u5bcc<\/strong> et<strong> \u58eb<\/strong>, signifient respectivement <strong>\u00ab\u00a0richesse\u00a0\u00bb<\/strong> ou <strong>\u00ab\u00a0abondance\u00a0\u00bb<\/strong><\/p>\n<p style=\"text-align: center;\"><a href=\"http:\/\/www.asahidojo.org\/sito\/wp-content\/uploads\/2013\/03\/fuji-yama.jpg\"><img loading=\"lazy\" decoding=\"async\" class=\"alignnone size-medium wp-image-1365\" alt=\"fuji-yama\" src=\"http:\/\/www.asahidojo.org\/sito\/wp-content\/uploads\/2013\/03\/fuji-yama-300x208.jpg\" width=\"328\" height=\"228\" srcset=\"https:\/\/www.asahidojo.org\/sito\/wp-content\/uploads\/2013\/03\/fuji-yama-300x208.jpg 300w, https:\/\/www.asahidojo.org\/sito\/wp-content\/uploads\/2013\/03\/fuji-yama.jpg 398w\" sizes=\"auto, (max-width: 328px) 100vw, 328px\" \/><\/a><\/p>\n<p>On le retrouve dans notre logo car il est au Japon un symbole fort.<\/p>\n<p style=\"text-align: center;\"><a href=\"http:\/\/www.asahidojo.org\/sito\/wp-content\/uploads\/2013\/03\/LOGO-2.jpg\"><img loading=\"lazy\" decoding=\"async\" class=\"alignnone size-medium wp-image-898\" alt=\"LOGO (2)\" src=\"http:\/\/www.asahidojo.org\/sito\/wp-content\/uploads\/2013\/03\/LOGO-2-300x300.jpg\" width=\"300\" height=\"300\" srcset=\"https:\/\/www.asahidojo.org\/sito\/wp-content\/uploads\/2013\/03\/LOGO-2-300x300.jpg 300w, https:\/\/www.asahidojo.org\/sito\/wp-content\/uploads\/2013\/03\/LOGO-2-150x150.jpg 150w, https:\/\/www.asahidojo.org\/sito\/wp-content\/uploads\/2013\/03\/LOGO-2-1024x1024.jpg 1024w\" sizes=\"auto, (max-width: 300px) 100vw, 300px\" \/><\/a><\/p>\n<p style=\"text-align: center;\"><a href=\"http:\/\/www.asahidojo.org\/sito\/wp-content\/uploads\/2013\/03\/800px-Welcome_to_the_top_of_Mount_Fuji.jpg\"><img loading=\"lazy\" decoding=\"async\" class=\"alignnone size-medium wp-image-1367\" alt=\"800px-Welcome_to_the_top_of_Mount_Fuji\" src=\"http:\/\/www.asahidojo.org\/sito\/wp-content\/uploads\/2013\/03\/800px-Welcome_to_the_top_of_Mount_Fuji-300x224.jpg\" width=\"300\" height=\"224\" srcset=\"https:\/\/www.asahidojo.org\/sito\/wp-content\/uploads\/2013\/03\/800px-Welcome_to_the_top_of_Mount_Fuji-300x224.jpg 300w, https:\/\/www.asahidojo.org\/sito\/wp-content\/uploads\/2013\/03\/800px-Welcome_to_the_top_of_Mount_Fuji.jpg 800w\" sizes=\"auto, (max-width: 300px) 100vw, 300px\" \/><\/a>\u00a0voil\u00e0 &#8230; vous avez grimp\u00e9 \u00e0 son sommet !!!<\/p>\n<p style=\"text-align: center;\"><a href=\"http:\/\/www.asahidojo.org\/sito\/wp-content\/uploads\/2013\/03\/thLL.jpg\"><img loading=\"lazy\" decoding=\"async\" class=\"alignnone size-full wp-image-1366\" alt=\"thLL\" src=\"http:\/\/www.asahidojo.org\/sito\/wp-content\/uploads\/2013\/03\/thLL.jpg\" width=\"245\" height=\"245\" srcset=\"https:\/\/www.asahidojo.org\/sito\/wp-content\/uploads\/2013\/03\/thLL.jpg 300w, https:\/\/www.asahidojo.org\/sito\/wp-content\/uploads\/2013\/03\/thLL-150x150.jpg 150w\" sizes=\"auto, (max-width: 245px) 100vw, 245px\" \/><\/a><strong>YAMA<\/strong> = Montagne<\/p>\n","protected":false},"excerpt":{"rendered":"<p>Le Mont Fuji (\u5bcc\u58eb\u5c71, Fuji yama) est d\u00e9nomm\u00e9 plus couramment\u00a0 Fuji San (Monsieur FUJI) Il a \u00e9t\u00e9 aussi appel\u00e9 Fugaku \u5bcc\u5cb3 ou \u5bcc\u5dbd, lit. montagne Fuji. Les kanji pour le Mont Fuji, \u5bcc et \u58eb, signifient respectivement \u00ab\u00a0richesse\u00a0\u00bb ou \u00ab\u00a0abondance\u00a0\u00bb &hellip; <a href=\"https:\/\/www.asahidojo.org\/sito\/?page_id=664\">Continue reading <span class=\"meta-nav\">&rarr;<\/span><\/a><\/p>\n","protected":false},"author":1,"featured_media":0,"parent":950,"menu_order":0,"comment_status":"open","ping_status":"open","template":"","meta":{"footnotes":""},"class_list":["post-664","page","type-page","status-publish","hentry"],"_links":{"self":[{"href":"https:\/\/www.asahidojo.org\/sito\/index.php?rest_route=\/wp\/v2\/pages\/664","targetHints":{"allow":["GET"]}}],"collection":[{"href":"https:\/\/www.asahidojo.org\/sito\/index.php?rest_route=\/wp\/v2\/pages"}],"about":[{"href":"https:\/\/www.asahidojo.org\/sito\/index.php?rest_route=\/wp\/v2\/types\/page"}],"author":[{"embeddable":true,"href":"https:\/\/www.asahidojo.org\/sito\/index.php?rest_route=\/wp\/v2\/users\/1"}],"replies":[{"embeddable":true,"href":"https:\/\/www.asahidojo.org\/sito\/index.php?rest_route=%2Fwp%2Fv2%2Fcomments&post=664"}],"version-history":[{"count":11,"href":"https:\/\/www.asahidojo.org\/sito\/index.php?rest_route=\/wp\/v2\/pages\/664\/revisions"}],"predecessor-version":[{"id":671,"href":"https:\/\/www.asahidojo.org\/sito\/index.php?rest_route=\/wp\/v2\/pages\/664\/revisions\/671"}],"up":[{"embeddable":true,"href":"https:\/\/www.asahidojo.org\/sito\/index.php?rest_route=\/wp\/v2\/pages\/950"}],"wp:attachment":[{"href":"https:\/\/www.asahidojo.org\/sito\/index.php?rest_route=%2Fwp%2Fv2%2Fmedia&parent=664"}],"curies":[{"name":"wp","href":"https:\/\/api.w.org\/{rel}","templated":true}]}}