{"id":600,"date":"2013-03-17T18:48:36","date_gmt":"2013-03-17T17:48:36","guid":{"rendered":"http:\/\/www.asahidojo.org\/sito\/?page_id=600"},"modified":"2013-04-12T18:21:16","modified_gmt":"2013-04-12T16:21:16","slug":"600-2","status":"publish","type":"page","link":"https:\/\/www.asahidojo.org\/sito\/?page_id=600","title":{"rendered":"LES CEINTURES"},"content":{"rendered":"<p>&nbsp;<\/p>\n<p style=\"text-align: center;\"><a href=\"http:\/\/www.asahidojo.org\/sito\/wp-content\/uploads\/2013\/03\/lampion-LAM02rougeideogrammeg.gif\"><img loading=\"lazy\" decoding=\"async\" class=\"alignnone size-full wp-image-1256\" alt=\"lampion-LAM02rougeideogrammeg\" src=\"http:\/\/www.asahidojo.org\/sito\/wp-content\/uploads\/2013\/03\/lampion-LAM02rougeideogrammeg.gif\" width=\"300\" height=\"288\" \/><\/a>\u00a0\u00a0 <strong>TATSU \/ RYU<\/strong> (dragon)<\/p>\n<h2 style=\"text-align: center;\"><\/h2>\n<h2 style=\"text-align: center;\"><span style=\"color: #800000;\"><strong>les ceintures OBI \u5e2f<\/strong><\/span><\/h2>\n<p style=\"text-align: center;\"><a href=\"http:\/\/www.asahidojo.org\/sito\/wp-content\/uploads\/2013\/03\/TANI-GAWA-SOKE.jpg\"><img loading=\"lazy\" decoding=\"async\" class=\"alignnone size-full wp-image-1257\" alt=\"TANI-GAWA-SOKE\" src=\"http:\/\/www.asahidojo.org\/sito\/wp-content\/uploads\/2013\/03\/TANI-GAWA-SOKE.jpg\" width=\"142\" height=\"300\" \/><\/a><\/p>\n<h3 style=\"text-align: center;\"><strong>pour les MUDANSHA (porteur de grade KYU)<\/strong><\/h3>\n<p><a href=\"http:\/\/www.asahidojo.org\/sito\/wp-content\/uploads\/2013\/03\/zoom_1256332802.jpg\"><img loading=\"lazy\" decoding=\"async\" class=\"alignnone size-full wp-image-1258\" alt=\"zoom_1256332802\" src=\"http:\/\/www.asahidojo.org\/sito\/wp-content\/uploads\/2013\/03\/zoom_1256332802.jpg\" width=\"105\" height=\"300\" \/><\/a><a href=\"http:\/\/www.asahidojo.org\/sito\/wp-content\/uploads\/2013\/03\/zoom_1256332859.jpg\"><img loading=\"lazy\" decoding=\"async\" class=\"alignnone size-full wp-image-1259\" alt=\"zoom_1256332859\" src=\"http:\/\/www.asahidojo.org\/sito\/wp-content\/uploads\/2013\/03\/zoom_1256332859.jpg\" width=\"110\" height=\"300\" \/><\/a><\/p>\n<h3 style=\"text-align: left;\"><strong>SHIRO\u00a0\u767d OBI :<\/strong> ceinture blanche (du 6\u00b0 Kyu au 2\u00b0 Kyu)<\/h3>\n<h3 style=\"text-align: left;\"><strong>CHAIRO\u00a0\u8336\u8272 OBI :<\/strong> ceinture marron 1\u00b0 Kyu<\/h3>\n<p>Dans la tradition japonaise, les ceintures de couleurs (jaune, orange, verte, bleue et violette en r\u00e9f\u00e9rence \u00e0 l&rsquo;arc-en-ciel) n&rsquo;existent pas et ont \u00e9t\u00e9 introduites en France par <strong>MIKINOSUKE<\/strong> <strong>KAWASHI SENSEI<\/strong> en 1935, pour s&rsquo;adapter \u00e0 l&rsquo;esprit europ\u00e9en qui a besoin de rep\u00e8res de progression.<\/p>\n<h3 style=\"text-align: center;\"><strong>pour les YUDANSHA (porteur de grade DAN)<\/strong><\/h3>\n<p><a href=\"http:\/\/www.asahidojo.org\/sito\/wp-content\/uploads\/2013\/03\/article_1346346856.jpg\"><img loading=\"lazy\" decoding=\"async\" class=\"alignnone size-full wp-image-1254\" alt=\"article_1346346856\" src=\"http:\/\/www.asahidojo.org\/sito\/wp-content\/uploads\/2013\/03\/article_1346346856.jpg\" width=\"94\" height=\"300\" \/><\/a>\u00a0\u00a0\u00a0\u00a0<a href=\"http:\/\/www.asahidojo.org\/sito\/wp-content\/uploads\/2013\/03\/zoom_1259968436.jpg\"><img loading=\"lazy\" decoding=\"async\" class=\"alignnone size-full wp-image-1260\" alt=\"zoom_1259968436\" src=\"http:\/\/www.asahidojo.org\/sito\/wp-content\/uploads\/2013\/03\/zoom_1259968436.jpg\" width=\"102\" height=\"300\" \/><\/a> <a href=\"http:\/\/www.asahidojo.org\/sito\/wp-content\/uploads\/2013\/03\/ceinture-adidas_rouge.jpg\"><img loading=\"lazy\" decoding=\"async\" class=\"alignnone size-full wp-image-1255\" alt=\"ceinture-adidas_rouge\" src=\"http:\/\/www.asahidojo.org\/sito\/wp-content\/uploads\/2013\/03\/ceinture-adidas_rouge.jpg\" width=\"234\" height=\"234\" srcset=\"https:\/\/www.asahidojo.org\/sito\/wp-content\/uploads\/2013\/03\/ceinture-adidas_rouge.jpg 300w, https:\/\/www.asahidojo.org\/sito\/wp-content\/uploads\/2013\/03\/ceinture-adidas_rouge-150x150.jpg 150w\" sizes=\"auto, (max-width: 234px) 100vw, 234px\" \/><\/a><\/p>\n<p>&nbsp;<\/p>\n<h3 style=\"text-align: left;\"><strong>KURO\u00a0\u9ed2 OBI :<\/strong> ceinture noire &#8211; minimum SHODAN<\/h3>\n<p style=\"text-align: center;\"><a href=\"http:\/\/www.asahidojo.org\/sito\/wp-content\/uploads\/2013\/03\/1st_dan_shodan1.gif\"><img loading=\"lazy\" decoding=\"async\" class=\"alignnone size-full wp-image-1251\" alt=\"1st_dan_shodan1\" src=\"http:\/\/www.asahidojo.org\/sito\/wp-content\/uploads\/2013\/03\/1st_dan_shodan1.gif\" width=\"64\" height=\"138\" \/><\/a>\u00a0SHODAN 1\u00b0 Dan<\/p>\n<h3 style=\"text-align: left;\"><strong>SHIMA\u00a0\u4e8c\u8272 OBI :<\/strong> ceinture rouge &amp; blanche &#8211; minimum ROKKUDAN<\/h3>\n<p style=\"text-align: center;\"><a href=\"http:\/\/www.asahidojo.org\/sito\/wp-content\/uploads\/2013\/03\/6th_dan_rokudan1.gif\"><img loading=\"lazy\" decoding=\"async\" class=\"alignnone size-full wp-image-1252\" alt=\"6th_dan_rokudan1\" src=\"http:\/\/www.asahidojo.org\/sito\/wp-content\/uploads\/2013\/03\/6th_dan_rokudan1.gif\" width=\"64\" height=\"138\" \/><\/a>\u00a0ROKKUDAN 6\u00b0 Dan<\/p>\n<h3 style=\"text-align: left;\"><strong>AKA\u00a0\u8d64 OBI :<\/strong> ceinture rouge &#8211; minimum KUDAN<\/h3>\n<p style=\"text-align: center;\"><a href=\"http:\/\/www.asahidojo.org\/sito\/wp-content\/uploads\/2013\/03\/9th_dan_kyudan1.gif\"><img loading=\"lazy\" decoding=\"async\" class=\"alignnone size-full wp-image-1253\" alt=\"9th_dan_kyudan1\" src=\"http:\/\/www.asahidojo.org\/sito\/wp-content\/uploads\/2013\/03\/9th_dan_kyudan1.gif\" width=\"64\" height=\"138\" \/><\/a>\u00a0KUDAN 9\u00b0 Dan<\/p>\n<h3><strong>KODANSHA :<\/strong> porteur de hauts grades DAN &#8211; minimum KUDAN 9\u00b0 Dan.<\/h3>\n<p>En Europe la tradition martiale veut que le pr\u00e9nom de l&rsquo;\u00e9l\u00e8ve soit brod\u00e9\u00a0en <strong>KATAKANA<\/strong> (\u00e9criture sp\u00e9ciale japonaise) sur sa premi\u00e8re ceinture noire lors de sa remise par son <strong>SENSEI<\/strong> lors d&rsquo;une c\u00e9r\u00e9monie bien sp\u00e9cifique.<\/p>\n<p>Peut y figurer \u00e9galement le nom de la discipline martiale pratiqu\u00e9e par le ceinture noire.<\/p>\n<p><a href=\"http:\/\/www.asahidojo.org\/sito\/wp-content\/uploads\/2013\/03\/CeintShureidoShoto.JPG.bmp\"><img loading=\"lazy\" decoding=\"async\" class=\"alignnone size-medium wp-image-2206\" alt=\"CeintShureidoShoto.JPG\" src=\"http:\/\/www.asahidojo.org\/sito\/wp-content\/uploads\/2013\/03\/CeintShureidoShoto.JPG.bmp\" width=\"289\" height=\"209\" \/><\/a> <strong>SHOTOKAN KARATE DO<\/strong><\/p>\n","protected":false},"excerpt":{"rendered":"<p>&nbsp; \u00a0\u00a0 TATSU \/ RYU (dragon) les ceintures OBI \u5e2f pour les MUDANSHA (porteur de grade KYU) SHIRO\u00a0\u767d OBI : ceinture blanche (du 6\u00b0 Kyu au 2\u00b0 Kyu) CHAIRO\u00a0\u8336\u8272 OBI : ceinture marron 1\u00b0 Kyu Dans la tradition japonaise, les &hellip; <a href=\"https:\/\/www.asahidojo.org\/sito\/?page_id=600\">Continue reading <span class=\"meta-nav\">&rarr;<\/span><\/a><\/p>\n","protected":false},"author":1,"featured_media":0,"parent":902,"menu_order":0,"comment_status":"open","ping_status":"open","template":"","meta":{"footnotes":""},"class_list":["post-600","page","type-page","status-publish","hentry"],"_links":{"self":[{"href":"https:\/\/www.asahidojo.org\/sito\/index.php?rest_route=\/wp\/v2\/pages\/600","targetHints":{"allow":["GET"]}}],"collection":[{"href":"https:\/\/www.asahidojo.org\/sito\/index.php?rest_route=\/wp\/v2\/pages"}],"about":[{"href":"https:\/\/www.asahidojo.org\/sito\/index.php?rest_route=\/wp\/v2\/types\/page"}],"author":[{"embeddable":true,"href":"https:\/\/www.asahidojo.org\/sito\/index.php?rest_route=\/wp\/v2\/users\/1"}],"replies":[{"embeddable":true,"href":"https:\/\/www.asahidojo.org\/sito\/index.php?rest_route=%2Fwp%2Fv2%2Fcomments&post=600"}],"version-history":[{"count":22,"href":"https:\/\/www.asahidojo.org\/sito\/index.php?rest_route=\/wp\/v2\/pages\/600\/revisions"}],"predecessor-version":[{"id":608,"href":"https:\/\/www.asahidojo.org\/sito\/index.php?rest_route=\/wp\/v2\/pages\/600\/revisions\/608"}],"up":[{"embeddable":true,"href":"https:\/\/www.asahidojo.org\/sito\/index.php?rest_route=\/wp\/v2\/pages\/902"}],"wp:attachment":[{"href":"https:\/\/www.asahidojo.org\/sito\/index.php?rest_route=%2Fwp%2Fv2%2Fmedia&parent=600"}],"curies":[{"name":"wp","href":"https:\/\/api.w.org\/{rel}","templated":true}]}}