{"id":3529,"date":"2025-11-03T09:29:05","date_gmt":"2025-11-03T08:29:05","guid":{"rendered":"http:\/\/www.asahidojo.org\/sito\/?page_id=3529"},"modified":"2025-11-03T09:43:18","modified_gmt":"2025-11-03T08:43:18","slug":"dai-nihon-daito-ryu-aiki-bu-jutsu-rengokai","status":"publish","type":"page","link":"https:\/\/www.asahidojo.org\/sito\/?page_id=3529","title":{"rendered":"DAI NIHON DAITO RYU AIKI BU JUTSU RENGOKAI"},"content":{"rendered":"\n<p>Divers certificats <strong>Shomei-sho \u65e5\u672c\u306e\u8a3c\u660e\u66f8<\/strong> re\u00e7u de ce prestigieux organisme traditionnel japonais :<\/p>\n\n\n\n<div class=\"wp-block-image\"><figure class=\"aligncenter size-large is-resized\"><a href=\"https:\/\/www.asahidojo.org\/sito\/wp-content\/uploads\/2025\/11\/HANSHI-JAPON-D.N.D.R.A.B.R-2006.jpg\"><img loading=\"lazy\" decoding=\"async\" src=\"https:\/\/www.asahidojo.org\/sito\/wp-content\/uploads\/2025\/11\/HANSHI-JAPON-D.N.D.R.A.B.R-2006.jpg\" alt=\"\" class=\"wp-image-3530\" width=\"250\" height=\"364\" srcset=\"https:\/\/www.asahidojo.org\/sito\/wp-content\/uploads\/2025\/11\/HANSHI-JAPON-D.N.D.R.A.B.R-2006.jpg 451w, https:\/\/www.asahidojo.org\/sito\/wp-content\/uploads\/2025\/11\/HANSHI-JAPON-D.N.D.R.A.B.R-2006-206x300.jpg 206w\" sizes=\"auto, (max-width: 250px) 100vw, 250px\" \/><\/a><figcaption>Titre de <strong>HANSHI<\/strong> re\u00e7u en 2006 du        SO HOMBU DOJO  et sign\u00e9 par SHIMIZU Hozuke Koho Bucho sous l&rsquo;autorit\u00e9 de                                                                 ICHIKAWA Yoshinori Soke.<\/figcaption><\/figure><\/div>\n\n\n\n<div class=\"wp-block-image\"><figure class=\"aligncenter size-large is-resized\"><a href=\"https:\/\/www.asahidojo.org\/sito\/wp-content\/uploads\/2025\/11\/HANSHI-2021-HANMURA-HIDEO-SOKE-Dr-SATO-ISAMU-MEIJIN.jpg\"><img loading=\"lazy\" decoding=\"async\" src=\"https:\/\/www.asahidojo.org\/sito\/wp-content\/uploads\/2025\/11\/HANSHI-2021-HANMURA-HIDEO-SOKE-Dr-SATO-ISAMU-MEIJIN.jpg\" alt=\"\" class=\"wp-image-3531\" width=\"261\" height=\"402\" srcset=\"https:\/\/www.asahidojo.org\/sito\/wp-content\/uploads\/2025\/11\/HANSHI-2021-HANMURA-HIDEO-SOKE-Dr-SATO-ISAMU-MEIJIN.jpg 480w, https:\/\/www.asahidojo.org\/sito\/wp-content\/uploads\/2025\/11\/HANSHI-2021-HANMURA-HIDEO-SOKE-Dr-SATO-ISAMU-MEIJIN-195x300.jpg 195w\" sizes=\"auto, (max-width: 261px) 100vw, 261px\" \/><\/a><figcaption>Titre de<strong> HANSHI<\/strong> re\u00e7u en 2021 sign\u00e9 de HANMURA Ideo Soke                                               et Dr SATO Isamu Meijin.<\/figcaption><\/figure><\/div>\n\n\n\n<div class=\"wp-block-image\"><figure class=\"aligncenter size-large is-resized\"><a href=\"https:\/\/www.asahidojo.org\/sito\/wp-content\/uploads\/2025\/11\/9\u00b0-DAN-AIKI-JUTSU-2025.jpg\"><img loading=\"lazy\" decoding=\"async\" src=\"https:\/\/www.asahidojo.org\/sito\/wp-content\/uploads\/2025\/11\/9\u00b0-DAN-AIKI-JUTSU-2025-670x1024.jpg\" alt=\"\" class=\"wp-image-3534\" width=\"280\" height=\"428\" srcset=\"https:\/\/www.asahidojo.org\/sito\/wp-content\/uploads\/2025\/11\/9\u00b0-DAN-AIKI-JUTSU-2025-670x1024.jpg 670w, https:\/\/www.asahidojo.org\/sito\/wp-content\/uploads\/2025\/11\/9\u00b0-DAN-AIKI-JUTSU-2025-196x300.jpg 196w, https:\/\/www.asahidojo.org\/sito\/wp-content\/uploads\/2025\/11\/9\u00b0-DAN-AIKI-JUTSU-2025-768x1173.jpg 768w, https:\/\/www.asahidojo.org\/sito\/wp-content\/uploads\/2025\/11\/9\u00b0-DAN-AIKI-JUTSU-2025-1005x1536.jpg 1005w, https:\/\/www.asahidojo.org\/sito\/wp-content\/uploads\/2025\/11\/9\u00b0-DAN-AIKI-JUTSU-2025.jpg 1273w\" sizes=\"auto, (max-width: 280px) 100vw, 280px\" \/><\/a><figcaption><strong>9\u00b0 Dan AIKI BU JUTSU<\/strong> (2025) sign\u00e9 par Shimizu HOSUKE Koho Bucho,                            vice-pr\u00e9sident du Conseil ex\u00e9cutif                                          Senmu Rijicho<br>Hanmura HIDEO Soke<br>et Dr Sato ISAMU Meijin Bunke Cho.<\/figcaption><\/figure><\/div>\n\n\n\n<div class=\"wp-block-image\"><figure class=\"aligncenter size-large is-resized\"><a href=\"https:\/\/www.asahidojo.org\/sito\/wp-content\/uploads\/2025\/11\/9-DAN-AIKI-BU-JUTSU-SEPT.-2025-1.png\"><img loading=\"lazy\" decoding=\"async\" src=\"https:\/\/www.asahidojo.org\/sito\/wp-content\/uploads\/2025\/11\/9-DAN-AIKI-BU-JUTSU-SEPT.-2025-1-719x1024.png\" alt=\"\" class=\"wp-image-3544\" width=\"250\" height=\"355\" srcset=\"https:\/\/www.asahidojo.org\/sito\/wp-content\/uploads\/2025\/11\/9-DAN-AIKI-BU-JUTSU-SEPT.-2025-1-719x1024.png 719w, https:\/\/www.asahidojo.org\/sito\/wp-content\/uploads\/2025\/11\/9-DAN-AIKI-BU-JUTSU-SEPT.-2025-1-211x300.png 211w, https:\/\/www.asahidojo.org\/sito\/wp-content\/uploads\/2025\/11\/9-DAN-AIKI-BU-JUTSU-SEPT.-2025-1-768x1094.png 768w, https:\/\/www.asahidojo.org\/sito\/wp-content\/uploads\/2025\/11\/9-DAN-AIKI-BU-JUTSU-SEPT.-2025-1-1078x1536.png 1078w, https:\/\/www.asahidojo.org\/sito\/wp-content\/uploads\/2025\/11\/9-DAN-AIKI-BU-JUTSU-SEPT.-2025-1.png 1181w\" sizes=\"auto, (max-width: 250px) 100vw, 250px\" \/><\/a><figcaption>Courrier re\u00e7u de SHIMIZU Hozuke Rijocho (2025)<\/figcaption><\/figure><\/div>\n","protected":false},"excerpt":{"rendered":"<p>Divers certificats Shomei-sho \u65e5\u672c\u306e\u8a3c\u660e\u66f8 re\u00e7u de ce prestigieux organisme traditionnel japonais :<\/p>\n","protected":false},"author":1,"featured_media":0,"parent":0,"menu_order":0,"comment_status":"closed","ping_status":"closed","template":"","meta":{"footnotes":""},"class_list":["post-3529","page","type-page","status-publish","hentry"],"_links":{"self":[{"href":"https:\/\/www.asahidojo.org\/sito\/index.php?rest_route=\/wp\/v2\/pages\/3529","targetHints":{"allow":["GET"]}}],"collection":[{"href":"https:\/\/www.asahidojo.org\/sito\/index.php?rest_route=\/wp\/v2\/pages"}],"about":[{"href":"https:\/\/www.asahidojo.org\/sito\/index.php?rest_route=\/wp\/v2\/types\/page"}],"author":[{"embeddable":true,"href":"https:\/\/www.asahidojo.org\/sito\/index.php?rest_route=\/wp\/v2\/users\/1"}],"replies":[{"embeddable":true,"href":"https:\/\/www.asahidojo.org\/sito\/index.php?rest_route=%2Fwp%2Fv2%2Fcomments&post=3529"}],"version-history":[{"count":8,"href":"https:\/\/www.asahidojo.org\/sito\/index.php?rest_route=\/wp\/v2\/pages\/3529\/revisions"}],"predecessor-version":[{"id":3546,"href":"https:\/\/www.asahidojo.org\/sito\/index.php?rest_route=\/wp\/v2\/pages\/3529\/revisions\/3546"}],"wp:attachment":[{"href":"https:\/\/www.asahidojo.org\/sito\/index.php?rest_route=%2Fwp%2Fv2%2Fmedia&parent=3529"}],"curies":[{"name":"wp","href":"https:\/\/api.w.org\/{rel}","templated":true}]}}