{"id":341,"date":"2013-03-15T18:36:24","date_gmt":"2013-03-15T17:36:24","guid":{"rendered":"http:\/\/www.asahidojo.org\/sito\/?page_id=341"},"modified":"2021-04-04T13:08:25","modified_gmt":"2021-04-04T11:08:25","slug":"bienvenue","status":"publish","type":"page","link":"https:\/\/www.asahidojo.org\/sito\/","title":{"rendered":"BIENVENUE"},"content":{"rendered":"<h1 style=\"text-align: center;\"><a href=\"http:\/\/www.asahidojo.org\/sito\/wp-content\/uploads\/2013\/03\/Tanigawa-Shodai-Soke-Seiza-21.png\"><img loading=\"lazy\" decoding=\"async\" class=\"alignnone size-medium wp-image-2765\" src=\"http:\/\/www.asahidojo.org\/sito\/wp-content\/uploads\/2013\/03\/Tanigawa-Shodai-Soke-Seiza-21-212x300.png\" alt=\"Tanigawa Shodai Soke - Seiza (2)\" width=\"212\" height=\"300\" srcset=\"https:\/\/www.asahidojo.org\/sito\/wp-content\/uploads\/2013\/03\/Tanigawa-Shodai-Soke-Seiza-21-212x300.png 212w, https:\/\/www.asahidojo.org\/sito\/wp-content\/uploads\/2013\/03\/Tanigawa-Shodai-Soke-Seiza-21-725x1024.png 725w, https:\/\/www.asahidojo.org\/sito\/wp-content\/uploads\/2013\/03\/Tanigawa-Shodai-Soke-Seiza-21.png 1292w\" sizes=\"auto, (max-width: 212px) 100vw, 212px\" \/><\/a>\u00a0 \u00a0\u00a0 <span style=\"color: #800000;\"><strong>BIENVENUE &#8230;\u00a0 <\/strong><\/span><\/h1>\n<h4 style=\"text-align: center;\"><strong>\u3088\u3046\u3053\u305d\uff01 Y\u014dkoso !\u00a0 <\/strong><strong>sur notre site convivial<\/strong><\/h4>\n<h4 style=\"text-align: center;\"><strong> \u00a0 <\/strong><strong>Daniel BLANCHET SHODAI SOKE<\/strong><\/h4>\n<h4 style=\"text-align: left;\"><strong>\u00a0<\/strong><\/h4>\n<h3 style=\"text-align: center;\"><a href=\"http:\/\/www.asahidojo.org\/sito\/wp-content\/uploads\/2013\/03\/LOGO-2.jpg\"><img loading=\"lazy\" decoding=\"async\" src=\"http:\/\/www.asahidojo.org\/sito\/wp-content\/uploads\/2013\/03\/LOGO-2-300x300.jpg\" alt=\"LOGO (2)\" width=\"216\" height=\"204\" \/><\/a><\/h3>\n<h3 style=\"text-align: center;\"><strong><span style=\"color: #333333;\">\u00a0ASAHI DOJO INTERNATIONAL ASSOCIATION<br \/><\/span><\/strong><\/h3>\n<p style=\"text-align: center;\"><a href=\"http:\/\/www.asahidojo.org\/sito\/wp-content\/uploads\/2013\/03\/ADIA-DET1.gif\"><img loading=\"lazy\" decoding=\"async\" class=\"alignnone size-medium wp-image-2762\" src=\"http:\/\/www.asahidojo.org\/sito\/wp-content\/uploads\/2013\/03\/ADIA-DET1-300x39.gif\" alt=\"ADIA DET\" width=\"428\" height=\"55\" srcset=\"https:\/\/www.asahidojo.org\/sito\/wp-content\/uploads\/2013\/03\/ADIA-DET1-300x39.gif 300w, https:\/\/www.asahidojo.org\/sito\/wp-content\/uploads\/2013\/03\/ADIA-DET1-1024x133.gif 1024w\" sizes=\"auto, (max-width: 428px) 100vw, 428px\" \/><\/a><\/p>\n<h3>\u00ab\u00a0Je ne veux pas d&rsquo;un grand groupe ou d&rsquo;un grand organisme, v\u00e9ritable supermarch\u00e9 du Budo mais d&rsquo;une v\u00e9ritable famille unie et sinc\u00e8re dans laquelle sont pr\u00e9sentes les vraie valeurs de sinc\u00e9rit\u00e9, d&rsquo;amiti\u00e9, de loyaut\u00e9, de respect et d&rsquo;honneur.\u00a0\u00bb<\/h3>\n<p><a href=\"http:\/\/www.asahidojo.org\/sito\/wp-content\/uploads\/2013\/03\/ADIA-12.jpg\"><img loading=\"lazy\" decoding=\"async\" class=\"size-medium wp-image-2756 alignleft\" src=\"http:\/\/www.asahidojo.org\/sito\/wp-content\/uploads\/2013\/03\/ADIA-12-300x212.jpg\" alt=\"ADIA (12)\" width=\"363\" height=\"257\" srcset=\"https:\/\/www.asahidojo.org\/sito\/wp-content\/uploads\/2013\/03\/ADIA-12-300x212.jpg 300w, https:\/\/www.asahidojo.org\/sito\/wp-content\/uploads\/2013\/03\/ADIA-12-1024x724.jpg 1024w, https:\/\/www.asahidojo.org\/sito\/wp-content\/uploads\/2013\/03\/ADIA-12.jpg 1123w\" sizes=\"auto, (max-width: 363px) 100vw, 363px\" \/><\/a><\/p>\n<p><span style=\"color: #800000;\"><strong>\u00ab\u00a0Honneur &amp; Respect\u00a0\u00bb<\/strong><\/span><\/p>\n<p style=\"text-align: center;\"><a href=\"http:\/\/www.asahidojo.org\/sito\/wp-content\/uploads\/2013\/03\/Sans-nploi.jpg\"><img loading=\"lazy\" decoding=\"async\" class=\"alignnone size-medium wp-image-2759\" src=\"http:\/\/www.asahidojo.org\/sito\/wp-content\/uploads\/2013\/03\/Sans-nploi-212x300.jpg\" alt=\"Sans nploi\" width=\"212\" height=\"300\" srcset=\"https:\/\/www.asahidojo.org\/sito\/wp-content\/uploads\/2013\/03\/Sans-nploi-212x300.jpg 212w, https:\/\/www.asahidojo.org\/sito\/wp-content\/uploads\/2013\/03\/Sans-nploi-724x1024.jpg 724w, https:\/\/www.asahidojo.org\/sito\/wp-content\/uploads\/2013\/03\/Sans-nploi.jpg 794w\" sizes=\"auto, (max-width: 212px) 100vw, 212px\" \/><\/a><\/p>\n<p style=\"text-align: center;\"><a href=\"http:\/\/www.asahidojo.org\/sito\/wp-content\/uploads\/2013\/03\/welth.jpg\"><img loading=\"lazy\" decoding=\"async\" class=\"wp-image-2237 aligncenter\" src=\"http:\/\/www.asahidojo.org\/sito\/wp-content\/uploads\/2013\/03\/welth-125x300.jpg\" alt=\"welth\" width=\"106\" height=\"254\" srcset=\"https:\/\/www.asahidojo.org\/sito\/wp-content\/uploads\/2013\/03\/welth-125x300.jpg 125w, https:\/\/www.asahidojo.org\/sito\/wp-content\/uploads\/2013\/03\/welth.jpg 176w\" sizes=\"auto, (max-width: 106px) 100vw, 106px\" \/><\/a><\/p>\n<h4 style=\"text-align: center;\"><strong>\u00ab\u00a0michi o hiraite kajin o matsu\u00a0\u00bb<\/strong><\/h4>\n<h4 style=\"text-align: center;\"><strong>Si nous voulons de la visite, <\/strong><strong>il faut arranger le chemin qui m\u00e8ne chez soi. <\/strong><\/h4>\n<h4 style=\"text-align: center;\">\u00a0\u00a0\u00a0\u00a0\u00a0\u00a0\u00a0\u00a0\u00a0\u00a0\u00a0\u00a0\u00a0\u00a0\u00a0\u00a0\u00a0\u00a0\u00a0\u00a0\u00a0\u00a0\u00a0\u00a0\u00a0\u00a0\u00a0\u00a0\u00a0\u00a0\u00a0\u00a0\u00a0\u00a0\u00a0\u00a0\u00a0\u00a0\u00a0\u00a0\u00a0\u00a0\u00a0\u00a0\u00a0\u00a0 \u00a0 <\/h4>\n<p style=\"text-align: center;\"><a href=\"http:\/\/www.asahidojo.org\/sito\/wp-content\/uploads\/2013\/03\/TANI-GAWA-SOKE.png\"><img loading=\"lazy\" decoding=\"async\" class=\"alignnone size-medium wp-image-331\" src=\"http:\/\/www.asahidojo.org\/sito\/wp-content\/uploads\/2013\/03\/TANI-GAWA-SOKE-300x225.png\" alt=\"TANI GAWA SOKE\" width=\"300\" height=\"225\" \/><\/a><\/p>\n<h3 style=\"text-align: center;\"><strong> \u5875\u3082\u7a4d\u3082\u308c\u3070\u5c71\u3068\u306a\u308b<\/strong><\/h3>\n<h4 style=\"text-align: center;\">\u00ab\u00a0<strong>chiri mo tsumoreba yama to naru\u00a0\u00bb<\/strong><\/h4>\n<h4 style=\"text-align: center;\">Les grandes choses se font petit \u00e0 petit.<\/h4>\n\n\n<div class=\"wp-block-image\"><figure class=\"aligncenter is-resized\"><img loading=\"lazy\" decoding=\"async\" src=\"http:\/\/www.asahidojo.org\/sito\/wp-content\/uploads\/2019\/02\/DET-4.png\" alt=\"\" class=\"wp-image-3140\" width=\"236\" height=\"354\" srcset=\"https:\/\/www.asahidojo.org\/sito\/wp-content\/uploads\/2019\/02\/DET-4.png 554w, https:\/\/www.asahidojo.org\/sito\/wp-content\/uploads\/2019\/02\/DET-4-200x300.png 200w\" sizes=\"auto, (max-width: 236px) 100vw, 236px\" \/><\/figure><\/div>\n","protected":false},"excerpt":{"rendered":"<p>\u00a0 \u00a0\u00a0 BIENVENUE &#8230;\u00a0 \u3088\u3046\u3053\u305d\uff01 Y\u014dkoso !\u00a0 sur notre site convivial \u00a0 Daniel BLANCHET SHODAI SOKE \u00a0 \u00a0ASAHI DOJO INTERNATIONAL ASSOCIATION \u00ab\u00a0Je ne veux pas d&rsquo;un grand groupe ou d&rsquo;un grand organisme, v\u00e9ritable supermarch\u00e9 du Budo mais d&rsquo;une v\u00e9ritable famille &hellip; <a href=\"https:\/\/www.asahidojo.org\/sito\/\">Continue reading <span class=\"meta-nav\">&rarr;<\/span><\/a><\/p>\n","protected":false},"author":1,"featured_media":0,"parent":0,"menu_order":0,"comment_status":"open","ping_status":"open","template":"","meta":{"footnotes":""},"class_list":["post-341","page","type-page","status-publish","hentry"],"_links":{"self":[{"href":"https:\/\/www.asahidojo.org\/sito\/index.php?rest_route=\/wp\/v2\/pages\/341","targetHints":{"allow":["GET"]}}],"collection":[{"href":"https:\/\/www.asahidojo.org\/sito\/index.php?rest_route=\/wp\/v2\/pages"}],"about":[{"href":"https:\/\/www.asahidojo.org\/sito\/index.php?rest_route=\/wp\/v2\/types\/page"}],"author":[{"embeddable":true,"href":"https:\/\/www.asahidojo.org\/sito\/index.php?rest_route=\/wp\/v2\/users\/1"}],"replies":[{"embeddable":true,"href":"https:\/\/www.asahidojo.org\/sito\/index.php?rest_route=%2Fwp%2Fv2%2Fcomments&post=341"}],"version-history":[{"count":55,"href":"https:\/\/www.asahidojo.org\/sito\/index.php?rest_route=\/wp\/v2\/pages\/341\/revisions"}],"predecessor-version":[{"id":3323,"href":"https:\/\/www.asahidojo.org\/sito\/index.php?rest_route=\/wp\/v2\/pages\/341\/revisions\/3323"}],"wp:attachment":[{"href":"https:\/\/www.asahidojo.org\/sito\/index.php?rest_route=%2Fwp%2Fv2%2Fmedia&parent=341"}],"curies":[{"name":"wp","href":"https:\/\/api.w.org\/{rel}","templated":true}]}}