{"id":3225,"date":"2019-09-14T08:55:28","date_gmt":"2019-09-14T06:55:28","guid":{"rendered":"http:\/\/www.asahidojo.org\/sito\/?page_id=3225"},"modified":"2019-12-02T15:41:57","modified_gmt":"2019-12-02T14:41:57","slug":"seminaires-2020","status":"publish","type":"page","link":"https:\/\/www.asahidojo.org\/sito\/?page_id=3225","title":{"rendered":"SEMINAIRES 2020"},"content":{"rendered":"\n<h2 class=\"wp-block-heading\">       12 Janvier 2020 \u00e0 MURET (31)<\/h2>\n\n\n\n<div class=\"wp-block-image\"><figure class=\"aligncenter is-resized\"><img loading=\"lazy\" decoding=\"async\" src=\"http:\/\/www.asahidojo.org\/sito\/wp-content\/uploads\/2019\/09\/MURET-2-FEVRIER1-724x1024.png\" alt=\"\" class=\"wp-image-3226\" width=\"341\" height=\"482\" srcset=\"https:\/\/www.asahidojo.org\/sito\/wp-content\/uploads\/2019\/09\/MURET-2-FEVRIER1-724x1024.png 724w, https:\/\/www.asahidojo.org\/sito\/wp-content\/uploads\/2019\/09\/MURET-2-FEVRIER1-212x300.png 212w, https:\/\/www.asahidojo.org\/sito\/wp-content\/uploads\/2019\/09\/MURET-2-FEVRIER1-768x1087.png 768w, https:\/\/www.asahidojo.org\/sito\/wp-content\/uploads\/2019\/09\/MURET-2-FEVRIER1.png 1190w\" sizes=\"auto, (max-width: 341px) 100vw, 341px\" \/><\/figure><\/div>\n\n\n\n<h2 class=\"wp-block-heading\">28 &amp; 29 Mars 2020 \u00e0 TOULOUSE (31)<\/h2>\n\n\n\n<div class=\"wp-block-image\"><figure class=\"aligncenter is-resized\"><img loading=\"lazy\" decoding=\"async\" src=\"http:\/\/www.asahidojo.org\/sito\/wp-content\/uploads\/2019\/09\/TOULOUSE-28-29-MARS1-724x1024.png\" alt=\"\" class=\"wp-image-3241\" width=\"345\" height=\"488\" srcset=\"https:\/\/www.asahidojo.org\/sito\/wp-content\/uploads\/2019\/09\/TOULOUSE-28-29-MARS1-724x1024.png 724w, https:\/\/www.asahidojo.org\/sito\/wp-content\/uploads\/2019\/09\/TOULOUSE-28-29-MARS1-212x300.png 212w, https:\/\/www.asahidojo.org\/sito\/wp-content\/uploads\/2019\/09\/TOULOUSE-28-29-MARS1-768x1087.png 768w, https:\/\/www.asahidojo.org\/sito\/wp-content\/uploads\/2019\/09\/TOULOUSE-28-29-MARS1.png 1190w\" sizes=\"auto, (max-width: 345px) 100vw, 345px\" \/><\/figure><\/div>\n\n\n\n<h2 class=\"wp-block-heading\">25 &amp; 26 avril 2020 \u00e0 Lulea (Su\u00e8de)<\/h2>\n\n\n\n<figure class=\"wp-block-image is-resized\"><img loading=\"lazy\" decoding=\"async\" src=\"http:\/\/www.asahidojo.org\/sito\/wp-content\/uploads\/2019\/12\/LULEA-AVRIL-1024x724.png\" alt=\"\" class=\"wp-image-3245\" width=\"484\" height=\"342\" srcset=\"https:\/\/www.asahidojo.org\/sito\/wp-content\/uploads\/2019\/12\/LULEA-AVRIL-1024x724.png 1024w, https:\/\/www.asahidojo.org\/sito\/wp-content\/uploads\/2019\/12\/LULEA-AVRIL-300x212.png 300w, https:\/\/www.asahidojo.org\/sito\/wp-content\/uploads\/2019\/12\/LULEA-AVRIL-768x543.png 768w, https:\/\/www.asahidojo.org\/sito\/wp-content\/uploads\/2019\/12\/LULEA-AVRIL.png 1684w\" sizes=\"auto, (max-width: 484px) 100vw, 484px\" \/><\/figure>\n\n\n\n<p><\/p>\n\n\n\n<ul class=\"wp-block-list\"><li><strong>STAGE en mai en ITALIE (date \u00e0 voir)<\/strong><\/li><li><strong>TAIKAI en septembre en Hongrie (date \u00e0 voir)<\/strong><\/li><\/ul>\n\n\n\n<p><\/p>\n","protected":false},"excerpt":{"rendered":"<p>12 Janvier 2020 \u00e0 MURET (31) 28 &amp; 29 Mars 2020 \u00e0 TOULOUSE (31) 25 &amp; 26 avril 2020 \u00e0 Lulea (Su\u00e8de) STAGE en mai en ITALIE (date \u00e0 voir) TAIKAI en septembre en Hongrie (date \u00e0 voir)<\/p>\n","protected":false},"author":1,"featured_media":0,"parent":0,"menu_order":0,"comment_status":"closed","ping_status":"closed","template":"","meta":{"footnotes":""},"class_list":["post-3225","page","type-page","status-publish","hentry"],"_links":{"self":[{"href":"https:\/\/www.asahidojo.org\/sito\/index.php?rest_route=\/wp\/v2\/pages\/3225","targetHints":{"allow":["GET"]}}],"collection":[{"href":"https:\/\/www.asahidojo.org\/sito\/index.php?rest_route=\/wp\/v2\/pages"}],"about":[{"href":"https:\/\/www.asahidojo.org\/sito\/index.php?rest_route=\/wp\/v2\/types\/page"}],"author":[{"embeddable":true,"href":"https:\/\/www.asahidojo.org\/sito\/index.php?rest_route=\/wp\/v2\/users\/1"}],"replies":[{"embeddable":true,"href":"https:\/\/www.asahidojo.org\/sito\/index.php?rest_route=%2Fwp%2Fv2%2Fcomments&post=3225"}],"version-history":[{"count":12,"href":"https:\/\/www.asahidojo.org\/sito\/index.php?rest_route=\/wp\/v2\/pages\/3225\/revisions"}],"predecessor-version":[{"id":3255,"href":"https:\/\/www.asahidojo.org\/sito\/index.php?rest_route=\/wp\/v2\/pages\/3225\/revisions\/3255"}],"wp:attachment":[{"href":"https:\/\/www.asahidojo.org\/sito\/index.php?rest_route=%2Fwp%2Fv2%2Fmedia&parent=3225"}],"curies":[{"name":"wp","href":"https:\/\/api.w.org\/{rel}","templated":true}]}}