{"id":2790,"date":"2015-03-09T17:32:47","date_gmt":"2015-03-09T16:32:47","guid":{"rendered":"http:\/\/www.asahidojo.org\/sito\/?page_id=2790"},"modified":"2015-03-09T17:32:47","modified_gmt":"2015-03-09T16:32:47","slug":"kamikaze","status":"publish","type":"page","link":"https:\/\/www.asahidojo.org\/sito\/?page_id=2790","title":{"rendered":"KAMIKAZE"},"content":{"rendered":"<p align=\"JUSTIFY\"><strong><span style=\"font-size: large;\">KAMIKAZE <\/span><\/strong><span style=\"font-size: large;\">(<\/span><span style=\"font-family: Arial Unicode MS;\"><span style=\"font-size: large;\">\u795e\u98a8<\/span><\/span><span style=\"font-size: large;\">, de <\/span><span style=\"font-family: Arial Unicode MS;\"><span style=\"font-size: large;\">\u304b\u307f <\/span><\/span><span style=\"font-size: large;\">(<\/span><span style=\"font-size: large;\"><i>kami<\/i><\/span><span style=\"font-size: large;\">) \u00abdieu\u00bb et <\/span><span style=\"font-family: Arial Unicode MS;\"><span style=\"font-size: large;\">\u304b\u305c <\/span><\/span><span style=\"font-size: large;\">(<\/span><span style=\"font-size: large;\"><i>kaz\u00e9<\/i><\/span><span style=\"font-size: large;\">) \u00abvent\u00bb)<\/span><span style=\"font-size: large;\"> est un mot compos\u00e9 signifiant \u00abvent divin\u00bb. <\/span><\/p>\n<p style=\"text-align: center;\" align=\"JUSTIFY\"><a href=\"http:\/\/www.asahidojo.org\/sito\/wp-content\/uploads\/2015\/03\/kamikaze_rogo.gif\"><img loading=\"lazy\" decoding=\"async\" class=\"alignnone size-medium wp-image-2791\" alt=\"kamikaze_rogo\" src=\"http:\/\/www.asahidojo.org\/sito\/wp-content\/uploads\/2015\/03\/kamikaze_rogo-300x213.gif\" width=\"300\" height=\"213\" \/><\/a><\/p>\n<h3 align=\"JUSTIFY\"><span style=\"font-size: large;\">On retrouve ce mot \u00e0 la p\u00e9riode Edo, notamment dans l&rsquo;Histoire du Japon <\/span><span style=\"font-size: large;\">o\u00f9 il d\u00e9signa des typhons plus ou moins l\u00e9gendaires qui, en 1274 et en 1281, auraient mis en d\u00e9route la flotte de Kubilai Khan et stopp\u00e9 les diverses tentatives d&rsquo;invasions mongoles. <\/span><\/h3>\n<p align=\"JUSTIFY\">\n<a href=\"http:\/\/www.asahidojo.org\/sito\/wp-content\/uploads\/2015\/03\/kamikazes.jpg\"><img loading=\"lazy\" decoding=\"async\" class=\"alignnone size-medium wp-image-2792\" alt=\"kamikazes\" src=\"http:\/\/www.asahidojo.org\/sito\/wp-content\/uploads\/2015\/03\/kamikazes-276x300.jpg\" width=\"186\" height=\"203\" srcset=\"https:\/\/www.asahidojo.org\/sito\/wp-content\/uploads\/2015\/03\/kamikazes-276x300.jpg 276w, https:\/\/www.asahidojo.org\/sito\/wp-content\/uploads\/2015\/03\/kamikazes.jpg 626w\" sizes=\"auto, (max-width: 186px) 100vw, 186px\" \/><\/a><\/p>\n<p align=\"JUSTIFY\"><span style=\"font-size: large;\">Un <\/span><span style=\"font-size: large;\"><b>kamikaze <\/b><\/span><span style=\"font-family: Arial Unicode MS;\"><span style=\"font-size: large;\">\u7279\u5225\u653b\u6483\u968a<\/span><\/span><span style=\"font-size: large;\">, <\/span><span style=\"font-family: Arial Unicode MS;\"><span style=\"font-size: large;\">\u3068\u304f\u3079\u3064\u3053\u3046\u3052\u304d\u305f\u3044<\/span><\/span><span style=\"font-size: large;\">, Tokubetsu k\u014dgeki-tai, est un militaire de l&rsquo;Empire du Japon qui, durant la deuxi\u00e8me guerre mondiale, effectuait une mission-suicide pendant la Guerre du Pacifique.<\/span><\/p>\n<p align=\"JUSTIFY\"><span style=\"font-size: large;\">Il avait pour objectif d&rsquo;\u00e9craser son avion (technique du Jibaku) ou son sous-marin sur les navires am\u00e9ricains et alli\u00e9s. C&rsquo;\u00e9tait une tactique militaire suicidaire et d\u00e9sesp\u00e9r\u00e9e pour livrer une charge explosive sur une cible avec une probabilit\u00e9 maximale et une efficacit\u00e9 redoutable. <\/span><\/p>\n<p align=\"JUSTIFY\"><span style=\"font-size: large;\">Avant sa mission, le Kamikaze r\u00e9citait un \u00abtanka\u00bb comme po\u00e8me d&rsquo;adieu en r\u00e9f\u00e9rence au devoir de sacrifice puis buvait l&rsquo;ultime sak\u00e9 en se tournant dans la direction de sa r\u00e9gion de naissance. Il nouait autour de son front, par-dessus le casque de vol, un bandeau Hachimaki aux couleurs du drapeau du Japon <\/span><span style=\"font-size: large;\"><i>(Hinomaru)<\/i><\/span><span style=\"font-size: large;\"> (drapeau au disque solaire), blanc orn\u00e9 d&rsquo;un cercle rouge. <\/span><\/p>\n<p align=\"JUSTIFY\"><span style=\"font-size: large;\"><a href=\"http:\/\/www.asahidojo.org\/sito\/wp-content\/uploads\/2015\/03\/Kamikaze.jpg\"><img loading=\"lazy\" decoding=\"async\" class=\"alignnone size-medium wp-image-2793\" alt=\"Kamikaze\" src=\"http:\/\/www.asahidojo.org\/sito\/wp-content\/uploads\/2015\/03\/Kamikaze-214x300.jpg\" width=\"149\" height=\"209\" srcset=\"https:\/\/www.asahidojo.org\/sito\/wp-content\/uploads\/2015\/03\/Kamikaze-214x300.jpg 214w, https:\/\/www.asahidojo.org\/sito\/wp-content\/uploads\/2015\/03\/Kamikaze.jpg 468w\" sizes=\"auto, (max-width: 149px) 100vw, 149px\" \/><\/a>\u00a0 La variante <\/span><span style=\"font-size: large;\"><i>Kyokujitsuki<\/i><\/span><span style=\"font-size: large;\">, drapeau de la marine imp\u00e9riale japonaise avec seize rayons entourant le disque rouge, existait aussi.<\/span><\/p>\n<p align=\"JUSTIFY\"><span style=\"font-size: large;\">Cet acte de sacrifice s&rsquo;accompagnait souvent d&rsquo;un cri de guerre (comme au temps des Samurai) pour se donner du courage &#8211; le fameux <\/span><span style=\"font-size: large;\"><i>\u00abTenn\u014d heika banzai\u00bb<\/i><\/span><span style=\"font-size: large;\"> (<\/span><span style=\"font-family: Arial Unicode MS;\"><span style=\"font-size: large;\">\u5929\u7687\u965b\u4e0b\u4e07\u6b73<\/span><\/span><span style=\"font-size: large;\">! signifiant litt\u00e9ralement, \u00abLongue vie \u00e0 sa majest\u00e9 l&#8217;empereur\u00bb.<\/span><\/p>\n","protected":false},"excerpt":{"rendered":"<p>KAMIKAZE (\u795e\u98a8, de \u304b\u307f (kami) \u00abdieu\u00bb et \u304b\u305c (kaz\u00e9) \u00abvent\u00bb) est un mot compos\u00e9 signifiant \u00abvent divin\u00bb. On retrouve ce mot \u00e0 la p\u00e9riode Edo, notamment dans l&rsquo;Histoire du Japon o\u00f9 il d\u00e9signa des typhons plus ou moins l\u00e9gendaires qui, &hellip; <a href=\"https:\/\/www.asahidojo.org\/sito\/?page_id=2790\">Continue reading <span class=\"meta-nav\">&rarr;<\/span><\/a><\/p>\n","protected":false},"author":1,"featured_media":0,"parent":902,"menu_order":0,"comment_status":"closed","ping_status":"closed","template":"","meta":{"footnotes":""},"class_list":["post-2790","page","type-page","status-publish","hentry"],"_links":{"self":[{"href":"https:\/\/www.asahidojo.org\/sito\/index.php?rest_route=\/wp\/v2\/pages\/2790","targetHints":{"allow":["GET"]}}],"collection":[{"href":"https:\/\/www.asahidojo.org\/sito\/index.php?rest_route=\/wp\/v2\/pages"}],"about":[{"href":"https:\/\/www.asahidojo.org\/sito\/index.php?rest_route=\/wp\/v2\/types\/page"}],"author":[{"embeddable":true,"href":"https:\/\/www.asahidojo.org\/sito\/index.php?rest_route=\/wp\/v2\/users\/1"}],"replies":[{"embeddable":true,"href":"https:\/\/www.asahidojo.org\/sito\/index.php?rest_route=%2Fwp%2Fv2%2Fcomments&post=2790"}],"version-history":[{"count":2,"href":"https:\/\/www.asahidojo.org\/sito\/index.php?rest_route=\/wp\/v2\/pages\/2790\/revisions"}],"predecessor-version":[{"id":2795,"href":"https:\/\/www.asahidojo.org\/sito\/index.php?rest_route=\/wp\/v2\/pages\/2790\/revisions\/2795"}],"up":[{"embeddable":true,"href":"https:\/\/www.asahidojo.org\/sito\/index.php?rest_route=\/wp\/v2\/pages\/902"}],"wp:attachment":[{"href":"https:\/\/www.asahidojo.org\/sito\/index.php?rest_route=%2Fwp%2Fv2%2Fmedia&parent=2790"}],"curies":[{"name":"wp","href":"https:\/\/api.w.org\/{rel}","templated":true}]}}