{"id":2073,"date":"2013-04-04T19:08:52","date_gmt":"2013-04-04T17:08:52","guid":{"rendered":"http:\/\/www.asahidojo.org\/sito\/?page_id=2073"},"modified":"2013-04-04T19:29:38","modified_gmt":"2013-04-04T17:29:38","slug":"le-tsunami","status":"publish","type":"page","link":"https:\/\/www.asahidojo.org\/sito\/?page_id=2073","title":{"rendered":"LE TSUNAMI"},"content":{"rendered":"<div>\n<h3><\/h3>\n<p><a href=\"http:\/\/www.asahidojo.org\/sito\/wp-content\/uploads\/2013\/04\/tsunami-phuket.jpg\"><img loading=\"lazy\" decoding=\"async\" class=\"size-medium wp-image-2074 aligncenter\" alt=\"tsunami-phuket\" src=\"http:\/\/www.asahidojo.org\/sito\/wp-content\/uploads\/2013\/04\/tsunami-phuket-285x300.jpg\" width=\"285\" height=\"300\" srcset=\"https:\/\/www.asahidojo.org\/sito\/wp-content\/uploads\/2013\/04\/tsunami-phuket-285x300.jpg 285w, https:\/\/www.asahidojo.org\/sito\/wp-content\/uploads\/2013\/04\/tsunami-phuket.jpg 613w\" sizes=\"auto, (max-width: 285px) 100vw, 285px\" \/><\/a><\/p>\n<h3>Le terme<strong> TSUNAMI (\u6d25\u6ce2)<\/strong> est un mot japonais compos\u00e9 de <strong>TSU<\/strong> <strong>(\u6d25)<\/strong> \u00ab\u00a0port\u00a0\u00bb\u00a0 et de <strong>NAMI (\u6ce2) <\/strong>\u00ab\u00a0vague\u00a0\u00bb qui signifie litt\u00e9ralement \u00ab\u00a0vague portuaire\u00a0\u00bb ou \u00ab\u00a0vague de port\u00a0\u00bb et traduit g\u00e9n\u00e9ralement par \u00ab\u00a0raz de mar\u00e9e\u00a0\u00bb.<\/h3>\n<p style=\"text-align: center;\"><a href=\"http:\/\/www.asahidojo.org\/sito\/wp-content\/uploads\/2013\/04\/kanji-tsunami.png\"><img loading=\"lazy\" decoding=\"async\" class=\"alignnone size-medium wp-image-2082\" alt=\"kanji-tsunami\" src=\"http:\/\/www.asahidojo.org\/sito\/wp-content\/uploads\/2013\/04\/kanji-tsunami-300x151.png\" width=\"300\" height=\"151\" srcset=\"https:\/\/www.asahidojo.org\/sito\/wp-content\/uploads\/2013\/04\/kanji-tsunami-300x151.png 300w, https:\/\/www.asahidojo.org\/sito\/wp-content\/uploads\/2013\/04\/kanji-tsunami.png 376w\" sizes=\"auto, (max-width: 300px) 100vw, 300px\" \/><\/a><\/p>\n<h3>Un <b>TSUNAMI<\/b> est donc une onde oc\u00e9anique, marine ou lacustre provoqu\u00e9e par un mouvement rapide d&rsquo;un grand volume d&rsquo;eau\u00a0 dont l&rsquo;origine est le plus souvent l&rsquo;effet d&rsquo;un tremblement de terre ou d&rsquo;une \u00e9ruption volcanique.\u00a0Il est associ\u00e9 \u00e0 la naissance et au d\u00e9ploiement d&rsquo;une immense vague qui devient d\u00e9ferlante et destructrice au contact des rivages terrestres.<\/h3>\n<p style=\"text-align: center;\"><a href=\"http:\/\/www.asahidojo.org\/sito\/wp-content\/uploads\/2013\/04\/untitled2.bmp\"><img decoding=\"async\" class=\"alignnone size-medium wp-image-2078\" alt=\"untitled\" src=\"http:\/\/www.asahidojo.org\/sito\/wp-content\/uploads\/2013\/04\/untitled2.bmp\" \/><\/a><\/p>\n<p>&nbsp;<\/p>\n<p>&nbsp;<\/p>\n<h3><\/h3>\n<\/div>\n","protected":false},"excerpt":{"rendered":"<p>Le terme TSUNAMI (\u6d25\u6ce2) est un mot japonais compos\u00e9 de TSU (\u6d25) \u00ab\u00a0port\u00a0\u00bb\u00a0 et de NAMI (\u6ce2) \u00ab\u00a0vague\u00a0\u00bb qui signifie litt\u00e9ralement \u00ab\u00a0vague portuaire\u00a0\u00bb ou \u00ab\u00a0vague de port\u00a0\u00bb et traduit g\u00e9n\u00e9ralement par \u00ab\u00a0raz de mar\u00e9e\u00a0\u00bb. Un TSUNAMI est donc une onde &hellip; <a href=\"https:\/\/www.asahidojo.org\/sito\/?page_id=2073\">Continue reading <span class=\"meta-nav\">&rarr;<\/span><\/a><\/p>\n","protected":false},"author":1,"featured_media":0,"parent":950,"menu_order":0,"comment_status":"open","ping_status":"open","template":"","meta":{"footnotes":""},"class_list":["post-2073","page","type-page","status-publish","hentry"],"_links":{"self":[{"href":"https:\/\/www.asahidojo.org\/sito\/index.php?rest_route=\/wp\/v2\/pages\/2073","targetHints":{"allow":["GET"]}}],"collection":[{"href":"https:\/\/www.asahidojo.org\/sito\/index.php?rest_route=\/wp\/v2\/pages"}],"about":[{"href":"https:\/\/www.asahidojo.org\/sito\/index.php?rest_route=\/wp\/v2\/types\/page"}],"author":[{"embeddable":true,"href":"https:\/\/www.asahidojo.org\/sito\/index.php?rest_route=\/wp\/v2\/users\/1"}],"replies":[{"embeddable":true,"href":"https:\/\/www.asahidojo.org\/sito\/index.php?rest_route=%2Fwp%2Fv2%2Fcomments&post=2073"}],"version-history":[{"count":5,"href":"https:\/\/www.asahidojo.org\/sito\/index.php?rest_route=\/wp\/v2\/pages\/2073\/revisions"}],"predecessor-version":[{"id":2077,"href":"https:\/\/www.asahidojo.org\/sito\/index.php?rest_route=\/wp\/v2\/pages\/2073\/revisions\/2077"}],"up":[{"embeddable":true,"href":"https:\/\/www.asahidojo.org\/sito\/index.php?rest_route=\/wp\/v2\/pages\/950"}],"wp:attachment":[{"href":"https:\/\/www.asahidojo.org\/sito\/index.php?rest_route=%2Fwp%2Fv2%2Fmedia&parent=2073"}],"curies":[{"name":"wp","href":"https:\/\/api.w.org\/{rel}","templated":true}]}}