{"id":1956,"date":"2013-04-03T00:19:16","date_gmt":"2013-04-02T22:19:16","guid":{"rendered":"http:\/\/www.asahidojo.org\/sito\/?page_id=1956"},"modified":"2013-04-03T01:03:01","modified_gmt":"2013-04-02T23:03:01","slug":"japon-insolite","status":"publish","type":"page","link":"https:\/\/www.asahidojo.org\/sito\/?page_id=1956","title":{"rendered":"JAPON INSOLITE"},"content":{"rendered":"<p>&#8211; Le <b>KANAMARA MATSURI<\/b> \u00abf\u00eate du p\u00e9nis de fer\u00bb est la f\u00eate annuelle SHINTO de la fertilit\u00e9. Il y a aussi des b\u00e9n\u00e9dictions divines pour la prosp\u00e9rit\u00e9 des affaires, l&rsquo;avenir du clan familial, le mariage, l&rsquo;accouchement facile, et l&rsquo;harmonie entre \u00e9poux.<\/p>\n<p><a href=\"http:\/\/www.asahidojo.org\/sito\/wp-content\/uploads\/2013\/04\/kanamara_matsuri.jpg\"><img loading=\"lazy\" decoding=\"async\" class=\"alignnone size-medium wp-image-1958\" alt=\"kanamara_matsuri\" src=\"http:\/\/www.asahidojo.org\/sito\/wp-content\/uploads\/2013\/04\/kanamara_matsuri-300x200.jpg\" width=\"300\" height=\"200\" srcset=\"https:\/\/www.asahidojo.org\/sito\/wp-content\/uploads\/2013\/04\/kanamara_matsuri-300x200.jpg 300w, https:\/\/www.asahidojo.org\/sito\/wp-content\/uploads\/2013\/04\/kanamara_matsuri.jpg 750w\" sizes=\"auto, (max-width: 300px) 100vw, 300px\" \/><\/a> <a href=\"http:\/\/www.asahidojo.org\/sito\/wp-content\/uploads\/2013\/04\/9BB6F76F8AEAA053244327A952FE.jpg\"><img loading=\"lazy\" decoding=\"async\" class=\"size-medium wp-image-1957 alignright\" alt=\"9BB6F76F8AEAA053244327A952FE\" src=\"http:\/\/www.asahidojo.org\/sito\/wp-content\/uploads\/2013\/04\/9BB6F76F8AEAA053244327A952FE-300x188.jpg\" width=\"300\" height=\"188\" srcset=\"https:\/\/www.asahidojo.org\/sito\/wp-content\/uploads\/2013\/04\/9BB6F76F8AEAA053244327A952FE-300x188.jpg 300w, https:\/\/www.asahidojo.org\/sito\/wp-content\/uploads\/2013\/04\/9BB6F76F8AEAA053244327A952FE.jpg 500w\" sizes=\"auto, (max-width: 300px) 100vw, 300px\" \/><\/a><\/p>\n","protected":false},"excerpt":{"rendered":"<p>&#8211; Le KANAMARA MATSURI \u00abf\u00eate du p\u00e9nis de fer\u00bb est la f\u00eate annuelle SHINTO de la fertilit\u00e9. Il y a aussi des b\u00e9n\u00e9dictions divines pour la prosp\u00e9rit\u00e9 des affaires, l&rsquo;avenir du clan familial, le mariage, l&rsquo;accouchement facile, et l&rsquo;harmonie entre &hellip; <a href=\"https:\/\/www.asahidojo.org\/sito\/?page_id=1956\">Continue reading <span class=\"meta-nav\">&rarr;<\/span><\/a><\/p>\n","protected":false},"author":1,"featured_media":0,"parent":950,"menu_order":0,"comment_status":"open","ping_status":"open","template":"","meta":{"footnotes":""},"class_list":["post-1956","page","type-page","status-publish","hentry"],"_links":{"self":[{"href":"https:\/\/www.asahidojo.org\/sito\/index.php?rest_route=\/wp\/v2\/pages\/1956","targetHints":{"allow":["GET"]}}],"collection":[{"href":"https:\/\/www.asahidojo.org\/sito\/index.php?rest_route=\/wp\/v2\/pages"}],"about":[{"href":"https:\/\/www.asahidojo.org\/sito\/index.php?rest_route=\/wp\/v2\/types\/page"}],"author":[{"embeddable":true,"href":"https:\/\/www.asahidojo.org\/sito\/index.php?rest_route=\/wp\/v2\/users\/1"}],"replies":[{"embeddable":true,"href":"https:\/\/www.asahidojo.org\/sito\/index.php?rest_route=%2Fwp%2Fv2%2Fcomments&post=1956"}],"version-history":[{"count":3,"href":"https:\/\/www.asahidojo.org\/sito\/index.php?rest_route=\/wp\/v2\/pages\/1956\/revisions"}],"predecessor-version":[{"id":1960,"href":"https:\/\/www.asahidojo.org\/sito\/index.php?rest_route=\/wp\/v2\/pages\/1956\/revisions\/1960"}],"up":[{"embeddable":true,"href":"https:\/\/www.asahidojo.org\/sito\/index.php?rest_route=\/wp\/v2\/pages\/950"}],"wp:attachment":[{"href":"https:\/\/www.asahidojo.org\/sito\/index.php?rest_route=%2Fwp%2Fv2%2Fmedia&parent=1956"}],"curies":[{"name":"wp","href":"https:\/\/api.w.org\/{rel}","templated":true}]}}