{"id":1909,"date":"2013-04-02T19:33:05","date_gmt":"2013-04-02T17:33:05","guid":{"rendered":"http:\/\/www.asahidojo.org\/sito\/?page_id=1909"},"modified":"2013-04-02T19:33:05","modified_gmt":"2013-04-02T17:33:05","slug":"le-manga","status":"publish","type":"page","link":"https:\/\/www.asahidojo.org\/sito\/?page_id=1909","title":{"rendered":"LE MANGA"},"content":{"rendered":"<h3><span style=\"font-family: Times New Roman,serif;\">Un <b>MANGA<\/b> <b>(<\/b><\/span><span style=\"font-family: Times New Roman,serif;\"><b>\u6f2b\u753b<\/b><\/span><span style=\"font-family: Times New Roman,serif;\"><b>)<\/b> de <b>GA<\/b><b> (<\/b><\/span><span style=\"font-family: Times New Roman,serif;\"><b>\u753b<\/b><\/span><span style=\"font-family: Times New Roman,serif;\"><b>)<\/b> qui d\u00e9signe la repr\u00e9sentation graphique \u00abdessin, peinture\u00bb &#8230; et <b>MAN (<\/b><\/span><span style=\"font-family: Times New Roman,serif;\"><b>\u6f2b<\/b><\/span><span style=\"font-family: Times New Roman,serif;\"><b>) \u00ab\u00a0<\/b>divertissant\u00a0\u00bb est une bande dessin\u00e9e japonaise. <\/span><\/h3>\n<p><a href=\"http:\/\/www.asahidojo.org\/sito\/wp-content\/uploads\/2013\/04\/Manga_in_Jp.svg_.png\"><img loading=\"lazy\" decoding=\"async\" class=\"alignnone size-full wp-image-1910\" alt=\"Manga_in_Jp.svg\" src=\"http:\/\/www.asahidojo.org\/sito\/wp-content\/uploads\/2013\/04\/Manga_in_Jp.svg_.png\" width=\"180\" height=\"262\" \/><\/a>KANJI de<strong> \u00ab\u00a0MANGA\u00a0\u00bb<\/strong><\/p>\n<h3 lang=\"fr-FR\"><span style=\"font-family: Times New Roman,serif;\">Ce mot est souvent utilis\u00e9 de fa\u00e7on impropre pour d\u00e9signer, par extension, une bande dessin\u00e9e non japonaise respectant les codes des productions populaires japonais ou pour nommer d&rsquo;autres produits visuels rappelant certaines de ces bandes dessin\u00e9es.<\/span><\/h3>\n<p style=\"text-align: center;\"><a href=\"http:\/\/www.asahidojo.org\/sito\/wp-content\/uploads\/2013\/04\/Manga-image-air-0368.jpg\"><img loading=\"lazy\" decoding=\"async\" class=\"alignnone size-medium wp-image-1911\" alt=\"Manga-image-air-0368\" src=\"http:\/\/www.asahidojo.org\/sito\/wp-content\/uploads\/2013\/04\/Manga-image-air-0368-300x225.jpg\" width=\"300\" height=\"225\" srcset=\"https:\/\/www.asahidojo.org\/sito\/wp-content\/uploads\/2013\/04\/Manga-image-air-0368-300x225.jpg 300w, https:\/\/www.asahidojo.org\/sito\/wp-content\/uploads\/2013\/04\/Manga-image-air-0368.jpg 1024w\" sizes=\"auto, (max-width: 300px) 100vw, 300px\" \/><\/a><\/p>\n","protected":false},"excerpt":{"rendered":"<p>Un MANGA (\u6f2b\u753b) de GA (\u753b) qui d\u00e9signe la repr\u00e9sentation graphique \u00abdessin, peinture\u00bb &#8230; et MAN (\u6f2b) \u00ab\u00a0divertissant\u00a0\u00bb est une bande dessin\u00e9e japonaise. KANJI de \u00ab\u00a0MANGA\u00a0\u00bb Ce mot est souvent utilis\u00e9 de fa\u00e7on impropre pour d\u00e9signer, par extension, une bande &hellip; <a href=\"https:\/\/www.asahidojo.org\/sito\/?page_id=1909\">Continue reading <span class=\"meta-nav\">&rarr;<\/span><\/a><\/p>\n","protected":false},"author":1,"featured_media":0,"parent":950,"menu_order":0,"comment_status":"open","ping_status":"open","template":"","meta":{"footnotes":""},"class_list":["post-1909","page","type-page","status-publish","hentry"],"_links":{"self":[{"href":"https:\/\/www.asahidojo.org\/sito\/index.php?rest_route=\/wp\/v2\/pages\/1909","targetHints":{"allow":["GET"]}}],"collection":[{"href":"https:\/\/www.asahidojo.org\/sito\/index.php?rest_route=\/wp\/v2\/pages"}],"about":[{"href":"https:\/\/www.asahidojo.org\/sito\/index.php?rest_route=\/wp\/v2\/types\/page"}],"author":[{"embeddable":true,"href":"https:\/\/www.asahidojo.org\/sito\/index.php?rest_route=\/wp\/v2\/users\/1"}],"replies":[{"embeddable":true,"href":"https:\/\/www.asahidojo.org\/sito\/index.php?rest_route=%2Fwp%2Fv2%2Fcomments&post=1909"}],"version-history":[{"count":1,"href":"https:\/\/www.asahidojo.org\/sito\/index.php?rest_route=\/wp\/v2\/pages\/1909\/revisions"}],"predecessor-version":[{"id":1912,"href":"https:\/\/www.asahidojo.org\/sito\/index.php?rest_route=\/wp\/v2\/pages\/1909\/revisions\/1912"}],"up":[{"embeddable":true,"href":"https:\/\/www.asahidojo.org\/sito\/index.php?rest_route=\/wp\/v2\/pages\/950"}],"wp:attachment":[{"href":"https:\/\/www.asahidojo.org\/sito\/index.php?rest_route=%2Fwp%2Fv2%2Fmedia&parent=1909"}],"curies":[{"name":"wp","href":"https:\/\/api.w.org\/{rel}","templated":true}]}}