{"id":1893,"date":"2013-04-02T18:29:56","date_gmt":"2013-04-02T16:29:56","guid":{"rendered":"http:\/\/www.asahidojo.org\/sito\/?page_id=1893"},"modified":"2013-04-26T19:56:33","modified_gmt":"2013-04-26T17:56:33","slug":"shintoisme","status":"publish","type":"page","link":"https:\/\/www.asahidojo.org\/sito\/?page_id=1893","title":{"rendered":"SHINTOISME"},"content":{"rendered":"<p>Le <b>SHINTOISME<\/b> ou <b>SHINTO<\/b><b> (<\/b><span style=\"font-family: Arial Unicode MS;\"><b>\u795e\u9053<\/b><\/span><b>)<\/b><b> <\/b>litt\u00e9ralement \u00abvoie des dieux\u00bb ou \u00abvoie du divin\u00bb est la religion la plus ancienne du Japon et particuli\u00e8rement li\u00e9e \u00e0 sa mythologie.<\/p>\n<p><a href=\"http:\/\/www.asahidojo.org\/sito\/wp-content\/uploads\/2013\/04\/shinto333.jpg\"><img loading=\"lazy\" decoding=\"async\" class=\"size-medium wp-image-1895 alignleft\" alt=\"shinto333\" src=\"http:\/\/www.asahidojo.org\/sito\/wp-content\/uploads\/2013\/04\/shinto333-300x200.jpg\" width=\"300\" height=\"200\" srcset=\"https:\/\/www.asahidojo.org\/sito\/wp-content\/uploads\/2013\/04\/shinto333-300x200.jpg 300w, https:\/\/www.asahidojo.org\/sito\/wp-content\/uploads\/2013\/04\/shinto333.jpg 600w\" sizes=\"auto, (max-width: 300px) 100vw, 300px\" \/><\/a>Elle englobe des \u00e9l\u00e9ments polyth\u00e9istes et animistes. Le terme <b>\u00abSHINTO\u00bb<\/b> ou \u00ab<b>KAMI NO MICHI<\/b>\u00bb, est apparu pour diff\u00e9rencier cette vieille religion du Bouddhisme \u00abimport\u00e9\u00bb au Japon au 10\u00b0 si\u00e8cle.<\/p>\n<p>Ses pratiquants seraient aujourd&rsquo;hui plus de cent millions au Japon.<\/p>\n<p style=\"text-align: center;\"><a href=\"http:\/\/www.asahidojo.org\/sito\/wp-content\/uploads\/2013\/04\/calligraphie-du-mot-shinto.jpg\"><img loading=\"lazy\" decoding=\"async\" class=\"alignnone size-full wp-image-1898\" alt=\"calligraphie-du-mot-shinto\" src=\"http:\/\/www.asahidojo.org\/sito\/wp-content\/uploads\/2013\/04\/calligraphie-du-mot-shinto.jpg\" width=\"133\" height=\"298\" \/><\/a>\u00a0 KANJI de<strong> \u00ab\u00a0SHINTO\u00a0\u00bb<\/strong><\/p>\n<p style=\"text-align: center;\">Le <b>TORII <\/b><strong>(<span style=\"font-family: Arial Unicode MS;\">\u9ce5\u5c45<\/span><\/strong><span style=\"color: #000000;\"><strong>) <\/strong><\/span>est un des symboles religieux du <b>SHINTOISME<\/b> et repr\u00e9sente une \u00ab\u00a0porte divine\u00a0\u00bb.<\/p>\n<p style=\"text-align: center;\"><a href=\"http:\/\/www.asahidojo.org\/sito\/wp-content\/uploads\/2013\/04\/shinto_priest.jpg\"><img loading=\"lazy\" decoding=\"async\" class=\"alignnone size-medium wp-image-1896\" alt=\"shinto_priest\" src=\"http:\/\/www.asahidojo.org\/sito\/wp-content\/uploads\/2013\/04\/shinto_priest-300x274.jpg\" width=\"300\" height=\"274\" srcset=\"https:\/\/www.asahidojo.org\/sito\/wp-content\/uploads\/2013\/04\/shinto_priest-300x274.jpg 300w, https:\/\/www.asahidojo.org\/sito\/wp-content\/uploads\/2013\/04\/shinto_priest.jpg 800w\" sizes=\"auto, (max-width: 300px) 100vw, 300px\" \/><\/a><\/p>\n<p style=\"text-align: left;\">Un <strong>SHIMENAWA<\/strong>\u00a0<strong>(\u6a19\u7e04 <\/strong>ou<strong> \u6ce8\u9023\u7e04)<\/strong> est une corde sacr\u00e9e faite en paille de riz tress\u00e9e permettant de d\u00e9limiter une enceinte shinto\u00efste sacr\u00e9e&#8230;<\/p>\n<p style=\"text-align: center;\"><a href=\"http:\/\/www.asahidojo.org\/sito\/wp-content\/uploads\/2013\/04\/shinto_tempel_11_shimenawa_gevlochten_rijststrengen_www_asiarice_org.jpg\"><img loading=\"lazy\" decoding=\"async\" class=\"alignnone size-medium wp-image-1906\" alt=\"shinto_tempel_11_shimenawa_gevlochten_rijststrengen_www_asiarice_org\" src=\"http:\/\/www.asahidojo.org\/sito\/wp-content\/uploads\/2013\/04\/shinto_tempel_11_shimenawa_gevlochten_rijststrengen_www_asiarice_org-300x233.jpg\" width=\"300\" height=\"233\" srcset=\"https:\/\/www.asahidojo.org\/sito\/wp-content\/uploads\/2013\/04\/shinto_tempel_11_shimenawa_gevlochten_rijststrengen_www_asiarice_org-300x233.jpg 300w, https:\/\/www.asahidojo.org\/sito\/wp-content\/uploads\/2013\/04\/shinto_tempel_11_shimenawa_gevlochten_rijststrengen_www_asiarice_org.jpg 640w\" sizes=\"auto, (max-width: 300px) 100vw, 300px\" \/><\/a><\/p>\n<p style=\"text-align: left;\">ou son pendus des <strong>GOHEI (\u5fa1\u5e63) <\/strong>un objet d\u00e9di\u00e9 aux <strong>KAMI<\/strong> dans le rituel <strong>SHINTO<\/strong>. Il est constitu\u00e9 de guirlandes ou de deux bandes de papiers pli\u00e9es, fix\u00e9es \u00e0 un pilier de bambou ou pendues au bout d&rsquo;une baguette de purification.<\/p>\n<p style=\"text-align: left;\"><a href=\"http:\/\/www.asahidojo.org\/sito\/wp-content\/uploads\/2013\/04\/200px-Shinto_gohei.jpeg\"><img loading=\"lazy\" decoding=\"async\" class=\"size-medium wp-image-1907 aligncenter\" alt=\"200px-Shinto_gohei\" src=\"http:\/\/www.asahidojo.org\/sito\/wp-content\/uploads\/2013\/04\/200px-Shinto_gohei-186x300.jpeg\" width=\"186\" height=\"300\" srcset=\"https:\/\/www.asahidojo.org\/sito\/wp-content\/uploads\/2013\/04\/200px-Shinto_gohei-186x300.jpeg 186w, https:\/\/www.asahidojo.org\/sito\/wp-content\/uploads\/2013\/04\/200px-Shinto_gohei.jpeg 200w\" sizes=\"auto, (max-width: 186px) 100vw, 186px\" \/><\/a><\/p>\n<p>\u00a0Les <span style=\"color: #000000;\"><b>KAMI (<\/b><\/span><span style=\"font-family: Arial Unicode MS;\"><span style=\"color: #000000;\"><b>\u795e<\/b><\/span><\/span><span style=\"color: #000000;\"><b>) <\/b><\/span>sont les divinit\u00e9s ou esprits du <b>SHINTOISME<\/b>.<\/p>\n<p><a href=\"http:\/\/www.asahidojo.org\/sito\/wp-content\/uploads\/2013\/04\/kami.gif\"><img loading=\"lazy\" decoding=\"async\" class=\"alignnone size-medium wp-image-1899\" alt=\"kami\" src=\"http:\/\/www.asahidojo.org\/sito\/wp-content\/uploads\/2013\/04\/kami-300x300.gif\" width=\"229\" height=\"229\" srcset=\"https:\/\/www.asahidojo.org\/sito\/wp-content\/uploads\/2013\/04\/kami-300x300.gif 300w, https:\/\/www.asahidojo.org\/sito\/wp-content\/uploads\/2013\/04\/kami-150x150.gif 150w\" sizes=\"auto, (max-width: 229px) 100vw, 229px\" \/><\/a>\u00a0 KANJI de <strong>\u00ab\u00a0KAMI\u00a0\u00bb<\/strong><\/p>\n<p>Il y aurait huit millions de <b>KAMI <\/b>au Japon, qui a pour surnom <b>SHINKOKU (<\/b><span style=\"font-family: Arial Unicode MS;\"><b>\u795e\u56fd<\/b><\/span>) le pays des divinit\u00e9s.<\/p>\n<p>Par exemple <b>AMATERASU<\/b> <b>(<\/b><span style=\"font-family: Arial Unicode MS;\"><b>\u5929\u7167<\/b><\/span><b>)<\/b> d\u00e9esse du soleil ou <b>INARI (<\/b><span style=\"font-family: Arial Unicode MS;\"><b>\u7a32\u8377\u795e<\/b><\/span><b>)<\/b> dieu du riz.<\/p>\n<p><b>AMATERASU<\/b>, ou plut\u00f4t <b>\u014cMIKAMI AMATERASU<\/b> (Grande d\u00e9esse du soleil) est donc incarn\u00e9e en louve et celle qui va ramener, selon la l\u00e9gende, la lumi\u00e8re sur le continent Nippon.<\/p>\n<p style=\"text-align: right;\"><a href=\"http:\/\/www.asahidojo.org\/sito\/wp-content\/uploads\/2013\/04\/amaterasu_28.jpg\"><img loading=\"lazy\" decoding=\"async\" class=\"alignnone size-medium wp-image-1897\" alt=\"amaterasu_28\" src=\"http:\/\/www.asahidojo.org\/sito\/wp-content\/uploads\/2013\/04\/amaterasu_28-300x210.jpg\" width=\"300\" height=\"210\" srcset=\"https:\/\/www.asahidojo.org\/sito\/wp-content\/uploads\/2013\/04\/amaterasu_28-300x210.jpg 300w, https:\/\/www.asahidojo.org\/sito\/wp-content\/uploads\/2013\/04\/amaterasu_28.jpg 800w\" sizes=\"auto, (max-width: 300px) 100vw, 300px\" \/><\/a>\u00a0\u00a0 <a href=\"http:\/\/www.asahidojo.org\/sito\/wp-content\/uploads\/2013\/04\/japon1.gif\"><img loading=\"lazy\" decoding=\"async\" class=\"alignnone size-medium wp-image-1900\" alt=\"japon1\" src=\"http:\/\/www.asahidojo.org\/sito\/wp-content\/uploads\/2013\/04\/japon1-300x283.gif\" width=\"219\" height=\"207\" \/><\/a><\/p>\n<p>Les <b>KAMI<\/b> s&rsquo;attachent \u00e0 des objets sacr\u00e9s, des \u00eatres spirituels, des animaux, des parties de la nature.Ils sont r\u00e9put\u00e9s favoriser les rapports entre les parents et les enfants, les anc\u00eatres et leurs descendants.<\/p>\n<p style=\"text-align: center;\"><a href=\"http:\/\/www.asahidojo.org\/sito\/wp-content\/uploads\/2013\/04\/shinto.jpg\"><img loading=\"lazy\" decoding=\"async\" class=\"alignnone size-medium wp-image-1894\" alt=\"shinto\" src=\"http:\/\/www.asahidojo.org\/sito\/wp-content\/uploads\/2013\/04\/shinto-300x245.jpg\" width=\"366\" height=\"298\" srcset=\"https:\/\/www.asahidojo.org\/sito\/wp-content\/uploads\/2013\/04\/shinto-300x245.jpg 300w, https:\/\/www.asahidojo.org\/sito\/wp-content\/uploads\/2013\/04\/shinto.jpg 450w\" sizes=\"auto, (max-width: 366px) 100vw, 366px\" \/><\/a><\/p>\n<h3><span style=\"font-family: Times New Roman,serif;\"><span style=\"font-size: medium;\">Ce sont seulement des esprits c\u00e9lestes ayant des pouvoirs, mais n\u2019\u00e9tant pas tout-puissants, et aussi des esprits terrestres dispensant des b\u00e9n\u00e9dictions ou des sanctions aux gens sur terre.<\/span><\/span><\/h3>\n<h3><span style=\"font-family: Times New Roman,serif;\"><span style=\"font-size: medium;\">&#8211; Le <\/span><\/span><strong><span style=\"font-family: Times New Roman,serif;\"><span style=\"font-size: medium;\"><b>TENGU (<\/b><\/span><\/span><span style=\"font-family: Arial Unicode MS;\"><span style=\"font-family: Times New Roman,serif;\"><span style=\"font-size: medium;\"><b>\u5929\u72d7<\/b><\/span><\/span><\/span><\/strong><strong><span style=\"font-family: Times New Roman,serif;\"><span style=\"font-size: medium;\"><b>)<\/b><\/span><\/span><\/strong><span style=\"font-family: Times New Roman,serif;\"><span style=\"font-size: medium;\"> \u00abfanfaron c\u00e9leste\u00bb est un dieu <\/span><\/span><strong><span style=\"font-family: Times New Roman,serif;\"><span style=\"font-size: medium;\">KAMI<\/span><\/span><\/strong><span style=\"font-family: Times New Roman,serif;\"><span style=\"font-size: medium;\"> mineur du folklore japonais.Il est un sujet populaire de l&rsquo;art, du th\u00e9\u00e2tre, et de la litt\u00e9rature japonaise.<\/span><\/span><\/h3>\n<p><br style=\"font-size: medium;\" \/><span style=\"font-family: Times New Roman,serif;\"><a href=\"http:\/\/www.asahidojo.org\/sito\/wp-content\/uploads\/2013\/04\/220px-Tengu.jpg\"><img loading=\"lazy\" decoding=\"async\" class=\"alignnone size-medium wp-image-1941\" alt=\"220px-Tengu\" src=\"http:\/\/www.asahidojo.org\/sito\/wp-content\/uploads\/2013\/04\/220px-Tengu-172x300.jpg\" width=\"172\" height=\"300\" srcset=\"https:\/\/www.asahidojo.org\/sito\/wp-content\/uploads\/2013\/04\/220px-Tengu-172x300.jpg 172w, https:\/\/www.asahidojo.org\/sito\/wp-content\/uploads\/2013\/04\/220px-Tengu.jpg 220w\" sizes=\"auto, (max-width: 172px) 100vw, 172px\" \/><\/a>\u00a0\u00a0\u00a0\u00a0\u00a0\u00a0 <span style=\"font-size: medium;\">Ce sont des divinit\u00e9s moqueuses qui punissent les pr\u00eatres bouddhistes trop arrogants, les arrivistes, les orgueilleux et, dans des temps plus recul\u00e9s, les <\/span><span style=\"font-size: medium;\"><b>SAMURAI<\/b><\/span><span style=\"font-size: medium;\"> vaniteux. <\/span><\/span><\/p>\n<h3 style=\"text-align: center;\">Un dicton japonais dit :<\/h3>\n<h3 style=\"text-align: center;\"><em><strong> \u00ab\u00a0Respectez les KAMI mais ne vous en remettez jamais \u00e0 eux\u00a0\u00bb<\/strong><\/em><\/h3>\n<p>&nbsp;<\/p>\n","protected":false},"excerpt":{"rendered":"<p>Le SHINTOISME ou SHINTO (\u795e\u9053) litt\u00e9ralement \u00abvoie des dieux\u00bb ou \u00abvoie du divin\u00bb est la religion la plus ancienne du Japon et particuli\u00e8rement li\u00e9e \u00e0 sa mythologie. Elle englobe des \u00e9l\u00e9ments polyth\u00e9istes et animistes. Le terme \u00abSHINTO\u00bb ou \u00abKAMI NO &hellip; <a href=\"https:\/\/www.asahidojo.org\/sito\/?page_id=1893\">Continue reading <span class=\"meta-nav\">&rarr;<\/span><\/a><\/p>\n","protected":false},"author":1,"featured_media":0,"parent":950,"menu_order":0,"comment_status":"open","ping_status":"open","template":"","meta":{"footnotes":""},"class_list":["post-1893","page","type-page","status-publish","hentry"],"_links":{"self":[{"href":"https:\/\/www.asahidojo.org\/sito\/index.php?rest_route=\/wp\/v2\/pages\/1893","targetHints":{"allow":["GET"]}}],"collection":[{"href":"https:\/\/www.asahidojo.org\/sito\/index.php?rest_route=\/wp\/v2\/pages"}],"about":[{"href":"https:\/\/www.asahidojo.org\/sito\/index.php?rest_route=\/wp\/v2\/types\/page"}],"author":[{"embeddable":true,"href":"https:\/\/www.asahidojo.org\/sito\/index.php?rest_route=\/wp\/v2\/users\/1"}],"replies":[{"embeddable":true,"href":"https:\/\/www.asahidojo.org\/sito\/index.php?rest_route=%2Fwp%2Fv2%2Fcomments&post=1893"}],"version-history":[{"count":13,"href":"https:\/\/www.asahidojo.org\/sito\/index.php?rest_route=\/wp\/v2\/pages\/1893\/revisions"}],"predecessor-version":[{"id":2350,"href":"https:\/\/www.asahidojo.org\/sito\/index.php?rest_route=\/wp\/v2\/pages\/1893\/revisions\/2350"}],"up":[{"embeddable":true,"href":"https:\/\/www.asahidojo.org\/sito\/index.php?rest_route=\/wp\/v2\/pages\/950"}],"wp:attachment":[{"href":"https:\/\/www.asahidojo.org\/sito\/index.php?rest_route=%2Fwp%2Fv2%2Fmedia&parent=1893"}],"curies":[{"name":"wp","href":"https:\/\/api.w.org\/{rel}","templated":true}]}}