{"id":1869,"date":"2013-04-02T15:31:49","date_gmt":"2013-04-02T13:31:49","guid":{"rendered":"http:\/\/www.asahidojo.org\/sito\/?page_id=1869"},"modified":"2013-04-02T15:34:39","modified_gmt":"2013-04-02T13:34:39","slug":"les-boissons","status":"publish","type":"page","link":"https:\/\/www.asahidojo.org\/sito\/?page_id=1869","title":{"rendered":"LES BOISSONS"},"content":{"rendered":"<p>Les<b> NIHONSHU<\/b><strong> (\u65e5\u672c\u9152) <\/strong>litt\u00e9ralement \u00ab\u00a0alcool japonais\u00a0\u00bb.<\/p>\n<p style=\"text-align: center;\">&#8211; La Bi\u00e8re <strong>BIRU<\/strong> <strong>(\u30d3\u30fc\u30eb)<\/strong><\/p>\n<p style=\"text-align: center;\"><a href=\"http:\/\/www.asahidojo.org\/sito\/wp-content\/uploads\/2013\/04\/220px-Asahi_superdry_japan.jpg\"><img loading=\"lazy\" decoding=\"async\" class=\"alignnone size-medium wp-image-1870\" alt=\"220px-Asahi_superdry_japan\" src=\"http:\/\/www.asahidojo.org\/sito\/wp-content\/uploads\/2013\/04\/220px-Asahi_superdry_japan-162x300.jpg\" width=\"162\" height=\"300\" \/><\/a><\/p>\n<p style=\"text-align: left;\">&#8211; Le <strong>SAKE (\u9152)<\/strong> ou <strong>O SAKE (\u304a\u9152)<\/strong><\/p>\n<p><a href=\"http:\/\/www.asahidojo.org\/sito\/wp-content\/uploads\/2013\/04\/sake.jpg\"><img loading=\"lazy\" decoding=\"async\" class=\"alignnone size-medium wp-image-1872\" alt=\"sake\" src=\"http:\/\/www.asahidojo.org\/sito\/wp-content\/uploads\/2013\/04\/sake-197x300.jpg\" width=\"197\" height=\"300\" srcset=\"https:\/\/www.asahidojo.org\/sito\/wp-content\/uploads\/2013\/04\/sake-197x300.jpg 197w, https:\/\/www.asahidojo.org\/sito\/wp-content\/uploads\/2013\/04\/sake.jpg 309w\" sizes=\"auto, (max-width: 197px) 100vw, 197px\" \/><\/a>\u00a0 en bouteille &#8230;.<\/p>\n<p><a href=\"http:\/\/www.asahidojo.org\/sito\/wp-content\/uploads\/2013\/04\/th4.jpg\"><img loading=\"lazy\" decoding=\"async\" class=\"alignnone size-full wp-image-1875\" alt=\"th\" src=\"http:\/\/www.asahidojo.org\/sito\/wp-content\/uploads\/2013\/04\/th4.jpg\" width=\"300\" height=\"206\" \/><\/a>\u00a0 ou en barils &#8230;&#8230;<\/p>\n<p style=\"text-align: center;\">&#8211; Le <b>BANCHA<\/b> <strong>(\u756a\u8336<\/strong><strong>)<\/strong> litt\u00e9ralement th\u00e9 ordinaire est un th\u00e9 vert japonais ou <strong>CHA (\u8336)<\/strong><\/p>\n<p style=\"text-align: center;\"><a href=\"http:\/\/www.asahidojo.org\/sito\/wp-content\/uploads\/2013\/04\/chanoyu_92.jpg\"><img loading=\"lazy\" decoding=\"async\" class=\"alignnone size-medium wp-image-1874\" alt=\"chanoyu_92\" src=\"http:\/\/www.asahidojo.org\/sito\/wp-content\/uploads\/2013\/04\/chanoyu_92-300x199.jpg\" width=\"300\" height=\"199\" srcset=\"https:\/\/www.asahidojo.org\/sito\/wp-content\/uploads\/2013\/04\/chanoyu_92-300x199.jpg 300w, https:\/\/www.asahidojo.org\/sito\/wp-content\/uploads\/2013\/04\/chanoyu_92.jpg 500w\" sizes=\"auto, (max-width: 300px) 100vw, 300px\" \/><\/a><\/p>\n<p>&#8211; Le whisky <strong>UISUKI (\u30a6\u30a4\u30b9\u30ad\u30fc)<\/strong><\/p>\n<p><a href=\"http:\/\/www.asahidojo.org\/sito\/wp-content\/uploads\/2013\/04\/whisky-japonais-1417945.jpg\"><img loading=\"lazy\" decoding=\"async\" class=\"alignnone size-medium wp-image-1873\" alt=\"whisky-japonais-1417945\" src=\"http:\/\/www.asahidojo.org\/sito\/wp-content\/uploads\/2013\/04\/whisky-japonais-1417945-236x300.jpg\" width=\"236\" height=\"300\" srcset=\"https:\/\/www.asahidojo.org\/sito\/wp-content\/uploads\/2013\/04\/whisky-japonais-1417945-236x300.jpg 236w, https:\/\/www.asahidojo.org\/sito\/wp-content\/uploads\/2013\/04\/whisky-japonais-1417945.jpg 300w\" sizes=\"auto, (max-width: 236px) 100vw, 236px\" \/><\/a><\/p>\n<p>&nbsp;<\/p>\n","protected":false},"excerpt":{"rendered":"<p>Les NIHONSHU (\u65e5\u672c\u9152) litt\u00e9ralement \u00ab\u00a0alcool japonais\u00a0\u00bb. &#8211; La Bi\u00e8re BIRU (\u30d3\u30fc\u30eb) &#8211; Le SAKE (\u9152) ou O SAKE (\u304a\u9152) \u00a0 en bouteille &#8230;. \u00a0 ou en barils &#8230;&#8230; &#8211; Le BANCHA (\u756a\u8336) litt\u00e9ralement th\u00e9 ordinaire est un th\u00e9 vert japonais &hellip; <a href=\"https:\/\/www.asahidojo.org\/sito\/?page_id=1869\">Continue reading <span class=\"meta-nav\">&rarr;<\/span><\/a><\/p>\n","protected":false},"author":1,"featured_media":0,"parent":950,"menu_order":0,"comment_status":"open","ping_status":"open","template":"","meta":{"footnotes":""},"class_list":["post-1869","page","type-page","status-publish","hentry"],"_links":{"self":[{"href":"https:\/\/www.asahidojo.org\/sito\/index.php?rest_route=\/wp\/v2\/pages\/1869","targetHints":{"allow":["GET"]}}],"collection":[{"href":"https:\/\/www.asahidojo.org\/sito\/index.php?rest_route=\/wp\/v2\/pages"}],"about":[{"href":"https:\/\/www.asahidojo.org\/sito\/index.php?rest_route=\/wp\/v2\/types\/page"}],"author":[{"embeddable":true,"href":"https:\/\/www.asahidojo.org\/sito\/index.php?rest_route=\/wp\/v2\/users\/1"}],"replies":[{"embeddable":true,"href":"https:\/\/www.asahidojo.org\/sito\/index.php?rest_route=%2Fwp%2Fv2%2Fcomments&post=1869"}],"version-history":[{"count":4,"href":"https:\/\/www.asahidojo.org\/sito\/index.php?rest_route=\/wp\/v2\/pages\/1869\/revisions"}],"predecessor-version":[{"id":1879,"href":"https:\/\/www.asahidojo.org\/sito\/index.php?rest_route=\/wp\/v2\/pages\/1869\/revisions\/1879"}],"up":[{"embeddable":true,"href":"https:\/\/www.asahidojo.org\/sito\/index.php?rest_route=\/wp\/v2\/pages\/950"}],"wp:attachment":[{"href":"https:\/\/www.asahidojo.org\/sito\/index.php?rest_route=%2Fwp%2Fv2%2Fmedia&parent=1869"}],"curies":[{"name":"wp","href":"https:\/\/api.w.org\/{rel}","templated":true}]}}