{"id":1715,"date":"2013-04-01T23:08:02","date_gmt":"2013-04-01T21:08:02","guid":{"rendered":"http:\/\/www.asahidojo.org\/sito\/?page_id=1715"},"modified":"2013-04-26T19:45:37","modified_gmt":"2013-04-26T17:45:37","slug":"le-kimono","status":"publish","type":"page","link":"https:\/\/www.asahidojo.org\/sito\/?page_id=1715","title":{"rendered":"LE KIMONO"},"content":{"rendered":"<h3><span style=\"font-family: Times New Roman,serif;\">Le <\/span><span style=\"font-family: Times New Roman,serif;\"><b>KIMONO (<\/b><\/span><span style=\"font-family: Arial Unicode MS;\"><span style=\"font-family: Times New Roman,serif;\"><b>\u7740\u7269<\/b><\/span><\/span><span style=\"font-family: Times New Roman,serif;\"><b>)<\/b><\/span><span style=\"font-family: Times New Roman,serif;\"> de<\/span><span style=\"font-family: Times New Roman,serif;\"><b> KIRU<\/b><\/span><span style=\"font-family: Times New Roman,serif;\"> et <\/span><span style=\"font-family: Times New Roman,serif;\"><b>MONO<\/b><\/span><span style=\"font-family: Times New Roman,serif;\">, signifiant litt\u00e9ralement \u00abchose que l&rsquo;on porte sur soi\u00bb<\/span><span style=\"font-family: Times New Roman,serif;\"> est est le v\u00eatement traditionnel japonais.<\/span><\/h3>\n<p style=\"text-align: center;\"><a href=\"http:\/\/www.asahidojo.org\/sito\/wp-content\/uploads\/2013\/04\/2402520575_1.jpg\"><img loading=\"lazy\" decoding=\"async\" class=\"alignnone size-medium wp-image-1717\" alt=\"2402520575_1\" src=\"http:\/\/www.asahidojo.org\/sito\/wp-content\/uploads\/2013\/04\/2402520575_1-212x300.jpg\" width=\"212\" height=\"300\" srcset=\"https:\/\/www.asahidojo.org\/sito\/wp-content\/uploads\/2013\/04\/2402520575_1-212x300.jpg 212w, https:\/\/www.asahidojo.org\/sito\/wp-content\/uploads\/2013\/04\/2402520575_1.jpg 424w\" sizes=\"auto, (max-width: 212px) 100vw, 212px\" \/><\/a><\/p>\n<h3><span style=\"font-family: Times New Roman,serif;\">Il est souvent confondu, \u00e0 tort, avec les v\u00eatements d&rsquo;entra\u00eenement utilis\u00e9s dans les arts martiaux appel\u00e9s <\/span><span style=\"font-family: Times New Roman,serif;\"><b>KEIKOGI (<\/b><\/span><span style=\"font-family: Arial Unicode MS;\"><span style=\"font-family: Times New Roman,serif;\"><b>\u7a3d\u53e4\u7740<\/b><\/span><\/span><span style=\"font-family: Times New Roman,serif;\"><b>)<\/b><\/span><span style=\"font-family: Times New Roman,serif;\">.<\/span><\/h3>\n<h3><span style=\"font-family: Times New Roman,serif;\">Il en existe une quantit\u00e9 diverses selon la c\u00e9r\u00e9monie \u00e0 laquelle on participe &#8230;<br \/>\n<\/span><\/h3>\n<p><a href=\"http:\/\/www.asahidojo.org\/sito\/wp-content\/uploads\/2013\/04\/private-category-kimono-homme-img.jpg\"><img loading=\"lazy\" decoding=\"async\" alt=\"private-category-kimono-homme-img\" src=\"http:\/\/www.asahidojo.org\/sito\/wp-content\/uploads\/2013\/04\/private-category-kimono-homme-img-230x300.jpg\" width=\"257\" height=\"335\" \/><\/a><strong>\u00a0\u00a0 KIMONO<\/strong> de mariage<\/p>\n<p>&#8230; et selon que l&rsquo;on soit un homme ou une femme.<\/p>\n<p><a href=\"http:\/\/www.asahidojo.org\/sito\/wp-content\/uploads\/2013\/04\/kimono-homme.jpg\"><img loading=\"lazy\" decoding=\"async\" class=\"alignnone size-medium wp-image-1726\" alt=\"kimono-homme\" src=\"http:\/\/www.asahidojo.org\/sito\/wp-content\/uploads\/2013\/04\/kimono-homme-300x300.jpg\" width=\"300\" height=\"300\" srcset=\"https:\/\/www.asahidojo.org\/sito\/wp-content\/uploads\/2013\/04\/kimono-homme-300x300.jpg 300w, https:\/\/www.asahidojo.org\/sito\/wp-content\/uploads\/2013\/04\/kimono-homme-150x150.jpg 150w, https:\/\/www.asahidojo.org\/sito\/wp-content\/uploads\/2013\/04\/kimono-homme.jpg 600w\" sizes=\"auto, (max-width: 300px) 100vw, 300px\" \/><\/a><strong>KIMONO<\/strong> masculin<\/p>\n<p><a href=\"http:\/\/www.asahidojo.org\/sito\/wp-content\/uploads\/2013\/04\/kimono001fu4.jpg\"><img loading=\"lazy\" decoding=\"async\" class=\"alignnone size-medium wp-image-1721\" alt=\"kimono001fu4\" src=\"http:\/\/www.asahidojo.org\/sito\/wp-content\/uploads\/2013\/04\/kimono001fu4-243x300.jpg\" width=\"243\" height=\"300\" srcset=\"https:\/\/www.asahidojo.org\/sito\/wp-content\/uploads\/2013\/04\/kimono001fu4-243x300.jpg 243w, https:\/\/www.asahidojo.org\/sito\/wp-content\/uploads\/2013\/04\/kimono001fu4.jpg 369w\" sizes=\"auto, (max-width: 243px) 100vw, 243px\" \/><\/a>\u00a0 <strong>KIMONO<\/strong> f\u00e9minin<\/p>\n<p style=\"text-align: right;\"><a href=\"http:\/\/www.asahidojo.org\/sito\/wp-content\/uploads\/2013\/04\/kimono-samourai-yotsume-bashi-principal-2.jpg\"><img loading=\"lazy\" decoding=\"async\" class=\"size-full wp-image-1719 alignleft\" alt=\"kimono-samourai-yotsume-bashi-principal-2\" src=\"http:\/\/www.asahidojo.org\/sito\/wp-content\/uploads\/2013\/04\/kimono-samourai-yotsume-bashi-principal-2.jpg\" width=\"271\" height=\"300\" \/><\/a><\/p>\n<p style=\"text-align: right;\"><a href=\"http:\/\/www.asahidojo.org\/sito\/wp-content\/uploads\/2013\/04\/thloi.jpg\"><img loading=\"lazy\" decoding=\"async\" class=\"alignnone size-full wp-image-1722\" alt=\"thloi\" src=\"http:\/\/www.asahidojo.org\/sito\/wp-content\/uploads\/2013\/04\/thloi.jpg\" width=\"200\" height=\"300\" \/><\/a><strong><\/strong><\/p>\n<p style=\"text-align: left;\"><strong>\u00a0\u00a0\u00a0\u00a0\u00a0\u00a0\u00a0\u00a0\u00a0\u00a0\u00a0\u00a0\u00a0\u00a0\u00a0\u00a0\u00a0\u00a0\u00a0\u00a0\u00a0\u00a0\u00a0\u00a0\u00a0\u00a0\u00a0\u00a0\u00a0\u00a0\u00a0\u00a0\u00a0\u00a0\u00a0\u00a0\u00a0\u00a0\u00a0\u00a0\u00a0\u00a0\u00a0\u00a0\u00a0\u00a0\u00a0\u00a0\u00a0\u00a0\u00a0\u00a0\u00a0\u00a0\u00a0\u00a0\u00a0\u00a0\u00a0\u00a0 KIMONO<\/strong> antique port\u00e9 par le <strong>SAMURAI<\/strong><\/p>\n<h3 style=\"text-align: left;\"><span style=\"font-family: Times New Roman,serif;\">Le <\/span><span style=\"font-family: Times New Roman,serif;\"><b>OBI <\/b><\/span><span style=\"font-family: Times New Roman,serif;\"><b>(<\/b><\/span><span style=\"font-family: Arial Unicode MS;\"><span style=\"font-family: Times New Roman,serif;\"><b>\u5e2f<\/b><\/span><\/span><span style=\"font-family: Times New Roman,serif;\"><b>) <\/b><\/span><span style=\"font-family: Times New Roman,serif;\">est la large ceinture en soie que l&rsquo;on met autour de la taille et qui sert \u00e0\u00a0 fermer le <strong>KIMONO<\/strong>.<br \/>\n<\/span><\/h3>\n<p style=\"text-align: left;\"><a href=\"http:\/\/www.asahidojo.org\/sito\/wp-content\/uploads\/2013\/04\/obi.jpg\"><img loading=\"lazy\" decoding=\"async\" class=\"alignnone size-medium wp-image-1728\" alt=\"obi\" src=\"http:\/\/www.asahidojo.org\/sito\/wp-content\/uploads\/2013\/04\/obi-300x280.jpg\" width=\"300\" height=\"280\" srcset=\"https:\/\/www.asahidojo.org\/sito\/wp-content\/uploads\/2013\/04\/obi-300x280.jpg 300w, https:\/\/www.asahidojo.org\/sito\/wp-content\/uploads\/2013\/04\/obi.jpg 700w\" sizes=\"auto, (max-width: 300px) 100vw, 300px\" \/><\/a> \u00a0 \u00a0 <a href=\"http:\/\/www.asahidojo.org\/sito\/wp-content\/uploads\/2013\/04\/Ujisato_Vetement_3.jpg\"><img loading=\"lazy\" decoding=\"async\" class=\"alignnone size-medium wp-image-1723\" alt=\"Ujisato_Vetement_3\" src=\"http:\/\/www.asahidojo.org\/sito\/wp-content\/uploads\/2013\/04\/Ujisato_Vetement_3-212x300.jpg\" width=\"212\" height=\"300\" srcset=\"https:\/\/www.asahidojo.org\/sito\/wp-content\/uploads\/2013\/04\/Ujisato_Vetement_3-212x300.jpg 212w, https:\/\/www.asahidojo.org\/sito\/wp-content\/uploads\/2013\/04\/Ujisato_Vetement_3.jpg 283w\" sizes=\"auto, (max-width: 212px) 100vw, 212px\" \/><\/a><\/p>\n<h3>Le <strong>YUKATA <span style=\"font-family: Times New Roman,serif;\">(<\/span><span style=\"font-family: Times New Roman,serif;\">\u6d74\u8863) <\/span><\/strong><span style=\"font-family: Times New Roman,serif;\">litt\u00e9ralement \u00ab\u00a0v\u00eatement de bain\u00a0\u00bb est un terme japonais d\u00e9signant un l\u00e9ger <strong>KIMONO <\/strong><\/span><span style=\"font-family: Times New Roman,serif;\">d&rsquo;\u00e9t\u00e9 port\u00e9 \u00e0 la fois par les hommes, femmes et enfants.<br \/>\n<\/span><\/h3>\n<h3><span style=\"font-family: Times New Roman,serif;\">Son origine remonte aux<strong> ONSEN (\u6e29\u6cc9)<sup> \u00a0<\/sup><\/strong>litt. \u00ab\u00a0source chaude\u00a0\u00bb qui est un bain thermal japonais.\u00a0 <\/span><\/h3>\n<p><a href=\"http:\/\/www.asahidojo.org\/sito\/wp-content\/uploads\/2013\/04\/YM53.jpg\"><img loading=\"lazy\" decoding=\"async\" class=\"alignnone size-medium wp-image-1731\" alt=\"YM53\" src=\"http:\/\/www.asahidojo.org\/sito\/wp-content\/uploads\/2013\/04\/YM53-231x300.jpg\" width=\"231\" height=\"300\" srcset=\"https:\/\/www.asahidojo.org\/sito\/wp-content\/uploads\/2013\/04\/YM53-231x300.jpg 231w, https:\/\/www.asahidojo.org\/sito\/wp-content\/uploads\/2013\/04\/YM53.jpg 786w\" sizes=\"auto, (max-width: 231px) 100vw, 231px\" \/><\/a><\/p>\n<p style=\"text-align: center;\">On le porte avec des <strong>GETA (\u4e0b\u99c4)<\/strong> (sandales de bois)<\/p>\n<p style=\"text-align: center;\"><a href=\"http:\/\/www.asahidojo.org\/sito\/wp-content\/uploads\/2013\/04\/japanese-footwear-geta-4l-01.jpg\"><img loading=\"lazy\" decoding=\"async\" class=\"size-medium wp-image-1732 aligncenter\" alt=\"japanese-footwear-geta-4l-01\" src=\"http:\/\/www.asahidojo.org\/sito\/wp-content\/uploads\/2013\/04\/japanese-footwear-geta-4l-01-300x225.jpg\" width=\"300\" height=\"225\" srcset=\"https:\/\/www.asahidojo.org\/sito\/wp-content\/uploads\/2013\/04\/japanese-footwear-geta-4l-01-300x225.jpg 300w, https:\/\/www.asahidojo.org\/sito\/wp-content\/uploads\/2013\/04\/japanese-footwear-geta-4l-01.jpg 800w\" sizes=\"auto, (max-width: 300px) 100vw, 300px\" \/><\/a>et chauss\u00e9 de <strong>TABI (\u8db3\u888b)<\/strong> (chaussettes)<\/p>\n<p><a href=\"http:\/\/www.asahidojo.org\/sito\/wp-content\/uploads\/2013\/04\/908796334_ML.jpg\"><img loading=\"lazy\" decoding=\"async\" class=\"size-full wp-image-1720 aligncenter\" alt=\"908796334_ML\" src=\"http:\/\/www.asahidojo.org\/sito\/wp-content\/uploads\/2013\/04\/908796334_ML.jpg\" width=\"270\" height=\"270\" srcset=\"https:\/\/www.asahidojo.org\/sito\/wp-content\/uploads\/2013\/04\/908796334_ML.jpg 270w, https:\/\/www.asahidojo.org\/sito\/wp-content\/uploads\/2013\/04\/908796334_ML-150x150.jpg 150w\" sizes=\"auto, (max-width: 270px) 100vw, 270px\" \/><\/a><\/p>\n<p>&nbsp;<\/p>\n","protected":false},"excerpt":{"rendered":"<p>Le KIMONO (\u7740\u7269) de KIRU et MONO, signifiant litt\u00e9ralement \u00abchose que l&rsquo;on porte sur soi\u00bb est est le v\u00eatement traditionnel japonais. Il est souvent confondu, \u00e0 tort, avec les v\u00eatements d&rsquo;entra\u00eenement utilis\u00e9s dans les arts martiaux appel\u00e9s KEIKOGI (\u7a3d\u53e4\u7740). Il &hellip; <a href=\"https:\/\/www.asahidojo.org\/sito\/?page_id=1715\">Continue reading <span class=\"meta-nav\">&rarr;<\/span><\/a><\/p>\n","protected":false},"author":1,"featured_media":0,"parent":950,"menu_order":0,"comment_status":"open","ping_status":"open","template":"","meta":{"footnotes":""},"class_list":["post-1715","page","type-page","status-publish","hentry"],"_links":{"self":[{"href":"https:\/\/www.asahidojo.org\/sito\/index.php?rest_route=\/wp\/v2\/pages\/1715","targetHints":{"allow":["GET"]}}],"collection":[{"href":"https:\/\/www.asahidojo.org\/sito\/index.php?rest_route=\/wp\/v2\/pages"}],"about":[{"href":"https:\/\/www.asahidojo.org\/sito\/index.php?rest_route=\/wp\/v2\/types\/page"}],"author":[{"embeddable":true,"href":"https:\/\/www.asahidojo.org\/sito\/index.php?rest_route=\/wp\/v2\/users\/1"}],"replies":[{"embeddable":true,"href":"https:\/\/www.asahidojo.org\/sito\/index.php?rest_route=%2Fwp%2Fv2%2Fcomments&post=1715"}],"version-history":[{"count":15,"href":"https:\/\/www.asahidojo.org\/sito\/index.php?rest_route=\/wp\/v2\/pages\/1715\/revisions"}],"predecessor-version":[{"id":1725,"href":"https:\/\/www.asahidojo.org\/sito\/index.php?rest_route=\/wp\/v2\/pages\/1715\/revisions\/1725"}],"up":[{"embeddable":true,"href":"https:\/\/www.asahidojo.org\/sito\/index.php?rest_route=\/wp\/v2\/pages\/950"}],"wp:attachment":[{"href":"https:\/\/www.asahidojo.org\/sito\/index.php?rest_route=%2Fwp%2Fv2%2Fmedia&parent=1715"}],"curies":[{"name":"wp","href":"https:\/\/api.w.org\/{rel}","templated":true}]}}