{"id":1689,"date":"2013-04-01T21:11:38","date_gmt":"2013-04-01T19:11:38","guid":{"rendered":"http:\/\/www.asahidojo.org\/sito\/?page_id=1689"},"modified":"2013-04-01T21:46:20","modified_gmt":"2013-04-01T19:46:20","slug":"larmure","status":"publish","type":"page","link":"https:\/\/www.asahidojo.org\/sito\/?page_id=1689","title":{"rendered":"L&rsquo;ARMURE"},"content":{"rendered":"<p style=\"text-align: center;\"><a href=\"http:\/\/www.asahidojo.org\/sito\/wp-content\/uploads\/2013\/04\/samurai.jpg\"><img loading=\"lazy\" decoding=\"async\" class=\"alignnone size-medium wp-image-1710\" alt=\"samurai\" src=\"http:\/\/www.asahidojo.org\/sito\/wp-content\/uploads\/2013\/04\/samurai-300x225.jpg\" width=\"368\" height=\"275\" srcset=\"https:\/\/www.asahidojo.org\/sito\/wp-content\/uploads\/2013\/04\/samurai-300x225.jpg 300w, https:\/\/www.asahidojo.org\/sito\/wp-content\/uploads\/2013\/04\/samurai.jpg 640w\" sizes=\"auto, (max-width: 368px) 100vw, 368px\" \/><\/a><\/p>\n<p style=\"text-align: center;\"><a href=\"http:\/\/www.asahidojo.org\/sito\/wp-content\/uploads\/2013\/04\/Armure-samourai-rouge.jpg\"><img loading=\"lazy\" decoding=\"async\" class=\"alignnone size-full wp-image-1713\" alt=\"Armure-samourai-rouge\" src=\"http:\/\/www.asahidojo.org\/sito\/wp-content\/uploads\/2013\/04\/Armure-samourai-rouge.jpg\" width=\"235\" height=\"300\" \/><\/a><\/p>\n<p>Un \u00e9quipement protecteur couvre le <strong>SAMURAI<\/strong> de la t\u00eate au pied. L&rsquo;armure <strong>O YOROI<\/strong> est constitu\u00e9e de plusieurs parties en cuir, en m\u00e9tal &#8230;. et est con\u00e7ue de mani\u00e8re \u00e0 favoriser le plus possible la mobilit\u00e9 du combattant.<\/p>\n<p style=\"text-align: center;\"><a href=\"http:\/\/www.asahidojo.org\/sito\/wp-content\/uploads\/2013\/04\/armure-de-samourai-beige.jpg\"><img loading=\"lazy\" decoding=\"async\" class=\"size-medium wp-image-1691\" alt=\"armure-de-samourai-beige\" src=\"http:\/\/www.asahidojo.org\/sito\/wp-content\/uploads\/2013\/04\/armure-de-samourai-beige-300x300.jpg\" width=\"236\" height=\"236\" srcset=\"https:\/\/www.asahidojo.org\/sito\/wp-content\/uploads\/2013\/04\/armure-de-samourai-beige-300x300.jpg 300w, https:\/\/www.asahidojo.org\/sito\/wp-content\/uploads\/2013\/04\/armure-de-samourai-beige-150x150.jpg 150w, https:\/\/www.asahidojo.org\/sito\/wp-content\/uploads\/2013\/04\/armure-de-samourai-beige.jpg 600w\" sizes=\"auto, (max-width: 236px) 100vw, 236px\" \/><\/a><\/p>\n<p style=\"text-align: left;\">\u00a0 \u00a0 \u00a0 <a href=\"http:\/\/www.asahidojo.org\/sito\/wp-content\/uploads\/2013\/04\/110331075209298367.jpg\"><img loading=\"lazy\" decoding=\"async\" class=\"alignnone size-medium wp-image-1699\" alt=\"110331075209298367\" src=\"http:\/\/www.asahidojo.org\/sito\/wp-content\/uploads\/2013\/04\/110331075209298367-225x300.jpg\" width=\"225\" height=\"300\" srcset=\"https:\/\/www.asahidojo.org\/sito\/wp-content\/uploads\/2013\/04\/110331075209298367-225x300.jpg 225w, https:\/\/www.asahidojo.org\/sito\/wp-content\/uploads\/2013\/04\/110331075209298367.jpg 361w\" sizes=\"auto, (max-width: 225px) 100vw, 225px\" \/><\/a>\u00a0 \u00a0 \u00a0 \u00a0\u00a0 \u00a0 \u00a0 \u00a0 \u00a0 \u00a0 \u00a0 \u00a0 \u00a0 \u00a0 \u00a0 \u00a0 \u00a0 \u00a0 \u00a0\u00a0 \u00a0\u00a0 <a href=\"http:\/\/www.asahidojo.org\/sito\/wp-content\/uploads\/2013\/04\/a_samurai_2.jpg\"><img loading=\"lazy\" decoding=\"async\" class=\"alignnone size-medium wp-image-1712\" alt=\"a_samurai_2\" src=\"http:\/\/www.asahidojo.org\/sito\/wp-content\/uploads\/2013\/04\/a_samurai_2-214x300.jpg\" width=\"214\" height=\"300\" srcset=\"https:\/\/www.asahidojo.org\/sito\/wp-content\/uploads\/2013\/04\/a_samurai_2-214x300.jpg 214w, https:\/\/www.asahidojo.org\/sito\/wp-content\/uploads\/2013\/04\/a_samurai_2.jpg 300w\" sizes=\"auto, (max-width: 214px) 100vw, 214px\" \/><\/a><\/p>\n<p style=\"text-align: left;\"><a href=\"http:\/\/www.asahidojo.org\/sito\/wp-content\/uploads\/2013\/04\/thhr.jpg\"><img loading=\"lazy\" decoding=\"async\" class=\"size-full wp-image-1692 aligncenter\" alt=\"thhr\" src=\"http:\/\/www.asahidojo.org\/sito\/wp-content\/uploads\/2013\/04\/thhr.jpg\" width=\"220\" height=\"260\" \/><\/a><\/p>\n<p style=\"text-align: center;\"><strong>KABUTO <\/strong>(casque)<\/p>\n<p style=\"text-align: center;\"><a href=\"http:\/\/www.asahidojo.org\/sito\/wp-content\/uploads\/2013\/04\/imagesCAGAE796.jpg\"><img loading=\"lazy\" decoding=\"async\" class=\"alignnone size-full wp-image-1698\" alt=\"imagesCAGAE796\" src=\"http:\/\/www.asahidojo.org\/sito\/wp-content\/uploads\/2013\/04\/imagesCAGAE796.jpg\" width=\"247\" height=\"329\" \/><\/a><\/p>\n<p style=\"text-align: center;\">Le <strong>SAMURAI<\/strong> portait en plus du sabre <strong>KATANA\u00a0(\u5200)<\/strong><\/p>\n<p style=\"text-align: center;\"><strong><a href=\"http:\/\/www.asahidojo.org\/sito\/wp-content\/uploads\/2013\/04\/katana-japanese-sword.jpg\"><img loading=\"lazy\" decoding=\"async\" class=\"alignnone size-medium wp-image-1706\" alt=\"katana-japanese-sword\" src=\"http:\/\/www.asahidojo.org\/sito\/wp-content\/uploads\/2013\/04\/katana-japanese-sword-300x218.jpg\" width=\"300\" height=\"218\" srcset=\"https:\/\/www.asahidojo.org\/sito\/wp-content\/uploads\/2013\/04\/katana-japanese-sword-300x218.jpg 300w, https:\/\/www.asahidojo.org\/sito\/wp-content\/uploads\/2013\/04\/katana-japanese-sword.jpg 575w\" sizes=\"auto, (max-width: 300px) 100vw, 300px\" \/><\/a> <\/strong><\/p>\n<p style=\"text-align: center;\">le<strong> WAKIZACHI\u00a0(\u8107\u5dee) <\/strong>sabre court.<\/p>\n<p style=\"text-align: center;\"><a href=\"http:\/\/www.asahidojo.org\/sito\/wp-content\/uploads\/2013\/04\/SS192BK-1.jpg\"><img loading=\"lazy\" decoding=\"async\" class=\"alignnone size-medium wp-image-1707\" alt=\"SS192BK-1\" src=\"http:\/\/www.asahidojo.org\/sito\/wp-content\/uploads\/2013\/04\/SS192BK-1-300x221.jpg\" width=\"350\" height=\"258\" srcset=\"https:\/\/www.asahidojo.org\/sito\/wp-content\/uploads\/2013\/04\/SS192BK-1-300x221.jpg 300w, https:\/\/www.asahidojo.org\/sito\/wp-content\/uploads\/2013\/04\/SS192BK-1.jpg 910w\" sizes=\"auto, (max-width: 350px) 100vw, 350px\" \/><\/a><\/p>\n<p style=\"text-align: center;\">L&rsquo;ensemble des deux s&rsquo;appellait le <strong>DAISHO\u00a0<i><\/i> (\u5927\u5c0f) \u00a0<\/strong>litt\u00e9ralement \u00ab\u00a0Grand-petit\u00a0\u00bb.<\/p>\n<p style=\"text-align: center;\">et le <strong>TANTO (\u77ed\u5200)<\/strong> qui est le couteau japonais que l&rsquo;on passe dans la ceinture et qu&rsquo;on appell<i>e <\/i><strong>KAIKEN<\/strong> s&rsquo;il est cach\u00e9 dans les v\u00eatements.<\/p>\n<p style=\"text-align: center;\"><a href=\"http:\/\/www.asahidojo.org\/sito\/wp-content\/uploads\/2013\/04\/110.jpg\"><img loading=\"lazy\" decoding=\"async\" class=\"alignnone size-medium wp-image-1705\" alt=\"110\" src=\"http:\/\/www.asahidojo.org\/sito\/wp-content\/uploads\/2013\/04\/110-300x199.jpg\" width=\"300\" height=\"199\" srcset=\"https:\/\/www.asahidojo.org\/sito\/wp-content\/uploads\/2013\/04\/110-300x199.jpg 300w, https:\/\/www.asahidojo.org\/sito\/wp-content\/uploads\/2013\/04\/110-1024x680.jpg 1024w, https:\/\/www.asahidojo.org\/sito\/wp-content\/uploads\/2013\/04\/110.jpg 1202w\" sizes=\"auto, (max-width: 300px) 100vw, 300px\" \/><\/a><\/p>\n<p style=\"text-align: center;\"><a href=\"http:\/\/www.asahidojo.org\/sito\/wp-content\/uploads\/2013\/04\/samourai_coupe1.jpg\"><img loading=\"lazy\" decoding=\"async\" class=\"alignnone size-medium wp-image-1703\" alt=\"samourai_coupe\" src=\"http:\/\/www.asahidojo.org\/sito\/wp-content\/uploads\/2013\/04\/samourai_coupe1-195x300.jpg\" width=\"252\" height=\"387\" srcset=\"https:\/\/www.asahidojo.org\/sito\/wp-content\/uploads\/2013\/04\/samourai_coupe1-195x300.jpg 195w, https:\/\/www.asahidojo.org\/sito\/wp-content\/uploads\/2013\/04\/samourai_coupe1.jpg 326w\" sizes=\"auto, (max-width: 252px) 100vw, 252px\" \/><\/a><\/p>\n","protected":false},"excerpt":{"rendered":"<p>Un \u00e9quipement protecteur couvre le SAMURAI de la t\u00eate au pied. L&rsquo;armure O YOROI est constitu\u00e9e de plusieurs parties en cuir, en m\u00e9tal &#8230;. et est con\u00e7ue de mani\u00e8re \u00e0 favoriser le plus possible la mobilit\u00e9 du combattant. \u00a0 \u00a0 &hellip; <a href=\"https:\/\/www.asahidojo.org\/sito\/?page_id=1689\">Continue reading <span class=\"meta-nav\">&rarr;<\/span><\/a><\/p>\n","protected":false},"author":1,"featured_media":1707,"parent":902,"menu_order":0,"comment_status":"open","ping_status":"open","template":"","meta":{"footnotes":""},"class_list":["post-1689","page","type-page","status-publish","has-post-thumbnail","hentry"],"_links":{"self":[{"href":"https:\/\/www.asahidojo.org\/sito\/index.php?rest_route=\/wp\/v2\/pages\/1689","targetHints":{"allow":["GET"]}}],"collection":[{"href":"https:\/\/www.asahidojo.org\/sito\/index.php?rest_route=\/wp\/v2\/pages"}],"about":[{"href":"https:\/\/www.asahidojo.org\/sito\/index.php?rest_route=\/wp\/v2\/types\/page"}],"author":[{"embeddable":true,"href":"https:\/\/www.asahidojo.org\/sito\/index.php?rest_route=\/wp\/v2\/users\/1"}],"replies":[{"embeddable":true,"href":"https:\/\/www.asahidojo.org\/sito\/index.php?rest_route=%2Fwp%2Fv2%2Fcomments&post=1689"}],"version-history":[{"count":6,"href":"https:\/\/www.asahidojo.org\/sito\/index.php?rest_route=\/wp\/v2\/pages\/1689\/revisions"}],"predecessor-version":[{"id":1702,"href":"https:\/\/www.asahidojo.org\/sito\/index.php?rest_route=\/wp\/v2\/pages\/1689\/revisions\/1702"}],"up":[{"embeddable":true,"href":"https:\/\/www.asahidojo.org\/sito\/index.php?rest_route=\/wp\/v2\/pages\/902"}],"wp:featuredmedia":[{"embeddable":true,"href":"https:\/\/www.asahidojo.org\/sito\/index.php?rest_route=\/wp\/v2\/media\/1707"}],"wp:attachment":[{"href":"https:\/\/www.asahidojo.org\/sito\/index.php?rest_route=%2Fwp%2Fv2%2Fmedia&parent=1689"}],"curies":[{"name":"wp","href":"https:\/\/api.w.org\/{rel}","templated":true}]}}