{"id":1610,"date":"2013-04-01T13:09:03","date_gmt":"2013-04-01T11:09:03","guid":{"rendered":"http:\/\/www.asahidojo.org\/sito\/?page_id=1610"},"modified":"2013-04-11T20:10:48","modified_gmt":"2013-04-11T18:10:48","slug":"le-sen","status":"publish","type":"page","link":"https:\/\/www.asahidojo.org\/sito\/?page_id=1610","title":{"rendered":"LE SEN"},"content":{"rendered":"<p><span style=\"color: #000000;\">Le <b>SEN<\/b> <b>(<\/b><span style=\"font-family: Arial Unicode MS;\"><b>\u5148\u624b<\/b><\/span><b>)<\/b> est l&rsquo;initiative lors d&rsquo;un combat, la facult\u00e9 de saisir l&rsquo;intention de l&rsquo;adversaire et d&rsquo;agir en cons\u00e9quence apr\u00e8s, pendant ou avant.<\/span><\/p>\n<p style=\"text-align: center;\">\u00a0<a href=\"http:\/\/www.asahidojo.org\/sito\/wp-content\/uploads\/2013\/04\/DSC_0029.jpg\"><img loading=\"lazy\" decoding=\"async\" class=\"alignnone size-medium wp-image-1612\" alt=\"DSC_0029\" src=\"http:\/\/www.asahidojo.org\/sito\/wp-content\/uploads\/2013\/04\/DSC_0029-244x300.jpg\" width=\"244\" height=\"300\" srcset=\"https:\/\/www.asahidojo.org\/sito\/wp-content\/uploads\/2013\/04\/DSC_0029-244x300.jpg 244w, https:\/\/www.asahidojo.org\/sito\/wp-content\/uploads\/2013\/04\/DSC_0029.jpg 779w\" sizes=\"auto, (max-width: 244px) 100vw, 244px\" \/><\/a><\/p>\n<p><span style=\"color: #000000;\"><strong>&#8211;<\/strong> Le <b>GO NO SEN<\/b> (<b>GO<\/b> = dur) est la reprise de l&rsquo;initiative par une technique de contre apr\u00e8s un blocage (on peut l&rsquo;appeler aussi <b>MACHI NO SEN<\/b> ou <b>TAI NO SEN<\/b> initiative du corps). <\/span><\/p>\n<p><span style=\"color: #000000;\">En JUDO existe un KATA appel\u00e9 <b>GO NO SEN NO KATA <\/b>qui est une forme codifi\u00e9e de contre-prises. <\/span><\/p>\n<p><a href=\"http:\/\/www.asahidojo.org\/sito\/wp-content\/uploads\/2013\/04\/DSC_0045.jpg\"><img loading=\"lazy\" decoding=\"async\" class=\"alignnone size-medium wp-image-1613\" alt=\"DSC_0045\" src=\"http:\/\/www.asahidojo.org\/sito\/wp-content\/uploads\/2013\/04\/DSC_0045-300x199.jpg\" width=\"300\" height=\"199\" srcset=\"https:\/\/www.asahidojo.org\/sito\/wp-content\/uploads\/2013\/04\/DSC_0045-300x199.jpg 300w, https:\/\/www.asahidojo.org\/sito\/wp-content\/uploads\/2013\/04\/DSC_0045-1024x680.jpg 1024w, https:\/\/www.asahidojo.org\/sito\/wp-content\/uploads\/2013\/04\/DSC_0045.jpg 1504w\" sizes=\"auto, (max-width: 300px) 100vw, 300px\" \/>\u00a0\u00a0\u00a0\u00a0\u00a0 <\/a><a href=\"http:\/\/www.asahidojo.org\/sito\/wp-content\/uploads\/2013\/04\/DSC_0018.jpg\"><img loading=\"lazy\" decoding=\"async\" class=\"alignnone size-medium wp-image-1611\" alt=\"DSC_0018\" src=\"http:\/\/www.asahidojo.org\/sito\/wp-content\/uploads\/2013\/04\/DSC_0018-300x284.jpg\" width=\"300\" height=\"284\" srcset=\"https:\/\/www.asahidojo.org\/sito\/wp-content\/uploads\/2013\/04\/DSC_0018-300x284.jpg 300w, https:\/\/www.asahidojo.org\/sito\/wp-content\/uploads\/2013\/04\/DSC_0018-1024x969.jpg 1024w, https:\/\/www.asahidojo.org\/sito\/wp-content\/uploads\/2013\/04\/DSC_0018.jpg 1317w\" sizes=\"auto, (max-width: 300px) 100vw, 300px\" \/><\/a><\/p>\n<p><span style=\"color: #000000;\"><strong>&#8211;<\/strong> Le <b>SEN NO SEN<\/b> est l&rsquo;anticipation sur l&rsquo;attaque de l&rsquo;adversaire, c&rsquo;est l&rsquo;attaque dans l&rsquo;attaque. Pour un oeil externe le <b>SEN NO SEN <\/b>ressemblerait d&rsquo;avantage \u00e0 une attaque, mais en fait c&rsquo;est une riposte \u00e0 une attaque pr\u00e9m\u00e9dit\u00e9e souvent mentale que l&rsquo;adversaire est en train de conceptualiser.<\/span><\/p>\n<p><span style=\"color: #000000;\"><strong>&#8211;<\/strong> Le<b> SAKKI NO SEN <\/b>(de <b>KI<\/b> = meurtrier) est la perception de la volont\u00e9 adverse de tuer, cette facult\u00e9 de sentir ce <b>SAKKI (\u6bba\u6c17) <\/b> , \u00ab\u00a0sentir la soif du sang\u00a0\u00bb, ce danger imminent qui se traduit par l&rsquo;\u00e9manation d&rsquo;ondes agressives et perceptibles de la part adverse. <\/span><\/p>\n<p><span style=\"color: #000000;\">Cette \u00e9tape ultime de l&rsquo;initiative est plus un r\u00e9flexe inn\u00e9 chez l&rsquo;animal qui fait appel ici \u00e0 son instinct primaire de sauvegarde.<\/span><\/p>\n<p><span style=\"color: #000000;\">La fronti\u00e8re entre toutes ces notions est infime car elles sont tr\u00e8s complexes.<br \/>\n<\/span><\/p>\n<p>&nbsp;<\/p>\n","protected":false},"excerpt":{"rendered":"<p>Le SEN (\u5148\u624b) est l&rsquo;initiative lors d&rsquo;un combat, la facult\u00e9 de saisir l&rsquo;intention de l&rsquo;adversaire et d&rsquo;agir en cons\u00e9quence apr\u00e8s, pendant ou avant. \u00a0 &#8211; Le GO NO SEN (GO = dur) est la reprise de l&rsquo;initiative par une technique &hellip; <a href=\"https:\/\/www.asahidojo.org\/sito\/?page_id=1610\">Continue reading <span class=\"meta-nav\">&rarr;<\/span><\/a><\/p>\n","protected":false},"author":1,"featured_media":0,"parent":902,"menu_order":0,"comment_status":"open","ping_status":"open","template":"","meta":{"footnotes":""},"class_list":["post-1610","page","type-page","status-publish","hentry"],"_links":{"self":[{"href":"https:\/\/www.asahidojo.org\/sito\/index.php?rest_route=\/wp\/v2\/pages\/1610","targetHints":{"allow":["GET"]}}],"collection":[{"href":"https:\/\/www.asahidojo.org\/sito\/index.php?rest_route=\/wp\/v2\/pages"}],"about":[{"href":"https:\/\/www.asahidojo.org\/sito\/index.php?rest_route=\/wp\/v2\/types\/page"}],"author":[{"embeddable":true,"href":"https:\/\/www.asahidojo.org\/sito\/index.php?rest_route=\/wp\/v2\/users\/1"}],"replies":[{"embeddable":true,"href":"https:\/\/www.asahidojo.org\/sito\/index.php?rest_route=%2Fwp%2Fv2%2Fcomments&post=1610"}],"version-history":[{"count":7,"href":"https:\/\/www.asahidojo.org\/sito\/index.php?rest_route=\/wp\/v2\/pages\/1610\/revisions"}],"predecessor-version":[{"id":2151,"href":"https:\/\/www.asahidojo.org\/sito\/index.php?rest_route=\/wp\/v2\/pages\/1610\/revisions\/2151"}],"up":[{"embeddable":true,"href":"https:\/\/www.asahidojo.org\/sito\/index.php?rest_route=\/wp\/v2\/pages\/902"}],"wp:attachment":[{"href":"https:\/\/www.asahidojo.org\/sito\/index.php?rest_route=%2Fwp%2Fv2%2Fmedia&parent=1610"}],"curies":[{"name":"wp","href":"https:\/\/api.w.org\/{rel}","templated":true}]}}