{"id":1551,"date":"2013-03-31T23:01:14","date_gmt":"2013-03-31T21:01:14","guid":{"rendered":"http:\/\/www.asahidojo.org\/sito\/?page_id=1551"},"modified":"2013-04-13T22:18:08","modified_gmt":"2013-04-13T20:18:08","slug":"divers","status":"publish","type":"page","link":"https:\/\/www.asahidojo.org\/sito\/?page_id=1551","title":{"rendered":"DIVERS &#8230;"},"content":{"rendered":"<p style=\"text-align: center;\"><a href=\"http:\/\/www.asahidojo.org\/sito\/wp-content\/uploads\/2013\/03\/japon-kyoto-geisha33.jpg\"><img loading=\"lazy\" decoding=\"async\" class=\"alignnone size-medium wp-image-1557\" alt=\"japon-kyoto-geisha33\" src=\"http:\/\/www.asahidojo.org\/sito\/wp-content\/uploads\/2013\/03\/japon-kyoto-geisha33-300x199.jpg\" width=\"339\" height=\"225\" srcset=\"https:\/\/www.asahidojo.org\/sito\/wp-content\/uploads\/2013\/03\/japon-kyoto-geisha33-300x199.jpg 300w, https:\/\/www.asahidojo.org\/sito\/wp-content\/uploads\/2013\/03\/japon-kyoto-geisha33.jpg 992w\" sizes=\"auto, (max-width: 339px) 100vw, 339px\" \/><\/a><\/p>\n<p><span style=\"font-family: Times New Roman,serif;\"><span style=\"font-size: medium;\"><b>&#8211; <\/b>Le<b> CHANOYU (<\/b><\/span><\/span><span style=\"font-family: Times New Roman,serif;\"><span style=\"font-size: medium;\"><b>\u8336\u306e\u6e6f<\/b><\/span><\/span><span style=\"font-family: Times New Roman,serif;\"><span style=\"font-size: medium;\"><b>)<\/b> est la <b>c\u00e9r\u00e9monie du th\u00e9<\/b> au Japon aussi appel\u00e9e <b>SADO<\/b><i> <\/i>ou <b>CHADO<\/b> <b>(<\/b><\/span><\/span><span style=\"font-family: Times New Roman,serif;\"><span style=\"font-size: medium;\"><b>\u8336\u9053<\/b><\/span><\/span><span style=\"font-family: Times New Roman,serif;\"><span style=\"font-size: medium;\"><b>)<\/b> et c&rsquo;est un rituel traditionnel influenc\u00e9 par le bouddhisme Zen dans lequel le th\u00e9 vert en poudre <b>MATCHA (<\/b><\/span><\/span><span style=\"font-family: Times New Roman,serif;\"><span style=\"font-size: medium;\"><b>\u62b9\u8336<\/b><\/span><\/span><span style=\"font-family: Times New Roman,serif;\"><span style=\"font-size: medium;\"><b>)<\/b> est pr\u00e9par\u00e9 de mani\u00e8re c\u00e9r\u00e9moniale par une personne exp\u00e9riment\u00e9e et servi \u00e0 un petit groupe d&rsquo;invit\u00e9s dans un cadre convivial et calme \u00e0 l&rsquo;occasion d&rsquo;un <b>CHAKAI (<\/b><\/span><\/span><span style=\"font-family: Times New Roman,serif;\"><span style=\"font-size: medium;\"><b>\u8336\u4f1a<\/b><\/span><\/span><span style=\"font-family: Times New Roman,serif;\"><span style=\"font-size: medium;\"><b>)<\/b> , litt\u00e9ralement une \u00abrencontre, r\u00e9union autour du th\u00e9\u00bb.<\/span><\/span><\/p>\n<p style=\"text-align: center;\"><a href=\"http:\/\/www.asahidojo.org\/sito\/wp-content\/uploads\/2013\/03\/4742545-outils-utilises-pour-la-ceremonie-du-the-japonais-chado-une-brosse-faite-de-bambou-et-d-39-une-tass.jpg\"><img loading=\"lazy\" decoding=\"async\" class=\"alignnone size-medium wp-image-1552\" alt=\"4742545-outils-utilises-pour-la-ceremonie-du-the-japonais-chado--une-brosse-faite-de-bambou-et-d-39-une-tass\" src=\"http:\/\/www.asahidojo.org\/sito\/wp-content\/uploads\/2013\/03\/4742545-outils-utilises-pour-la-ceremonie-du-the-japonais-chado-une-brosse-faite-de-bambou-et-d-39-une-tass-300x199.jpg\" width=\"300\" height=\"199\" srcset=\"https:\/\/www.asahidojo.org\/sito\/wp-content\/uploads\/2013\/03\/4742545-outils-utilises-pour-la-ceremonie-du-the-japonais-chado-une-brosse-faite-de-bambou-et-d-39-une-tass-300x199.jpg 300w, https:\/\/www.asahidojo.org\/sito\/wp-content\/uploads\/2013\/03\/4742545-outils-utilises-pour-la-ceremonie-du-the-japonais-chado-une-brosse-faite-de-bambou-et-d-39-une-tass.jpg 400w\" sizes=\"auto, (max-width: 300px) 100vw, 300px\" \/><\/a><\/p>\n<p style=\"text-align: center;\"><span style=\"font-family: Times New Roman,serif;\"><span style=\"font-size: medium;\"><b>CHANOYU <\/b>signifie \u00ab\u00a0eau chaude pour le th\u00e9\u00a0\u00bb\u00a0<b> <\/b><strong>CHA<\/strong><b> <\/b><\/span><\/span><span style=\"font-family: Times New Roman,serif;\"><span style=\"font-size: medium;\"><strong>\u8336 <\/strong><\/span><\/span><span style=\"font-family: Times New Roman,serif;\"><span style=\"font-size: medium;\"><strong>=<\/strong><strong> th\u00e9<\/strong><b> <\/b><\/span><\/span><\/p>\n<p style=\"text-align: center;\"><a href=\"http:\/\/www.asahidojo.org\/sito\/wp-content\/uploads\/2013\/03\/drin2th.jpg\"><img loading=\"lazy\" decoding=\"async\" class=\"alignnone size-medium wp-image-2230\" alt=\"drin2th\" src=\"http:\/\/www.asahidojo.org\/sito\/wp-content\/uploads\/2013\/03\/drin2th-126x300.jpg\" width=\"126\" height=\"300\" srcset=\"https:\/\/www.asahidojo.org\/sito\/wp-content\/uploads\/2013\/03\/drin2th-126x300.jpg 126w, https:\/\/www.asahidojo.org\/sito\/wp-content\/uploads\/2013\/03\/drin2th.jpg 178w\" sizes=\"auto, (max-width: 126px) 100vw, 126px\" \/><\/a><\/p>\n<p style=\"text-align: center;\">En japonais : <strong>SHAZA KISSA<\/strong><br \/>\n\u00ab\u00a0Asseyez-vous et prenez un th\u00e9\u00a0\u00bb.<\/p>\n<p style=\"text-align: center;\"><strong><span style=\"font-family: Times New Roman,serif;\"><span style=\"font-size: medium;\"><br \/>\n<\/span><\/span><\/strong><\/p>\n<p><span style=\"font-family: Times New Roman,serif;\"><span style=\"font-size: medium;\"><strong>&#8211;<\/strong> L\u2019<b>IKEBANA (<\/b><\/span><\/span><span style=\"font-family: Times New Roman,serif;\"><span style=\"font-size: medium;\"><b>\u751f\u3051\u82b1<\/b><\/span><\/span><span style=\"font-family: Times New Roman,serif;\"><span style=\"font-size: medium;\"><b>)<\/b> \u00e9galement connu sous le nom de <b>KADO<\/b><i><b> <\/b><\/i><b>(<\/b><\/span><\/span><span style=\"font-family: Times New Roman,serif;\"><span style=\"font-size: medium;\"><b>\u82b1\u9053<\/b><\/span><\/span><span style=\"font-family: Times New Roman,serif;\"><span style=\"font-size: medium;\"><b>)<\/b>, est la <b>Voie des<\/b><b> fleurs<\/b> ou l&rsquo;<b>art de faire vivre les fleurs<\/b>.<b> <\/b>C&rsquo;est un art traditionnel japonais essentiellement f\u00e9minin bas\u00e9 sur la composition florale.\u00a0<\/span><\/span><\/p>\n<p><a href=\"http:\/\/www.asahidojo.org\/sito\/wp-content\/uploads\/2013\/03\/ikebana5664.jpg\"><img loading=\"lazy\" decoding=\"async\" class=\"size-medium wp-image-1553 aligncenter\" alt=\"ikebana5664\" src=\"http:\/\/www.asahidojo.org\/sito\/wp-content\/uploads\/2013\/03\/ikebana5664-300x199.jpg\" width=\"300\" height=\"199\" srcset=\"https:\/\/www.asahidojo.org\/sito\/wp-content\/uploads\/2013\/03\/ikebana5664-300x199.jpg 300w, https:\/\/www.asahidojo.org\/sito\/wp-content\/uploads\/2013\/03\/ikebana5664-1024x680.jpg 1024w, https:\/\/www.asahidojo.org\/sito\/wp-content\/uploads\/2013\/03\/ikebana5664.jpg 1441w\" sizes=\"auto, (max-width: 300px) 100vw, 300px\" \/><\/a><\/p>\n<p style=\"text-align: center;\">\u00a0<a href=\"http:\/\/www.asahidojo.org\/sito\/wp-content\/uploads\/2013\/03\/hresth1.jpg\"><img loading=\"lazy\" decoding=\"async\" class=\"alignnone size-medium wp-image-2231\" alt=\"hresth\" src=\"http:\/\/www.asahidojo.org\/sito\/wp-content\/uploads\/2013\/03\/hresth1-125x300.jpg\" width=\"125\" height=\"300\" srcset=\"https:\/\/www.asahidojo.org\/sito\/wp-content\/uploads\/2013\/03\/hresth1-125x300.jpg 125w, https:\/\/www.asahidojo.org\/sito\/wp-content\/uploads\/2013\/03\/hresth1.jpg 176w\" sizes=\"auto, (max-width: 125px) 100vw, 125px\" \/><\/a><\/p>\n<p style=\"text-align: center;\">En japonais\u00a0 <strong>WA KEI SEI JAKU<\/strong><br \/>\nHarmonie, respect, puret\u00e9 et tranquilit\u00e9.<\/p>\n<p><span style=\"font-family: Times New Roman,serif;\"><span style=\"font-size: medium;\"><strong>&#8211;<\/strong> Le <\/span><\/span><span style=\"font-family: Times New Roman,serif;\"><span style=\"font-size: medium;\"><b>FURO <\/b><\/span><\/span><span style=\"font-family: Times New Roman,serif;\"><span style=\"font-size: medium;\"><b>(<\/b><\/span><\/span><span style=\"font-family: Arial Unicode MS;\"><span style=\"font-family: Times New Roman,serif;\"><span style=\"font-size: medium;\"><b>\u98ce\u5415<\/b><\/span><\/span><\/span><span style=\"font-family: Times New Roman,serif;\"><span style=\"font-size: medium;\"><b>)<\/b><\/span><\/span><span style=\"font-family: Times New Roman,serif;\"><span style=\"font-size: medium;\">, appel\u00e9 aussi plus respectueusement \u00ab\u00a0grand bain\u00a0\u00bb<\/span><\/span><span style=\"font-family: Times New Roman,serif;\"><span style=\"font-size: medium;\"><b> O FURO <\/b><\/span><\/span><span style=\"font-family: Times New Roman,serif;\"><span style=\"font-size: medium;\"><b>(<\/b><\/span><\/span><span style=\"font-family: Arial Unicode MS;\"><span style=\"font-family: Times New Roman,serif;\"><span style=\"font-size: medium;\"><b>\u304a\u98a8\u5442<\/b><\/span><\/span><\/span><span style=\"font-family: Times New Roman,serif;\"><span style=\"font-size: medium;\"><b>)<\/b><\/span><\/span><span style=\"font-family: Times New Roman,serif;\"><span style=\"font-size: medium;\"> est un rituel de bain au Japon qui n&rsquo;est pas destin\u00e9 \u00e0 se laver, mais plut\u00f4t \u00e0 se d\u00e9tendre, se r\u00e9chauffer ou se purifier. <\/span><\/span><\/p>\n<p style=\"text-align: center;\"><a href=\"http:\/\/www.asahidojo.org\/sito\/wp-content\/uploads\/2013\/03\/balneo_ofuro1880_2.gif\"><img loading=\"lazy\" decoding=\"async\" class=\"alignnone size-medium wp-image-1559\" alt=\"balneo_ofuro1880_2\" src=\"http:\/\/www.asahidojo.org\/sito\/wp-content\/uploads\/2013\/03\/balneo_ofuro1880_2-300x286.gif\" width=\"300\" height=\"286\" \/><\/a><\/p>\n<p>&nbsp;<\/p>\n","protected":false},"excerpt":{"rendered":"<p>&#8211; Le CHANOYU (\u8336\u306e\u6e6f) est la c\u00e9r\u00e9monie du th\u00e9 au Japon aussi appel\u00e9e SADO ou CHADO (\u8336\u9053) et c&rsquo;est un rituel traditionnel influenc\u00e9 par le bouddhisme Zen dans lequel le th\u00e9 vert en poudre MATCHA (\u62b9\u8336) est pr\u00e9par\u00e9 de mani\u00e8re &hellip; <a href=\"https:\/\/www.asahidojo.org\/sito\/?page_id=1551\">Continue reading <span class=\"meta-nav\">&rarr;<\/span><\/a><\/p>\n","protected":false},"author":1,"featured_media":0,"parent":950,"menu_order":0,"comment_status":"open","ping_status":"open","template":"","meta":{"footnotes":""},"class_list":["post-1551","page","type-page","status-publish","hentry"],"_links":{"self":[{"href":"https:\/\/www.asahidojo.org\/sito\/index.php?rest_route=\/wp\/v2\/pages\/1551","targetHints":{"allow":["GET"]}}],"collection":[{"href":"https:\/\/www.asahidojo.org\/sito\/index.php?rest_route=\/wp\/v2\/pages"}],"about":[{"href":"https:\/\/www.asahidojo.org\/sito\/index.php?rest_route=\/wp\/v2\/types\/page"}],"author":[{"embeddable":true,"href":"https:\/\/www.asahidojo.org\/sito\/index.php?rest_route=\/wp\/v2\/users\/1"}],"replies":[{"embeddable":true,"href":"https:\/\/www.asahidojo.org\/sito\/index.php?rest_route=%2Fwp%2Fv2%2Fcomments&post=1551"}],"version-history":[{"count":13,"href":"https:\/\/www.asahidojo.org\/sito\/index.php?rest_route=\/wp\/v2\/pages\/1551\/revisions"}],"predecessor-version":[{"id":1556,"href":"https:\/\/www.asahidojo.org\/sito\/index.php?rest_route=\/wp\/v2\/pages\/1551\/revisions\/1556"}],"up":[{"embeddable":true,"href":"https:\/\/www.asahidojo.org\/sito\/index.php?rest_route=\/wp\/v2\/pages\/950"}],"wp:attachment":[{"href":"https:\/\/www.asahidojo.org\/sito\/index.php?rest_route=%2Fwp%2Fv2%2Fmedia&parent=1551"}],"curies":[{"name":"wp","href":"https:\/\/api.w.org\/{rel}","templated":true}]}}