{"id":1541,"date":"2013-03-31T22:43:16","date_gmt":"2013-03-31T20:43:16","guid":{"rendered":"http:\/\/www.asahidojo.org\/sito\/?page_id=1541"},"modified":"2013-04-01T00:55:36","modified_gmt":"2013-03-31T22:55:36","slug":"larc-japonais","status":"publish","type":"page","link":"https:\/\/www.asahidojo.org\/sito\/?page_id=1541","title":{"rendered":"L&rsquo;ARC JAPONAIS"},"content":{"rendered":"<p><span style=\"font-family: Times New Roman,serif;\"><span style=\"font-size: medium;\">Le <b>YABUSAME (<\/b><\/span><\/span><span style=\"font-family: Times New Roman,serif;\"><span style=\"font-size: medium;\"><b>\u6d41\u93d1\u99ac<\/b><\/span><\/span><span style=\"font-family: Times New Roman,serif;\"><span style=\"font-size: medium;\"><b>) <\/b>est un rituel de tir \u00e0 l&rsquo;arc spectaculaire pratiqu\u00e9 \u00e0 cheval. L&rsquo;archer tire des fl\u00e8ches \u00e9point\u00e9es (soit sifflantes, soit avec une boule au bout) afin de faire un bruit plus fort lorsqu&rsquo;elle frappe les trois cibles de bois repr\u00e9sentant des ennemis portant l&rsquo;armure compl\u00e8te traditionnelle des <b>SAMURAI (O-YOROI) <\/b>et qui ne laissait \u00e0 nu que l&rsquo;espace au-dessous de la visi\u00e8re du casque.<\/span><\/span><\/p>\n<p style=\"text-align: center;\"><a href=\"http:\/\/www.asahidojo.org\/sito\/wp-content\/uploads\/2013\/03\/408px-Yabusame_01.jpg\"><img loading=\"lazy\" decoding=\"async\" class=\"alignnone size-medium wp-image-1542\" alt=\"408px-Yabusame_01\" src=\"http:\/\/www.asahidojo.org\/sito\/wp-content\/uploads\/2013\/03\/408px-Yabusame_01-204x300.jpg\" width=\"204\" height=\"300\" srcset=\"https:\/\/www.asahidojo.org\/sito\/wp-content\/uploads\/2013\/03\/408px-Yabusame_01-204x300.jpg 204w, https:\/\/www.asahidojo.org\/sito\/wp-content\/uploads\/2013\/03\/408px-Yabusame_01.jpg 408w\" sizes=\"auto, (max-width: 204px) 100vw, 204px\" \/><\/a><\/p>\n<p><span style=\"font-family: Times New Roman,serif;\"><span style=\"font-size: medium;\">Comme il approche de la cible, il monte son arc et place la fl\u00e8che devant son oreille avant de la laisser partir au cri de <b>IN-YO \/ IN-YO<\/b><i> <\/i>\u00abobscurit\u00e9 et lumi\u00e8re\u00bb.<\/span><\/span><\/p>\n<p><span style=\"font-family: Times New Roman,serif;\"><span style=\"font-size: medium;\">Le <\/span><\/span><span style=\"font-family: Times New Roman,serif;\"><span style=\"font-size: medium;\"><b>KYUDO (<\/b><\/span><\/span><span style=\"font-family: Arial Unicode MS;\"><span style=\"font-family: Times New Roman,serif;\"><span style=\"font-size: medium;\"><b>\u5f13\u9053<\/b><\/span><\/span><\/span><span style=\"font-family: Times New Roman,serif;\"><span style=\"font-size: medium;\"><b>) <\/b><\/span><\/span><span style=\"font-family: Times New Roman,serif;\"><span style=\"font-size: medium;\"> est, par contre, <\/span><\/span><span style=\"font-family: Times New Roman,serif;\"><span style=\"font-size: medium;\"><b>la voie de l&rsquo;arc<\/b><\/span><\/span><span style=\"font-family: Times New Roman,serif;\"><span style=\"font-size: medium;\"><i> , <\/i><\/span><\/span><span style=\"font-family: Times New Roman,serif;\"><span style=\"font-size: medium;\">un art martial (BUDO) compos\u00e9 de deux id\u00e9ogrammes Kanji signifiant : <\/span><\/span><strong><span style=\"font-family: Arial Unicode MS;\"><span style=\"font-family: Times New Roman,serif;\"><span style=\"font-size: medium;\">\u5f13 <\/span><\/span><\/span><\/strong><span style=\"font-family: Times New Roman,serif;\"><span style=\"font-size: medium;\"><b>KYU <\/b><\/span><\/span><span style=\"font-family: Times New Roman,serif;\"><span style=\"font-size: medium;\">:<\/span><\/span><span style=\"font-family: Times New Roman,serif;\"><span style=\"font-size: medium;\"> arc et <\/span><\/span><span style=\"font-family: Arial Unicode MS;\"><span style=\"font-family: Times New Roman,serif;\"><span style=\"font-size: medium;\"><b>\u9053 <\/b><\/span><\/span><\/span><span style=\"font-family: Times New Roman,serif;\"><span style=\"font-size: medium;\"><b>DO<\/b><\/span><\/span><span style=\"font-family: Times New Roman,serif;\"><span style=\"font-size: medium;\"> : voie. Le <\/span><\/span><span style=\"font-family: Times New Roman,serif;\"><span style=\"font-size: medium;\"><b>KYUDO<\/b><\/span><\/span><span style=\"font-family: Times New Roman,serif;\"><span style=\"font-size: medium;\"> est <\/span><\/span><span style=\"font-family: Times New Roman,serif;\"><span style=\"font-size: medium;\">issu du tir \u00e0 l&rsquo;arc guerrier le <\/span><\/span><span style=\"font-family: Times New Roman,serif;\"><span style=\"font-size: medium;\"><b>KYUJUTSU (<\/b><\/span><\/span><span style=\"font-family: Arial Unicode MS;\"><span style=\"font-family: Times New Roman,serif;\"><span style=\"font-size: medium;\"><b>\u5f13\u8853<\/b><\/span><\/span><\/span><span style=\"font-family: Times New Roman,serif;\"><span style=\"font-size: medium;\"><b>) <\/b><\/span><\/span><span style=\"font-family: Times New Roman,serif;\"><span style=\"font-size: medium;\">utilis\u00e9 sur les champs de bataille. L&rsquo;arc avec le <\/span><\/span><span style=\"font-family: Times New Roman,serif;\"><span style=\"font-size: medium;\"><b>KATANA<\/b><\/span><\/span><span style=\"font-family: Times New Roman,serif;\"><span style=\"font-size: medium;\"> \u00e9taient les armes symboles du <\/span><\/span><span style=\"font-family: Times New Roman,serif;\"><span style=\"font-size: medium;\"><b>SAMURAI<\/b><\/span><\/span><span style=\"font-family: Times New Roman,serif;\"><span style=\"font-size: medium;\">. <\/span><\/span><span style=\"font-family: Times New Roman,serif;\"><span style=\"font-size: medium;\">Une fois l&rsquo;introduction des armes \u00e0 feu au Japon au 16\u00b0 si\u00e8cle, le <\/span><\/span><span style=\"font-family: Times New Roman,serif;\"><span style=\"font-size: medium;\"><b>KYUJUTSU<\/b><\/span><\/span><span style=\"font-family: Times New Roman,serif;\"><span style=\"font-size: medium;\"> a perdu son utilit\u00e9 et a mut\u00e9 pour devenir le <\/span><\/span><span style=\"font-family: Times New Roman,serif;\"><span style=\"font-size: medium;\"><b>KYUDO.<\/b><\/span><\/span><\/p>\n<p style=\"text-align: center;\"><a href=\"http:\/\/www.asahidojo.org\/sito\/wp-content\/uploads\/2013\/03\/th3.jpg\"><img loading=\"lazy\" decoding=\"async\" class=\"size-full wp-image-1547 alignleft\" alt=\"th\" src=\"http:\/\/www.asahidojo.org\/sito\/wp-content\/uploads\/2013\/03\/th3.jpg\" width=\"334\" height=\"224\" \/><\/a><\/p>\n<p style=\"text-align: center;\"><span style=\"font-family: Times New Roman,serif;\"><span style=\"font-size: medium;\"><b>KYU<\/b><i> <\/i>(arc) est l&rsquo;ancien vocable chinois, <\/span><\/span><\/p>\n<p style=\"text-align: center;\"><span style=\"font-family: Times New Roman,serif;\"><span style=\"font-size: medium;\">alors que <b>YUMI<\/b> est le vocable japonais d\u00e9signant l&rsquo;arc en g\u00e9n\u00e9ral. <\/span><\/span><\/p>\n<p style=\"text-align: center;\"><a href=\"http:\/\/www.asahidojo.org\/sito\/wp-content\/uploads\/2013\/03\/ARC-JAPONEZ-kyudo-yumi-BOW.jpg\"><img loading=\"lazy\" decoding=\"async\" class=\"alignnone size-medium wp-image-1546\" alt=\"ARC JAPONEZ kyudo yumi BOW\" src=\"http:\/\/www.asahidojo.org\/sito\/wp-content\/uploads\/2013\/03\/ARC-JAPONEZ-kyudo-yumi-BOW-227x300.jpg\" width=\"227\" height=\"300\" srcset=\"https:\/\/www.asahidojo.org\/sito\/wp-content\/uploads\/2013\/03\/ARC-JAPONEZ-kyudo-yumi-BOW-227x300.jpg 227w, https:\/\/www.asahidojo.org\/sito\/wp-content\/uploads\/2013\/03\/ARC-JAPONEZ-kyudo-yumi-BOW.jpg 339w\" sizes=\"auto, (max-width: 227px) 100vw, 227px\" \/><\/a><\/p>\n","protected":false},"excerpt":{"rendered":"<p>Le YABUSAME (\u6d41\u93d1\u99ac) est un rituel de tir \u00e0 l&rsquo;arc spectaculaire pratiqu\u00e9 \u00e0 cheval. L&rsquo;archer tire des fl\u00e8ches \u00e9point\u00e9es (soit sifflantes, soit avec une boule au bout) afin de faire un bruit plus fort lorsqu&rsquo;elle frappe les trois cibles de &hellip; <a href=\"https:\/\/www.asahidojo.org\/sito\/?page_id=1541\">Continue reading <span class=\"meta-nav\">&rarr;<\/span><\/a><\/p>\n","protected":false},"author":1,"featured_media":0,"parent":902,"menu_order":0,"comment_status":"open","ping_status":"open","template":"","meta":{"footnotes":""},"class_list":["post-1541","page","type-page","status-publish","hentry"],"_links":{"self":[{"href":"https:\/\/www.asahidojo.org\/sito\/index.php?rest_route=\/wp\/v2\/pages\/1541","targetHints":{"allow":["GET"]}}],"collection":[{"href":"https:\/\/www.asahidojo.org\/sito\/index.php?rest_route=\/wp\/v2\/pages"}],"about":[{"href":"https:\/\/www.asahidojo.org\/sito\/index.php?rest_route=\/wp\/v2\/types\/page"}],"author":[{"embeddable":true,"href":"https:\/\/www.asahidojo.org\/sito\/index.php?rest_route=\/wp\/v2\/users\/1"}],"replies":[{"embeddable":true,"href":"https:\/\/www.asahidojo.org\/sito\/index.php?rest_route=%2Fwp%2Fv2%2Fcomments&post=1541"}],"version-history":[{"count":6,"href":"https:\/\/www.asahidojo.org\/sito\/index.php?rest_route=\/wp\/v2\/pages\/1541\/revisions"}],"predecessor-version":[{"id":1545,"href":"https:\/\/www.asahidojo.org\/sito\/index.php?rest_route=\/wp\/v2\/pages\/1541\/revisions\/1545"}],"up":[{"embeddable":true,"href":"https:\/\/www.asahidojo.org\/sito\/index.php?rest_route=\/wp\/v2\/pages\/902"}],"wp:attachment":[{"href":"https:\/\/www.asahidojo.org\/sito\/index.php?rest_route=%2Fwp%2Fv2%2Fmedia&parent=1541"}],"curies":[{"name":"wp","href":"https:\/\/api.w.org\/{rel}","templated":true}]}}