{"id":1528,"date":"2013-03-31T21:17:07","date_gmt":"2013-03-31T19:17:07","guid":{"rendered":"http:\/\/www.asahidojo.org\/sito\/?page_id=1528"},"modified":"2013-04-01T01:09:44","modified_gmt":"2013-03-31T23:09:44","slug":"sakura","status":"publish","type":"page","link":"https:\/\/www.asahidojo.org\/sito\/?page_id=1528","title":{"rendered":"SAKURA"},"content":{"rendered":"<p><span style=\"font-family: Times New Roman,serif;\"><span style=\"font-size: medium;\"><b>SAKURA (<\/b><\/span><\/span><span style=\"font-family: Times New Roman,serif;\"><span style=\"font-size: medium;\"><b>\u685c <\/b><\/span><\/span><span style=\"font-family: Times New Roman,serif;\"><span style=\"font-size: medium;\"><b>\/ <\/b><\/span><\/span><span style=\"font-family: Times New Roman,serif;\"><span style=\"font-size: medium;\"><b>\u6afb<\/b><\/span><\/span><span style=\"font-family: Times New Roman,serif;\"><span style=\"font-size: medium;\"><b>)<\/b> est le cerisier ornemental japonais mais d\u00e9signe aussi ses fleurs.<\/span><\/span><\/p>\n<p style=\"text-align: right;\"><a href=\"http:\/\/www.asahidojo.org\/sito\/wp-content\/uploads\/2013\/03\/1ee0890b.jpg\"><img loading=\"lazy\" decoding=\"async\" class=\"size-medium wp-image-1529 alignleft\" alt=\"1ee0890b\" src=\"http:\/\/www.asahidojo.org\/sito\/wp-content\/uploads\/2013\/03\/1ee0890b-300x225.jpg\" width=\"300\" height=\"225\" srcset=\"https:\/\/www.asahidojo.org\/sito\/wp-content\/uploads\/2013\/03\/1ee0890b-300x225.jpg 300w, https:\/\/www.asahidojo.org\/sito\/wp-content\/uploads\/2013\/03\/1ee0890b-1024x768.jpg 1024w, https:\/\/www.asahidojo.org\/sito\/wp-content\/uploads\/2013\/03\/1ee0890b.jpg 1600w\" sizes=\"auto, (max-width: 300px) 100vw, 300px\" \/><\/a><a href=\"http:\/\/www.asahidojo.org\/sito\/wp-content\/uploads\/2013\/03\/SAKURA.jpg\"><img loading=\"lazy\" decoding=\"async\" class=\"alignnone size-full wp-image-1358\" alt=\"SAKURA\" src=\"http:\/\/www.asahidojo.org\/sito\/wp-content\/uploads\/2013\/03\/SAKURA.jpg\" width=\"197\" height=\"201\" \/><\/a><\/p>\n<p>&nbsp;<\/p>\n<p><span style=\"font-family: Times New Roman,serif;\"><span style=\"font-size: medium;\">Le <b>SAKURA <\/b>a toujours \u00e9t\u00e9 un symbole de beaut\u00e9 \u00e9ph\u00e9m\u00e8re au Japon et est \u00e9troitement associ\u00e9 aux <b>SAMURAI <\/b>et aux <b>BUSHI <\/b>du Moyen Age f\u00e9odal. La vie \u00e9tait consid\u00e9r\u00e9e comme belle et courte, un peu comme une fleur de cerisier. <\/span><\/span><\/p>\n<p style=\"text-align: center;\"><a href=\"http:\/\/www.asahidojo.org\/sito\/wp-content\/uploads\/2013\/03\/picturesque-sakura-fujiyama-tokyo-japan.jpg\"><img loading=\"lazy\" decoding=\"async\" class=\"alignnone size-medium wp-image-1531\" alt=\"picturesque-sakura-fujiyama-tokyo-japan\" src=\"http:\/\/www.asahidojo.org\/sito\/wp-content\/uploads\/2013\/03\/picturesque-sakura-fujiyama-tokyo-japan-300x225.jpg\" width=\"300\" height=\"225\" srcset=\"https:\/\/www.asahidojo.org\/sito\/wp-content\/uploads\/2013\/03\/picturesque-sakura-fujiyama-tokyo-japan-300x225.jpg 300w, https:\/\/www.asahidojo.org\/sito\/wp-content\/uploads\/2013\/03\/picturesque-sakura-fujiyama-tokyo-japan.jpg 640w\" sizes=\"auto, (max-width: 300px) 100vw, 300px\" \/><\/a><\/p>\n<p><span style=\"font-family: Times New Roman,serif;\"><span style=\"font-size: medium;\">Le <b>SAKURA<\/b> \u00e9tait un v\u00e9ritable symbole qui a toujours servi \u00e0 motiver le peuple japonais. Les fameux pilotes <b>KAMIKAZE<\/b> le peignaient sur les flancs de leur avion avant de partir pour une mission suicide, en tant que symbole de beaut\u00e9 et de nature \u00e9ph\u00e9m\u00e8re. Le gouvernement encourageait les Japonais \u00e0 croire que l&rsquo;\u00e2me des soldats morts au combat se r\u00e9incarnait en fleurs de cerisier. <\/span><\/span><\/p>\n<p style=\"text-align: center;\"><a href=\"http:\/\/www.asahidojo.org\/sito\/wp-content\/uploads\/2013\/03\/Jarodd_Fleursamurai_2.jpg\"><img loading=\"lazy\" decoding=\"async\" class=\"alignnone size-medium wp-image-1533\" alt=\"Jarodd_Fleursamurai_2\" src=\"http:\/\/www.asahidojo.org\/sito\/wp-content\/uploads\/2013\/03\/Jarodd_Fleursamurai_2-300x290.jpg\" width=\"300\" height=\"290\" srcset=\"https:\/\/www.asahidojo.org\/sito\/wp-content\/uploads\/2013\/03\/Jarodd_Fleursamurai_2-300x290.jpg 300w, https:\/\/www.asahidojo.org\/sito\/wp-content\/uploads\/2013\/03\/Jarodd_Fleursamurai_2.jpg 340w\" sizes=\"auto, (max-width: 300px) 100vw, 300px\" \/><\/a><\/p>\n<p>Les festivals d<i>u <\/i><strong>HANAMI (\u82b1\u898b)<i> <\/i><\/strong>litt\u00e9ralement, \u00ab\u00a0regarder les fleurs\u00a0\u00bb) c\u00e9l\u00e8brent la beaut\u00e9 des cerisiers en fleurs et sont, pour beaucoup, une occasion de se reposer et de profiter du paysage.<\/p>\n<p style=\"text-align: center;\"><a href=\"http:\/\/www.asahidojo.org\/sito\/wp-content\/uploads\/2013\/03\/107448901.jpg\"><img loading=\"lazy\" decoding=\"async\" class=\"alignnone size-medium wp-image-1536\" alt=\"107448901\" src=\"http:\/\/www.asahidojo.org\/sito\/wp-content\/uploads\/2013\/03\/107448901-300x202.jpg\" width=\"300\" height=\"202\" srcset=\"https:\/\/www.asahidojo.org\/sito\/wp-content\/uploads\/2013\/03\/107448901-300x202.jpg 300w, https:\/\/www.asahidojo.org\/sito\/wp-content\/uploads\/2013\/03\/107448901.jpg 350w\" sizes=\"auto, (max-width: 300px) 100vw, 300px\" \/><\/a><\/p>\n<p>Les moments les plus appr\u00e9ci\u00e9s sont l\u2019apparition des premi\u00e8res fleurs <strong>KAIKA (\u958b\u82b1)<\/strong>\u00a0 que guettent les photographes ainsi que la p\u00e9riode de pic de floraison <strong>MANKAI (\u6e80\u958b)<\/strong>.<\/p>\n<p>&nbsp;<\/p>\n","protected":false},"excerpt":{"rendered":"<p>SAKURA (\u685c \/ \u6afb) est le cerisier ornemental japonais mais d\u00e9signe aussi ses fleurs. &nbsp; Le SAKURA a toujours \u00e9t\u00e9 un symbole de beaut\u00e9 \u00e9ph\u00e9m\u00e8re au Japon et est \u00e9troitement associ\u00e9 aux SAMURAI et aux BUSHI du Moyen Age f\u00e9odal. &hellip; <a href=\"https:\/\/www.asahidojo.org\/sito\/?page_id=1528\">Continue reading <span class=\"meta-nav\">&rarr;<\/span><\/a><\/p>\n","protected":false},"author":1,"featured_media":0,"parent":950,"menu_order":0,"comment_status":"open","ping_status":"open","template":"","meta":{"footnotes":""},"class_list":["post-1528","page","type-page","status-publish","hentry"],"_links":{"self":[{"href":"https:\/\/www.asahidojo.org\/sito\/index.php?rest_route=\/wp\/v2\/pages\/1528","targetHints":{"allow":["GET"]}}],"collection":[{"href":"https:\/\/www.asahidojo.org\/sito\/index.php?rest_route=\/wp\/v2\/pages"}],"about":[{"href":"https:\/\/www.asahidojo.org\/sito\/index.php?rest_route=\/wp\/v2\/types\/page"}],"author":[{"embeddable":true,"href":"https:\/\/www.asahidojo.org\/sito\/index.php?rest_route=\/wp\/v2\/users\/1"}],"replies":[{"embeddable":true,"href":"https:\/\/www.asahidojo.org\/sito\/index.php?rest_route=%2Fwp%2Fv2%2Fcomments&post=1528"}],"version-history":[{"count":8,"href":"https:\/\/www.asahidojo.org\/sito\/index.php?rest_route=\/wp\/v2\/pages\/1528\/revisions"}],"predecessor-version":[{"id":1535,"href":"https:\/\/www.asahidojo.org\/sito\/index.php?rest_route=\/wp\/v2\/pages\/1528\/revisions\/1535"}],"up":[{"embeddable":true,"href":"https:\/\/www.asahidojo.org\/sito\/index.php?rest_route=\/wp\/v2\/pages\/950"}],"wp:attachment":[{"href":"https:\/\/www.asahidojo.org\/sito\/index.php?rest_route=%2Fwp%2Fv2%2Fmedia&parent=1528"}],"curies":[{"name":"wp","href":"https:\/\/api.w.org\/{rel}","templated":true}]}}