{"id":1507,"date":"2013-03-31T19:41:13","date_gmt":"2013-03-31T17:41:13","guid":{"rendered":"http:\/\/www.asahidojo.org\/sito\/?page_id=1507"},"modified":"2013-04-01T01:36:11","modified_gmt":"2013-03-31T23:36:11","slug":"musique-japonaise","status":"publish","type":"page","link":"https:\/\/www.asahidojo.org\/sito\/?page_id=1507","title":{"rendered":"AUTRES ARTS JAPONAIS &#8230;"},"content":{"rendered":"<p><strong>&#8211;<\/strong> Le <b>TAIKO (<\/b><span style=\"font-family: Arial Unicode MS;\"><b>\u592a\u9f13<\/b><\/span><b>)<\/b> est le tambour japonais qui signifie litt\u00e9ralement : \u00abtambour le plus grand\u00bb mais les Japonais pr\u00e9f\u00e8rent utiliser le terme plus sp\u00e9cifique de <b>WADAIKO (<\/b><span style=\"font-family: Arial Unicode MS;\"><b>\u548c\u592a\u9f13<\/b><\/span><b>)<\/b><b> <\/b> litt\u00e9ralement tambour japonais, associ\u00e9 depuis longtemps \u00e0 l&rsquo;histoire du Japon.<\/p>\n<p style=\"text-align: center;\"><a href=\"http:\/\/www.asahidojo.org\/sito\/wp-content\/uploads\/2013\/03\/Taiko.jpg\"><img loading=\"lazy\" decoding=\"async\" class=\"alignnone size-medium wp-image-1508\" alt=\"Taiko\" src=\"http:\/\/www.asahidojo.org\/sito\/wp-content\/uploads\/2013\/03\/Taiko-300x235.jpg\" width=\"300\" height=\"235\" srcset=\"https:\/\/www.asahidojo.org\/sito\/wp-content\/uploads\/2013\/03\/Taiko-300x235.jpg 300w, https:\/\/www.asahidojo.org\/sito\/wp-content\/uploads\/2013\/03\/Taiko.jpg 611w\" sizes=\"auto, (max-width: 300px) 100vw, 300px\" \/><\/a><\/p>\n<p><span style=\"font-family: Times New Roman,serif;\"><span style=\"font-size: medium;\">Faire le \u00abbon son\u00bb demande un ancrage et une stabilit\u00e9 du bassin qui permet d&rsquo;acc\u00e9der \u00e0 la souplesse, au silence int\u00e9rieur et \u00e0 la joie profonde que procure cette pratique qui est assimil\u00e9e \u00e0 une voie, tout comme un art martial.<\/span><\/span><\/p>\n<p><span style=\"font-family: Times New Roman,serif;\"><span style=\"font-size: medium;\"><strong>&#8211;<\/strong> Le <b>KOTO (<\/b><\/span><\/span><span style=\"font-family: Times New Roman,serif;\"><span style=\"font-size: medium;\"><b>\u7b8f<\/b><\/span><\/span><span style=\"font-family: Times New Roman,serif;\"><span style=\"font-size: medium;\"><b>) <\/b>est un instrument de musique \u00e0 cordes pinc\u00e9es utilis\u00e9 dans la musique traditionnelle, notamment dans le <b>KABUKI <\/b>et le <b>BUNRAKU<\/b>.<\/span><\/span><\/p>\n<p align=\"CENTER\"><a href=\"http:\/\/www.asahidojo.org\/sito\/wp-content\/uploads\/2013\/03\/th2.jpg\"><img loading=\"lazy\" decoding=\"async\" class=\"alignnone size-full wp-image-1509\" alt=\"th\" src=\"http:\/\/www.asahidojo.org\/sito\/wp-content\/uploads\/2013\/03\/th2.jpg\" width=\"300\" height=\"187\" \/><\/a><\/p>\n<p>\u00a0<span style=\"font-family: Times New Roman,serif;\"><span style=\"font-size: medium;\"><strong>&#8211;<\/strong> Le <b>KABUKI (<\/b><\/span><\/span><span style=\"font-family: Times New Roman,serif;\"><span style=\"font-size: medium;\"><b>\u6b4c\u821e\u4f0e<\/b><\/span><\/span><span style=\"font-family: Times New Roman,serif;\"><span style=\"font-size: medium;\"><b>) <\/b>est la forme \u00e9pique du th\u00e9\u00e2tre traditionnel japonais. Les trois id\u00e9ogrammes du mot signifient\u00a0: <b>KA <\/b>Chant <b>(<\/b><\/span><\/span><span style=\"font-family: Times New Roman,serif;\"><span style=\"font-size: medium;\"><b>\u6b4c<\/b><\/span><\/span><span style=\"font-family: Times New Roman,serif;\"><span style=\"font-size: medium;\"><b>)<\/b>, <b>BU <\/b>Danse <b>(<\/b><\/span><\/span><span style=\"font-family: Times New Roman,serif;\"><span style=\"font-size: medium;\"><b>\u821e<\/b><\/span><\/span><span style=\"font-family: Times New Roman,serif;\"><span style=\"font-size: medium;\"><b>)<\/b> et <b>KI<\/b> habilet\u00e9 technique <b>(<\/b><\/span><\/span><span style=\"font-family: Times New Roman,serif;\"><span style=\"font-size: medium;\"><b>\u4f0e<\/b><\/span><\/span><span style=\"font-family: Times New Roman,serif;\"><span style=\"font-size: medium;\"><b>)<\/b>.<\/span><\/span><\/p>\n<p style=\"text-align: center;\"><a href=\"http:\/\/www.asahidojo.org\/sito\/wp-content\/uploads\/2013\/03\/kabuki-actor.jpg\"><img loading=\"lazy\" decoding=\"async\" class=\"alignnone size-medium wp-image-1514\" alt=\"kabuki-actor\" src=\"http:\/\/www.asahidojo.org\/sito\/wp-content\/uploads\/2013\/03\/kabuki-actor-300x216.jpg\" width=\"300\" height=\"216\" srcset=\"https:\/\/www.asahidojo.org\/sito\/wp-content\/uploads\/2013\/03\/kabuki-actor-300x216.jpg 300w, https:\/\/www.asahidojo.org\/sito\/wp-content\/uploads\/2013\/03\/kabuki-actor.jpg 636w\" sizes=\"auto, (max-width: 300px) 100vw, 300px\" \/><\/a><\/p>\n<h3><span style=\"font-family: Times New Roman,serif;\"><span style=\"font-size: medium;\"><strong>&#8211;<\/strong> Le <b>BUNRAKU (<\/b><\/span><\/span><span style=\"font-family: Times New Roman,serif;\"><span style=\"font-size: medium;\"><b>\u6587\u697d<\/b><\/span><\/span><span style=\"font-family: Times New Roman,serif;\"><span style=\"font-size: medium;\"><b>) <\/b>est un type de th\u00e9\u00e2tre japonais datant du 17\u00b0 si\u00e8cle o\u00f9 les personnages sont repr\u00e9sent\u00e9s par des marionnettes de grande taille, manipul\u00e9es \u00e0 vue. Strictement parlant, le <b>BUNRAKU <\/b>s&rsquo;appelle d&rsquo;ailleurs <b>NINGYO JORURI (<\/b><\/span><\/span><span style=\"font-family: Times New Roman,serif;\"><span style=\"font-size: medium;\"><b>\u4eba\u5f62\u6d44\u7460\u7483<\/b><\/span><\/span><span style=\"font-family: Times New Roman,serif;\"><span style=\"font-size: medium;\"><b>)<\/b> <i><b>\u00ab<\/b><\/i>marionnettes et d\u00e9clamation\u00bb. <b>NINGYO (<\/b><\/span><\/span><span style=\"font-family: Times New Roman,serif;\"><span style=\"font-size: medium;\"><b>\u4eba\u5f62<\/b><\/span><\/span><span style=\"font-family: Times New Roman,serif;\"><span style=\"font-size: medium;\"><b>)<\/b> d\u00e9signe \u00e0 la fois la poup\u00e9e et la marionnette.<\/span><\/span><\/h3>\n<p style=\"text-align: center;\"><a href=\"http:\/\/www.asahidojo.org\/sito\/wp-content\/uploads\/2013\/03\/untitled.bmp\"><img loading=\"lazy\" decoding=\"async\" class=\"alignnone size-medium wp-image-1515\" alt=\"untitled\" src=\"http:\/\/www.asahidojo.org\/sito\/wp-content\/uploads\/2013\/03\/untitled.bmp\" width=\"205\" height=\"360\" \/><\/a><\/p>\n<p><span style=\"font-family: Times New Roman,serif;\"><strong>&#8211;<\/strong> Le <\/span><span style=\"font-family: Times New Roman,serif;\"><b>th\u00e9\u00e2tre NO<\/b><\/span><span style=\"font-family: Times New Roman,serif;\"> ou <\/span><span style=\"font-family: Times New Roman,serif;\"><b>NO <\/b><\/span><span style=\"font-family: Times New Roman,serif;\"><b>(<\/b><\/span><span style=\"font-family: Arial Unicode MS;\"><span style=\"font-family: Times New Roman,serif;\"><b>\u80fd<\/b><\/span><\/span><span style=\"font-family: Times New Roman,serif;\"><b>) <\/b><\/span><span style=\"font-family: Times New Roman,serif;\">est un des styles traditionnels de th\u00e9\u00e2tre venant d&rsquo;une conception religieuse et aristocratique de la vie. Le <\/span><span style=\"font-family: Times New Roman,serif;\"><b>NO<\/b><\/span><span style=\"font-family: Times New Roman,serif;\"> allie des chroniques en vers \u00e0 des pantomimes dans\u00e9es. Les acteurs arborent des costumes somptueux et des masques sp\u00e9cifiques. Le <\/span><span style=\"font-family: Times New Roman,serif;\"><b>NO <\/b><\/span><span style=\"font-family: Times New Roman,serif;\">peut \u00eatre d\u00e9fini comme un \u00abdrame lyrique\u00bb et son nom vient d&rsquo;un verbe signifiant \u00abpouvoir, \u00eatre puissant, capable de\u00bb &#8230; d&rsquo;o\u00f9, employ\u00e9 comme nom, il a le sens de \u00abpouvoir, facult\u00e9, talent\u00bb. <\/span><\/p>\n<p style=\"text-align: center;\"><a href=\"http:\/\/www.asahidojo.org\/sito\/wp-content\/uploads\/2013\/03\/734310820.jpg\"><img loading=\"lazy\" decoding=\"async\" class=\"alignnone size-medium wp-image-1587\" alt=\"734310820\" src=\"http:\/\/www.asahidojo.org\/sito\/wp-content\/uploads\/2013\/03\/734310820-300x220.jpg\" width=\"300\" height=\"220\" srcset=\"https:\/\/www.asahidojo.org\/sito\/wp-content\/uploads\/2013\/03\/734310820-300x220.jpg 300w, https:\/\/www.asahidojo.org\/sito\/wp-content\/uploads\/2013\/03\/734310820.jpg 400w\" sizes=\"auto, (max-width: 300px) 100vw, 300px\" \/><\/a><\/p>\n<h3><span style=\"font-family: Times New Roman,serif;\"><span style=\"font-size: medium;\"><strong>&#8211;<\/strong> Le <b>SHAMISEN (<\/b><\/span><\/span><span style=\"font-family: Times New Roman,serif;\"><span style=\"font-size: medium;\"><b>\u4e09\u5473\u7dda<\/b><\/span><\/span><span style=\"font-family: Times New Roman,serif;\"><span style=\"font-size: medium;\"><b>)<\/b> \u00abtrois cordes parfum\u00e9es\u00bb est un instrument de musique traditionnel \u00e0 cordes pinc\u00e9es, un luth \u00e0 long manche \u00e0 la touche lisse. On en joue agenouill\u00e9 et sa musique traditionnelle intercale au milieu de la m\u00e9lodie de longs silences qui donnent d&rsquo;autant plus de force aux notes.<\/span><\/span><\/h3>\n<p style=\"text-align: center;\"><a href=\"http:\/\/www.asahidojo.org\/sito\/wp-content\/uploads\/2013\/03\/shamisen.jpg\"><img loading=\"lazy\" decoding=\"async\" class=\"alignnone size-medium wp-image-1517\" alt=\"shamisen\" src=\"http:\/\/www.asahidojo.org\/sito\/wp-content\/uploads\/2013\/03\/shamisen-300x225.jpg\" width=\"300\" height=\"225\" srcset=\"https:\/\/www.asahidojo.org\/sito\/wp-content\/uploads\/2013\/03\/shamisen-300x225.jpg 300w, https:\/\/www.asahidojo.org\/sito\/wp-content\/uploads\/2013\/03\/shamisen-1024x768.jpg 1024w, https:\/\/www.asahidojo.org\/sito\/wp-content\/uploads\/2013\/03\/shamisen.jpg 1856w\" sizes=\"auto, (max-width: 300px) 100vw, 300px\" \/><\/a><\/p>\n<p><span style=\"font-family: Times New Roman,serif;\"><span style=\"font-size: medium;\"><strong>&#8211;<\/strong> Le <b>BIWA (<\/b><\/span><\/span><span style=\"font-family: Times New Roman,serif;\"><span style=\"font-size: medium;\"><b>\u7435\u7436<\/b><\/span><\/span><span style=\"font-family: Times New Roman,serif;\"><span style=\"font-size: medium;\"><b>) <\/b>est un luth \u00e0 manche court.<\/span><\/span><\/p>\n<p style=\"text-align: center;\"><a href=\"http:\/\/www.asahidojo.org\/sito\/wp-content\/uploads\/2013\/03\/Biwa.jpg\"><img loading=\"lazy\" decoding=\"async\" class=\"alignnone size-medium wp-image-1519\" alt=\"Biwa\" src=\"http:\/\/www.asahidojo.org\/sito\/wp-content\/uploads\/2013\/03\/Biwa-300x122.jpg\" width=\"300\" height=\"122\" srcset=\"https:\/\/www.asahidojo.org\/sito\/wp-content\/uploads\/2013\/03\/Biwa-300x122.jpg 300w, https:\/\/www.asahidojo.org\/sito\/wp-content\/uploads\/2013\/03\/Biwa.jpg 600w\" sizes=\"auto, (max-width: 300px) 100vw, 300px\" \/><\/a><\/p>\n<p>&nbsp;<\/p>\n<p>&nbsp;<\/p>\n<p>&nbsp;<\/p>\n<p>&nbsp;<\/p>\n","protected":false},"excerpt":{"rendered":"<p>&#8211; Le TAIKO (\u592a\u9f13) est le tambour japonais qui signifie litt\u00e9ralement : \u00abtambour le plus grand\u00bb mais les Japonais pr\u00e9f\u00e8rent utiliser le terme plus sp\u00e9cifique de WADAIKO (\u548c\u592a\u9f13) litt\u00e9ralement tambour japonais, associ\u00e9 depuis longtemps \u00e0 l&rsquo;histoire du Japon. Faire le &hellip; <a href=\"https:\/\/www.asahidojo.org\/sito\/?page_id=1507\">Continue reading <span class=\"meta-nav\">&rarr;<\/span><\/a><\/p>\n","protected":false},"author":1,"featured_media":0,"parent":950,"menu_order":0,"comment_status":"open","ping_status":"open","template":"","meta":{"footnotes":""},"class_list":["post-1507","page","type-page","status-publish","hentry"],"_links":{"self":[{"href":"https:\/\/www.asahidojo.org\/sito\/index.php?rest_route=\/wp\/v2\/pages\/1507","targetHints":{"allow":["GET"]}}],"collection":[{"href":"https:\/\/www.asahidojo.org\/sito\/index.php?rest_route=\/wp\/v2\/pages"}],"about":[{"href":"https:\/\/www.asahidojo.org\/sito\/index.php?rest_route=\/wp\/v2\/types\/page"}],"author":[{"embeddable":true,"href":"https:\/\/www.asahidojo.org\/sito\/index.php?rest_route=\/wp\/v2\/users\/1"}],"replies":[{"embeddable":true,"href":"https:\/\/www.asahidojo.org\/sito\/index.php?rest_route=%2Fwp%2Fv2%2Fcomments&post=1507"}],"version-history":[{"count":15,"href":"https:\/\/www.asahidojo.org\/sito\/index.php?rest_route=\/wp\/v2\/pages\/1507\/revisions"}],"predecessor-version":[{"id":1589,"href":"https:\/\/www.asahidojo.org\/sito\/index.php?rest_route=\/wp\/v2\/pages\/1507\/revisions\/1589"}],"up":[{"embeddable":true,"href":"https:\/\/www.asahidojo.org\/sito\/index.php?rest_route=\/wp\/v2\/pages\/950"}],"wp:attachment":[{"href":"https:\/\/www.asahidojo.org\/sito\/index.php?rest_route=%2Fwp%2Fv2%2Fmedia&parent=1507"}],"curies":[{"name":"wp","href":"https:\/\/api.w.org\/{rel}","templated":true}]}}