{"id":1465,"date":"2013-03-31T15:37:29","date_gmt":"2013-03-31T13:37:29","guid":{"rendered":"http:\/\/www.asahidojo.org\/sito\/?page_id=1465"},"modified":"2013-04-02T19:05:53","modified_gmt":"2013-04-02T17:05:53","slug":"le-sake","status":"publish","type":"page","link":"https:\/\/www.asahidojo.org\/sito\/?page_id=1465","title":{"rendered":"LE SAKE"},"content":{"rendered":"<p>Le <b>SAKE<\/b> d\u00e9signe une boisson alcoolis\u00e9e japonaise produite \u00e0 partir du riz <b>KOME<\/b> <b>(<\/b><span style=\"font-family: Arial Unicode MS;\"><b>\u7c73<\/b><\/span><b>) <\/b>par fermentation r\u00e9p\u00e9t\u00e9e, titrant de 14 \u00e0 17\u00b0.<\/p>\n<p style=\"text-align: center;\"><a href=\"http:\/\/www.asahidojo.org\/sito\/wp-content\/uploads\/2013\/03\/hakutsuru-sake-japonais.jpg\"><img loading=\"lazy\" decoding=\"async\" class=\"size-medium wp-image-1466 alignleft\" alt=\"hakutsuru-sake-japonais\" src=\"http:\/\/www.asahidojo.org\/sito\/wp-content\/uploads\/2013\/03\/hakutsuru-sake-japonais-300x240.jpg\" width=\"300\" height=\"240\" srcset=\"https:\/\/www.asahidojo.org\/sito\/wp-content\/uploads\/2013\/03\/hakutsuru-sake-japonais-300x240.jpg 300w, https:\/\/www.asahidojo.org\/sito\/wp-content\/uploads\/2013\/03\/hakutsuru-sake-japonais.jpg 500w\" sizes=\"auto, (max-width: 300px) 100vw, 300px\" \/><\/a><\/p>\n<p>Bien que ce m\u00eame terme <b>SAKE<\/b> <b>(<\/b><span style=\"font-family: Arial Unicode MS;\"><b>\u9152<\/b><\/span><b>)<\/b><b> <\/b> ou <b>O SAKE (<\/b><span style=\"font-family: Arial Unicode MS;\"><b>\u304a\u9152<\/b><\/span><b>)<\/b><b> <\/b>d\u00e9signe cette boisson, son sens peut s&rsquo;\u00e9tendre selon le contexte \u00e0 toute boisson alcoolis\u00e9e, aussi les Japonais utilisent-ils parfois le terme <b>NIHONSHU (<\/b><span style=\"font-family: Arial Unicode MS;\"><b>\u65e5\u672c\u9152<\/b><\/span><b>)<\/b>, litt\u00e9ralement \u00abalcool japonais\u00bb, pour \u00eatre plus sp\u00e9cifique.<\/p>\n<p><a href=\"http:\/\/www.asahidojo.org\/sito\/wp-content\/uploads\/2013\/03\/sake.gif\"><img loading=\"lazy\" decoding=\"async\" class=\"size-medium wp-image-1471 alignleft\" alt=\"sake\" src=\"http:\/\/www.asahidojo.org\/sito\/wp-content\/uploads\/2013\/03\/sake-300x300.gif\" width=\"300\" height=\"300\" srcset=\"https:\/\/www.asahidojo.org\/sito\/wp-content\/uploads\/2013\/03\/sake-300x300.gif 300w, https:\/\/www.asahidojo.org\/sito\/wp-content\/uploads\/2013\/03\/sake-150x150.gif 150w\" sizes=\"auto, (max-width: 300px) 100vw, 300px\" \/><\/a><\/p>\n<p>&nbsp;<\/p>\n<p><a href=\"http:\/\/www.asahidojo.org\/sito\/wp-content\/uploads\/2013\/03\/300px-Sake_barrels.jpg\"><img loading=\"lazy\" decoding=\"async\" class=\"alignnone size-full wp-image-1472\" alt=\"300px-Sake_barrels\" src=\"http:\/\/www.asahidojo.org\/sito\/wp-content\/uploads\/2013\/03\/300px-Sake_barrels.jpg\" width=\"300\" height=\"225\" \/><\/a><\/p>\n<p>&nbsp;<\/p>\n<p>Il peut \u00eatre consomm\u00e9 froid ou chaud, selon la qualit\u00e9 du produit.<\/p>\n<p>Par exemple, le<b> HITOHADA (<\/b><span style=\"font-family: Arial Unicode MS;\"><b>\u4eba\u808c<\/b><\/span><b>)<\/b> litt\u00e9ralement \u00abpeau humaine\u00bb, est chauff\u00e9 \u00e0 temp\u00e9rature du corps, soit 36-37\u00b0C.<\/p>\n<p>Le <strong>SAKE<\/strong> esr servi\u00a0 avec un <b>SHUKI<\/b><strong> (\u9152\u5668)\u00a0 <\/strong>qui est est un service sp\u00e9cial.<\/p>\n<p style=\"text-align: center;\"><a href=\"http:\/\/www.asahidojo.org\/sito\/wp-content\/uploads\/2013\/03\/SERVICE-SAKE-CERISIER-300x300.jpg\"><img loading=\"lazy\" decoding=\"async\" class=\"alignnone size-full wp-image-1468\" alt=\"SERVICE-SAKE-CERISIER-300x300\" src=\"http:\/\/www.asahidojo.org\/sito\/wp-content\/uploads\/2013\/03\/SERVICE-SAKE-CERISIER-300x300.jpg\" width=\"300\" height=\"300\" srcset=\"https:\/\/www.asahidojo.org\/sito\/wp-content\/uploads\/2013\/03\/SERVICE-SAKE-CERISIER-300x300.jpg 300w, https:\/\/www.asahidojo.org\/sito\/wp-content\/uploads\/2013\/03\/SERVICE-SAKE-CERISIER-300x300-150x150.jpg 150w\" sizes=\"auto, (max-width: 300px) 100vw, 300px\" \/><\/a><\/p>\n<p style=\"text-align: center;\">\u00e0 la votre !!! <span style=\"color: #800000;\"><strong>KANPAI !!! <span lang=\"ja\">\u3042\u306a\u305f\u306b<\/span><br \/>\n<\/strong><\/span><\/p>\n","protected":false},"excerpt":{"rendered":"<p>Le SAKE d\u00e9signe une boisson alcoolis\u00e9e japonaise produite \u00e0 partir du riz KOME (\u7c73) par fermentation r\u00e9p\u00e9t\u00e9e, titrant de 14 \u00e0 17\u00b0. Bien que ce m\u00eame terme SAKE (\u9152) ou O SAKE (\u304a\u9152) d\u00e9signe cette boisson, son sens peut s&rsquo;\u00e9tendre &hellip; <a href=\"https:\/\/www.asahidojo.org\/sito\/?page_id=1465\">Continue reading <span class=\"meta-nav\">&rarr;<\/span><\/a><\/p>\n","protected":false},"author":1,"featured_media":0,"parent":950,"menu_order":0,"comment_status":"open","ping_status":"open","template":"","meta":{"footnotes":""},"class_list":["post-1465","page","type-page","status-publish","hentry"],"_links":{"self":[{"href":"https:\/\/www.asahidojo.org\/sito\/index.php?rest_route=\/wp\/v2\/pages\/1465","targetHints":{"allow":["GET"]}}],"collection":[{"href":"https:\/\/www.asahidojo.org\/sito\/index.php?rest_route=\/wp\/v2\/pages"}],"about":[{"href":"https:\/\/www.asahidojo.org\/sito\/index.php?rest_route=\/wp\/v2\/types\/page"}],"author":[{"embeddable":true,"href":"https:\/\/www.asahidojo.org\/sito\/index.php?rest_route=\/wp\/v2\/users\/1"}],"replies":[{"embeddable":true,"href":"https:\/\/www.asahidojo.org\/sito\/index.php?rest_route=%2Fwp%2Fv2%2Fcomments&post=1465"}],"version-history":[{"count":6,"href":"https:\/\/www.asahidojo.org\/sito\/index.php?rest_route=\/wp\/v2\/pages\/1465\/revisions"}],"predecessor-version":[{"id":1905,"href":"https:\/\/www.asahidojo.org\/sito\/index.php?rest_route=\/wp\/v2\/pages\/1465\/revisions\/1905"}],"up":[{"embeddable":true,"href":"https:\/\/www.asahidojo.org\/sito\/index.php?rest_route=\/wp\/v2\/pages\/950"}],"wp:attachment":[{"href":"https:\/\/www.asahidojo.org\/sito\/index.php?rest_route=%2Fwp%2Fv2%2Fmedia&parent=1465"}],"curies":[{"name":"wp","href":"https:\/\/api.w.org\/{rel}","templated":true}]}}