{"id":1456,"date":"2013-03-31T15:12:43","date_gmt":"2013-03-31T13:12:43","guid":{"rendered":"http:\/\/www.asahidojo.org\/sito\/?page_id=1456"},"modified":"2013-03-31T15:13:50","modified_gmt":"2013-03-31T13:13:50","slug":"le-bonsai","status":"publish","type":"page","link":"https:\/\/www.asahidojo.org\/sito\/?page_id=1456","title":{"rendered":"LE BONSAI"},"content":{"rendered":"<p style=\"text-align: left;\">Un <b>BONSAI <\/b>du japonais <b>(<\/b><span style=\"font-family: Arial Unicode MS;\"><b>\u76c6\u683d<\/b><\/span><b>)<\/b> <strong><i>bonsai<\/i><\/strong>, est d\u00e9riv\u00e9 du chinois <span style=\"font-family: Arial Unicode MS;\"><b>\u76c6\u683d<\/b><b> <\/b><\/span><i><b>p\u00e9nz\u0101i<\/b><\/i>, qui signifie \u00abplanter, prendre soin de plantes dans un pot\u00bb.<\/p>\n<p style=\"text-align: center;\"><a href=\"http:\/\/www.asahidojo.org\/sito\/wp-content\/uploads\/2013\/03\/bonsai.jpg\"><img loading=\"lazy\" decoding=\"async\" class=\"alignnone size-full wp-image-1461\" alt=\"bonsai\" src=\"http:\/\/www.asahidojo.org\/sito\/wp-content\/uploads\/2013\/03\/bonsai.jpg\" width=\"117\" height=\"222\" \/><\/a><\/p>\n<p style=\"text-align: center;\"><a href=\"http:\/\/www.asahidojo.org\/sito\/wp-content\/uploads\/2013\/03\/dan_barton_gallery_sumo.jpg\"><img loading=\"lazy\" decoding=\"async\" class=\"alignnone size-medium wp-image-1457\" alt=\"dan_barton_gallery_sumo\" src=\"http:\/\/www.asahidojo.org\/sito\/wp-content\/uploads\/2013\/03\/dan_barton_gallery_sumo-273x300.jpg\" width=\"273\" height=\"300\" srcset=\"https:\/\/www.asahidojo.org\/sito\/wp-content\/uploads\/2013\/03\/dan_barton_gallery_sumo-273x300.jpg 273w, https:\/\/www.asahidojo.org\/sito\/wp-content\/uploads\/2013\/03\/dan_barton_gallery_sumo.jpg 656w\" sizes=\"auto, (max-width: 273px) 100vw, 273px\" \/><\/a><\/p>\n<p>Ce mot signifie litt\u00e9ralement une plante (g\u00e9n\u00e9ralement un arbre ou un arbuste) cultiv\u00e9e sur un plateau ou dans un pot <b>(<\/b><span style=\"font-family: Arial Unicode MS;\"><b>\u76c6<\/b><\/span><b>) <\/b><b>BON<\/b> signifiant coupe ou plateau et <b>(<\/b><span style=\"font-family: Arial Unicode MS;\"><b>\u683d<\/b><\/span><b>) <\/b><b>SAI <\/b>, plante).<\/p>\n<p>Il existe maintes formes et styles de <strong>BONSAI <\/strong><\/p>\n<p style=\"text-align: center;\"><a href=\"http:\/\/www.asahidojo.org\/sito\/wp-content\/uploads\/2013\/03\/Bonsai-style.jpg\"><img loading=\"lazy\" decoding=\"async\" class=\"alignnone size-medium wp-image-1462\" alt=\"Bonsai-style\" src=\"http:\/\/www.asahidojo.org\/sito\/wp-content\/uploads\/2013\/03\/Bonsai-style-300x198.jpg\" width=\"300\" height=\"198\" srcset=\"https:\/\/www.asahidojo.org\/sito\/wp-content\/uploads\/2013\/03\/Bonsai-style-300x198.jpg 300w, https:\/\/www.asahidojo.org\/sito\/wp-content\/uploads\/2013\/03\/Bonsai-style.jpg 453w\" sizes=\"auto, (max-width: 300px) 100vw, 300px\" \/><\/a><\/p>\n<p>Cet arbre est miniaturis\u00e9 par des techniques de taille particuli\u00e8res, et en ligaturant les branches. On le rempote r\u00e9guli\u00e8rement afin de tailler ses racines internes ainsi que celles qui joignent la surface du pot afin d&rsquo;en faire une \u0153uvre d&rsquo;art esth\u00e9tique ressemblant \u00e0 l&rsquo;arbre dans la nature.<\/p>\n<p style=\"text-align: center;\"><a href=\"http:\/\/www.asahidojo.org\/sito\/wp-content\/uploads\/2013\/03\/IMGP0929.jpg\"><img loading=\"lazy\" decoding=\"async\" class=\"alignnone size-medium wp-image-1458 pjjcxysrnmylcqxqjild\" alt=\"IMGP0929\" src=\"http:\/\/www.asahidojo.org\/sito\/wp-content\/uploads\/2013\/03\/IMGP0929-300x250.jpg\" width=\"300\" height=\"250\" \/><\/a><a href=\"http:\/\/www.asahidojo.org\/sito\/wp-content\/uploads\/2013\/03\/IMGP0930.jpg\"><img loading=\"lazy\" decoding=\"async\" class=\"alignnone size-medium wp-image-1460\" alt=\"IMGP0930\" src=\"http:\/\/www.asahidojo.org\/sito\/wp-content\/uploads\/2013\/03\/IMGP0930-300x276.jpg\" width=\"300\" height=\"276\" srcset=\"https:\/\/www.asahidojo.org\/sito\/wp-content\/uploads\/2013\/03\/IMGP0930-300x276.jpg 300w, https:\/\/www.asahidojo.org\/sito\/wp-content\/uploads\/2013\/03\/IMGP0930-1024x942.jpg 1024w\" sizes=\"auto, (max-width: 300px) 100vw, 300px\" \/><\/a><\/p>\n","protected":false},"excerpt":{"rendered":"<p>Un BONSAI du japonais (\u76c6\u683d) bonsai, est d\u00e9riv\u00e9 du chinois \u76c6\u683d p\u00e9nz\u0101i, qui signifie \u00abplanter, prendre soin de plantes dans un pot\u00bb. Ce mot signifie litt\u00e9ralement une plante (g\u00e9n\u00e9ralement un arbre ou un arbuste) cultiv\u00e9e sur un plateau ou dans &hellip; <a href=\"https:\/\/www.asahidojo.org\/sito\/?page_id=1456\">Continue reading <span class=\"meta-nav\">&rarr;<\/span><\/a><\/p>\n","protected":false},"author":1,"featured_media":0,"parent":950,"menu_order":0,"comment_status":"open","ping_status":"open","template":"","meta":{"footnotes":""},"class_list":["post-1456","page","type-page","status-publish","hentry"],"_links":{"self":[{"href":"https:\/\/www.asahidojo.org\/sito\/index.php?rest_route=\/wp\/v2\/pages\/1456","targetHints":{"allow":["GET"]}}],"collection":[{"href":"https:\/\/www.asahidojo.org\/sito\/index.php?rest_route=\/wp\/v2\/pages"}],"about":[{"href":"https:\/\/www.asahidojo.org\/sito\/index.php?rest_route=\/wp\/v2\/types\/page"}],"author":[{"embeddable":true,"href":"https:\/\/www.asahidojo.org\/sito\/index.php?rest_route=\/wp\/v2\/users\/1"}],"replies":[{"embeddable":true,"href":"https:\/\/www.asahidojo.org\/sito\/index.php?rest_route=%2Fwp%2Fv2%2Fcomments&post=1456"}],"version-history":[{"count":2,"href":"https:\/\/www.asahidojo.org\/sito\/index.php?rest_route=\/wp\/v2\/pages\/1456\/revisions"}],"predecessor-version":[{"id":1464,"href":"https:\/\/www.asahidojo.org\/sito\/index.php?rest_route=\/wp\/v2\/pages\/1456\/revisions\/1464"}],"up":[{"embeddable":true,"href":"https:\/\/www.asahidojo.org\/sito\/index.php?rest_route=\/wp\/v2\/pages\/950"}],"wp:attachment":[{"href":"https:\/\/www.asahidojo.org\/sito\/index.php?rest_route=%2Fwp%2Fv2%2Fmedia&parent=1456"}],"curies":[{"name":"wp","href":"https:\/\/api.w.org\/{rel}","templated":true}]}}