{"id":137,"date":"2013-03-14T10:57:50","date_gmt":"2013-03-14T09:57:50","guid":{"rendered":"http:\/\/www.asahidojo.org\/sito\/?page_id=137"},"modified":"2021-04-03T14:39:46","modified_gmt":"2021-04-03T12:39:46","slug":"news-2","status":"publish","type":"page","link":"https:\/\/www.asahidojo.org\/sito\/?page_id=137","title":{"rendered":"RENSEIGNEMENTS"},"content":{"rendered":"<h3><strong>Merci d&rsquo;avoir visit\u00e9 notre modeste site !!!!<\/strong><\/h3>\n<p style=\"text-align: center;\"><a href=\"http:\/\/www.asahidojo.org\/sito\/wp-content\/uploads\/2013\/03\/534171_2898590323775_1830920626_1722273_447229152_n1.jpg\"><img loading=\"lazy\" decoding=\"async\" class=\"alignnone  wp-image-1138\" src=\"http:\/\/www.asahidojo.org\/sito\/wp-content\/uploads\/2013\/03\/534171_2898590323775_1830920626_1722273_447229152_n1.jpg\" alt=\"534171_2898590323775_1830920626_1722273_447229152_n1\" width=\"403\" height=\"267\" \/><\/a><\/p>\n<h2 style=\"text-align: center;\"><a href=\"http:\/\/www.asahidojo.org\/sito\/wp-content\/uploads\/2013\/03\/A.D.I.A-HORIZONTAL1.jpg\"><img loading=\"lazy\" decoding=\"async\" class=\"alignnone size-full wp-image-1135\" src=\"http:\/\/www.asahidojo.org\/sito\/wp-content\/uploads\/2013\/03\/A.D.I.A-HORIZONTAL1.jpg\" alt=\"A.D.I.A-HORIZONTAL\" width=\"300\" height=\"44\" \/><\/a><\/h2>\n<h3 style=\"text-align: center;\">Si vous souhaitez\u00a0tous types de\u00a0renseignements (affiliations, s\u00e9minaires &#8230;. )<\/h3>\n<h3 style=\"text-align: center;\">n&rsquo;h\u00e9sitez pas \u00e0 me contacter sur mon e.mail &#8230; Merci d&rsquo;avance !!!<\/h3>\n<h2 style=\"text-align: center;\"><span style=\"color: #ff0000;\"><strong>dan_blanchet@hotmail.com<\/strong><\/span><\/h2>\n<h3 style=\"text-align: center;\">\u00a0 <strong>et bienvenue dans notre famille !!!!<\/strong><\/h3>\n<h2 style=\"text-align: center;\"><span style=\"color: #ff0000;\"><strong><span style=\"color: #800000;\">Honneur et Respect<\/span> <\/strong><\/span><\/h2>\n<h1 style=\"text-align: center;\"><img loading=\"lazy\" decoding=\"async\" class=\"aligncenter\" src=\"http:\/\/www.asahidojo.org\/sito\/wp-content\/uploads\/2021\/04\/RESPECT-1.jpg\" alt=\"L\u2019attribut alt de cette image est vide, son nom de fichier est RESPECT-1.jpg.\" width=\"429\" height=\"303\" \/><span style=\"color: #ff0000;\"><strong>PASSEPORTS BUDO<\/strong><\/span><\/h1>\n<h3 style=\"text-align: center;\">pour les adultes\u00a0<\/h3>\n\n\n<div class=\"wp-block-image\"><figure class=\"aligncenter is-resized\"><img loading=\"lazy\" decoding=\"async\" src=\"http:\/\/www.asahidojo.org\/sito\/wp-content\/uploads\/2019\/02\/BUDOPASS-1024x914.jpg\" alt=\"\" class=\"wp-image-3135\" width=\"365\" height=\"326\" srcset=\"https:\/\/www.asahidojo.org\/sito\/wp-content\/uploads\/2019\/02\/BUDOPASS-1024x914.jpg 1024w, https:\/\/www.asahidojo.org\/sito\/wp-content\/uploads\/2019\/02\/BUDOPASS-300x268.jpg 300w, https:\/\/www.asahidojo.org\/sito\/wp-content\/uploads\/2019\/02\/BUDOPASS-768x685.jpg 768w\" sizes=\"auto, (max-width: 365px) 100vw, 365px\" \/><\/figure><\/div>\n\n\n\n<p class=\"has-text-align-center has-medium-font-size\"><strong>pour les Juniors<\/strong><\/p>\n\n\n\n<div class=\"wp-block-image\"><figure class=\"aligncenter is-resized\"><img loading=\"lazy\" decoding=\"async\" src=\"http:\/\/www.asahidojo.org\/sito\/wp-content\/uploads\/2019\/02\/JUNIOR.png\" alt=\"\" class=\"wp-image-3136\" width=\"362\" height=\"510\" srcset=\"https:\/\/www.asahidojo.org\/sito\/wp-content\/uploads\/2019\/02\/JUNIOR.png 564w, https:\/\/www.asahidojo.org\/sito\/wp-content\/uploads\/2019\/02\/JUNIOR-213x300.png 213w\" sizes=\"auto, (max-width: 362px) 100vw, 362px\" \/><\/figure><\/div>\n\n\n\n<div class=\"wp-block-image\"><figure class=\"aligncenter is-resized\"><img loading=\"lazy\" decoding=\"async\" src=\"http:\/\/www.asahidojo.org\/sito\/wp-content\/uploads\/2019\/02\/25-1024x563.png\" alt=\"\" class=\"wp-image-3151\" width=\"382\" height=\"209\" srcset=\"https:\/\/www.asahidojo.org\/sito\/wp-content\/uploads\/2019\/02\/25-1024x563.png 1024w, https:\/\/www.asahidojo.org\/sito\/wp-content\/uploads\/2019\/02\/25-300x165.png 300w, https:\/\/www.asahidojo.org\/sito\/wp-content\/uploads\/2019\/02\/25-768x423.png 768w, https:\/\/www.asahidojo.org\/sito\/wp-content\/uploads\/2019\/02\/25.png 1632w\" sizes=\"auto, (max-width: 382px) 100vw, 382px\" \/><\/figure><\/div>\n","protected":false},"excerpt":{"rendered":"<p>Merci d&rsquo;avoir visit\u00e9 notre modeste site !!!! Si vous souhaitez\u00a0tous types de\u00a0renseignements (affiliations, s\u00e9minaires &#8230;. ) n&rsquo;h\u00e9sitez pas \u00e0 me contacter sur mon e.mail &#8230; Merci d&rsquo;avance !!! dan_blanchet@hotmail.com \u00a0 et bienvenue dans notre famille !!!! Honneur et Respect PASSEPORTS &hellip; <a href=\"https:\/\/www.asahidojo.org\/sito\/?page_id=137\">Continue reading <span class=\"meta-nav\">&rarr;<\/span><\/a><\/p>\n","protected":false},"author":1,"featured_media":0,"parent":932,"menu_order":0,"comment_status":"open","ping_status":"open","template":"","meta":{"footnotes":""},"class_list":["post-137","page","type-page","status-publish","hentry"],"_links":{"self":[{"href":"https:\/\/www.asahidojo.org\/sito\/index.php?rest_route=\/wp\/v2\/pages\/137","targetHints":{"allow":["GET"]}}],"collection":[{"href":"https:\/\/www.asahidojo.org\/sito\/index.php?rest_route=\/wp\/v2\/pages"}],"about":[{"href":"https:\/\/www.asahidojo.org\/sito\/index.php?rest_route=\/wp\/v2\/types\/page"}],"author":[{"embeddable":true,"href":"https:\/\/www.asahidojo.org\/sito\/index.php?rest_route=\/wp\/v2\/users\/1"}],"replies":[{"embeddable":true,"href":"https:\/\/www.asahidojo.org\/sito\/index.php?rest_route=%2Fwp%2Fv2%2Fcomments&post=137"}],"version-history":[{"count":23,"href":"https:\/\/www.asahidojo.org\/sito\/index.php?rest_route=\/wp\/v2\/pages\/137\/revisions"}],"predecessor-version":[{"id":3298,"href":"https:\/\/www.asahidojo.org\/sito\/index.php?rest_route=\/wp\/v2\/pages\/137\/revisions\/3298"}],"up":[{"embeddable":true,"href":"https:\/\/www.asahidojo.org\/sito\/index.php?rest_route=\/wp\/v2\/pages\/932"}],"wp:attachment":[{"href":"https:\/\/www.asahidojo.org\/sito\/index.php?rest_route=%2Fwp%2Fv2%2Fmedia&parent=137"}],"curies":[{"name":"wp","href":"https:\/\/api.w.org\/{rel}","templated":true}]}}